{"id":291993,"date":"2025-12-01T16:40:10","date_gmt":"2025-12-01T15:40:10","guid":{"rendered":"https:\/\/www.kalani-home.com\/?post_type=product&#038;p=291993"},"modified":"2025-12-20T15:52:22","modified_gmt":"2025-12-20T14:52:22","slug":"set-van-3-kussensprays","status":"publish","type":"product","link":"https:\/\/www.kalani-home.com\/nl\/winkel\/set-van-3-kussensprays\/","title":{"rendered":"Set van 3 kussensprays"},"content":{"rendered":"<p>De set kussensprays brengt onze drie werelden samen om elk moment van de avond te begeleiden: welzijn, slaap en sensualiteit.<br \/>\n<strong>Sacred Balance<\/strong> helpt de geest te kalmeren en stress te verminderen dankzij de ontspannende bloemige geur op basis van palmarosa en roosgeranium.<br \/>\n<strong>Sweet Dreams<\/strong> bevordert het inslapen en een diepe, herstellende slaap met zijn zachte en frisse noten van lavendel, mandarijn en sinaasappel.<br \/>\n<strong>Silken Desire<\/strong> prikkelt de zintuigen en cre\u00ebert een intieme sfeer dankzij zijn licht gourmand bloemige geur, een zachte mix van ylang-ylang, bergamot en palissanderhout.<\/p>\n<p>Onze 100% natuurlijke kussensprays zijn het resultaat van een samenwerking tussen Kalani en Re.sentir. Ze worden ambachtelijk vervaardigd in Belgi\u00eb met biologische essenti\u00eble oli\u00ebn uit Grasse (Frankrijk) en combineren natuurlijkheid met verfijning.<\/p>\n<p><strong>Samenstelling:<\/strong><\/p>\n<p><strong><em>Sweet Dreams<\/em><\/strong><\/p>\n<p><em>Ingredi\u00ebnten:<\/em> Alcohol, Citrus Aurantium Dulcis Flower Water, Lavandula Angustifolia Oil, Citrus Reticulata Peel Oil, Citrus Sinensis Peel Oil.<\/p>\n<p><em>Bevat:<\/em> Citral, Citronellol, Carvone, Coumarin, Geraniol, Limonene, Linalol, Alpha-Terpinene, Beta-Caryophyllene, Camphor, Geranyl Acetate, Linalyl Acetate, Pinene, Lavandula Augustifolia Oil, Citrus Aurantium Amara Peel Oil.<\/p>\n<p><strong><em>Sacred Balance<\/em><\/strong><\/p>\n<p><em>Ingredi\u00ebnten:<\/em> Alcohol, Pelargonium Graveolens Flower Oil, Cymbopogon Martini Oil.<\/p>\n<p><em>Bevat:<\/em> Citral, Citronellol, Geraniol, Limonene, Linalol, Beta-Caryophyllene, Geranyl Acetate, Pinene, Farnesol, Pelargonium Graveolens Flower Oil.<\/p>\n<p><strong><em>Silken Desire<\/em><\/strong><\/p>\n<p><em>Ingredi\u00ebnten:<\/em> Alcohol, Aniba Rosaeodora Wood Oil, Cananga Odorata Flower Oil, Citrus Aurantium Bergamia Fruit Oil.<\/p>\n<p><em>Bevat:<\/em> Citral, Citronellol, Benzyl Benzoate, Geraniol, Limonene, Linalol, Farnesol, (Iso)Eugenol, Terpinolene, Furocoumarin Natural, Bergapten Natural, Myrcene, Alpha-Pinene, Citronnellal, Bergamot Oil Exp., Benzyl Alcohol, Benzyl Benzoate, Benzyl Cinnamate, Benzyl Salicylate, Cinnamal, Cinnamyl Alcohol, Ylang-Ylang Extract.<\/p>\n<p><strong><em>Opmerking:<\/em><\/strong> Door hun 100% natuurlijke samenstelling kunnen de sprays een lichte neerslag bevatten. Dit is volkomen normaal en heeft geen enkele invloed op de kwaliteit van het product.<\/p>\n<p><strong>Gebruiksadvies en voorzorgsmaatregelen:<\/strong><\/p>\n<ul>\n<li>Voor gebruik schudden.<\/li>\n<li>1 tot 3 keer verstuiven op 30 cm van het kussen of in de lucht.<\/li>\n<li>Niet op de huid verstuiven.<\/li>\n<li>Niet verstuiven op delicate oppervlakken (leer, hout, natuursteen\u2026).<\/li>\n<li>Buiten het bereik van kinderen houden.<\/li>\n<li>Niet gebruiken tijdens de zwangerschap of borstvoeding.<\/li>\n<li>Bewaren uit de buurt van warmte en licht.<\/li>\n<\/ul>\n","protected":false},"excerpt":{"rendered":"<p>Set van drie kussensprays voor slaap (Sweet Dreams), ontspanning (Sacred Balance) en sensualiteit (Silken Desire). Drie complementaire werelden om elk avondritueel om te toveren tot een moment van pure zachtheid.<\/p>\n","protected":false},"featured_media":292163,"comment_status":"open","ping_status":"closed","template":"","meta":{"_acf_changed":false},"product_brand":[],"product_cat":[3047,3735,1423,3741,3720,3820,3729,3732,3723,3738,3717],"product_tag":[],"class_list":{"0":"post-291993","1":"product","2":"type-product","3":"status-publish","4":"has-post-thumbnail","6":"product_cat-accessoires","7":"product_cat-behagen-nl","8":"product_cat-cadeau-ideeen-nl","9":"product_cat-huwelijk-nl","10":"product_cat-kerstmis-nl","11":"product_cat-kussenspray-nl","12":"product_cat-lage-prijs-nl","13":"product_cat-moederdag-nl","14":"product_cat-vaderdag-nl","15":"product_cat-valentijnsdag-nl","16":"product_cat-verjaardag-nl","17":"pa_origin-belgie","18":"pa_size-50ml-nl","20":"first","21":"instock","22":"taxable","23":"shipping-taxable","24":"purchasable","25":"product-type-variable","26":"has-default-attributes"},"acf":[],"_links":{"self":[{"href":"https:\/\/www.kalani-home.com\/nl\/wp-json\/wp\/v2\/product\/291993","targetHints":{"allow":["GET"]}}],"collection":[{"href":"https:\/\/www.kalani-home.com\/nl\/wp-json\/wp\/v2\/product"}],"about":[{"href":"https:\/\/www.kalani-home.com\/nl\/wp-json\/wp\/v2\/types\/product"}],"replies":[{"embeddable":true,"href":"https:\/\/www.kalani-home.com\/nl\/wp-json\/wp\/v2\/comments?post=291993"}],"wp:featuredmedia":[{"embeddable":true,"href":"https:\/\/www.kalani-home.com\/nl\/wp-json\/wp\/v2\/media\/292163"}],"wp:attachment":[{"href":"https:\/\/www.kalani-home.com\/nl\/wp-json\/wp\/v2\/media?parent=291993"}],"wp:term":[{"taxonomy":"product_brand","embeddable":true,"href":"https:\/\/www.kalani-home.com\/nl\/wp-json\/wp\/v2\/product_brand?post=291993"},{"taxonomy":"product_cat","embeddable":true,"href":"https:\/\/www.kalani-home.com\/nl\/wp-json\/wp\/v2\/product_cat?post=291993"},{"taxonomy":"product_tag","embeddable":true,"href":"https:\/\/www.kalani-home.com\/nl\/wp-json\/wp\/v2\/product_tag?post=291993"}],"curies":[{"name":"wp","href":"https:\/\/api.w.org\/{rel}","templated":true}]}}