{"id":291982,"date":"2025-12-01T16:24:37","date_gmt":"2025-12-01T15:24:37","guid":{"rendered":"https:\/\/www.kalani-home.com\/?post_type=product&#038;p=291982"},"modified":"2026-01-11T20:20:58","modified_gmt":"2026-01-11T19:20:58","slug":"sensualiteits-kussenspray-silken-desire","status":"publish","type":"product","link":"https:\/\/www.kalani-home.com\/nl\/winkel\/sensualiteits-kussenspray-silken-desire\/","title":{"rendered":"Sensualiteits-kussenspray &#8211; Silken Desire"},"content":{"rendered":"<p>Deze 100% natuurlijke kussenspray met biologische essenti\u00eble oli\u00ebn van ylang-ylang, bergamot en palissanderhout is perfect om intieme en sensuele momenten te cre\u00ebren bij het slapengaan.<\/p>\n<p>Onze kussensprays zijn het resultaat van een samenwerking tussen Kalani en Re.sentir. Ze worden ambachtelijk in Belgi\u00eb gemaakt met biologische etherische oli\u00ebn, met oog voor kwaliteit, natuurlijkheid en welzijn.<\/p>\n<p><strong>Samenstelling:<\/strong><\/p>\n<p><strong><em>Ingredi\u00ebnten:<\/em><\/strong> Alcohol, Aniba Rosaeodora Wood Oil, Cananga Odorata Flower Oil, Citrus Aurantium Bergamia Fruit Oil.<\/p>\n<p><strong><em>Bevat:<\/em><\/strong> Citral, Citronellol, Benzyl Benzoate, Geraniol, Limonene, Linalol, Farnesol, (Iso)Eugenol, Terpinolene, Furocoumarin Natural, Bergapten Natural, Myrcene, Alpha-Pinene, Citronnellal, Bergamot Oil Exp., Benzyl Alcohol, Benzyl Benzoate, Benzyl Cinnamate, Benzyl Salicylate, Cinnamal, Cinnamyl Alcohol, Ylang-Ylang Extract.<\/p>\n<p><strong><em>Opmerking:<\/em><\/strong> Door hun 100% natuurlijke samenstelling kunnen de sprays een lichte neerslag bevatten. Dit is volkomen normaal en heeft geen enkele invloed op de kwaliteit van het product.<\/p>\n<p><strong>Gebruiksadvies en voorzorgsmaatregelen:<\/strong><\/p>\n<ul>\n<li>Voor gebruik schudden.<\/li>\n<li>1 tot 3 keer verstuiven op 30 cm van het kussen of in de lucht.<\/li>\n<li>Niet op de huid verstuiven.<\/li>\n<li>Niet verstuiven op delicate oppervlakken (leer, hout, natuursteen\u2026).<\/li>\n<li>Buiten het bereik van kinderen houden.<\/li>\n<li>Niet gebruiken tijdens de zwangerschap of borstvoeding.<\/li>\n<li>Bewaren uit de buurt van warmte en licht.<\/li>\n<\/ul>\n","protected":false},"excerpt":{"rendered":"<p>Kussenspray met een verfijnde bloemig-gourmande geur die op subtiele wijze de zintuigen prikkelt.<\/p>\n","protected":false},"featured_media":292133,"comment_status":"open","ping_status":"closed","template":"","meta":{"_acf_changed":false},"product_brand":[],"product_cat":[3047,3735,1423,3741,3720,3820,3729,3732,3723,3738,3717],"product_tag":[],"class_list":{"0":"post-291982","1":"product","2":"type-product","3":"status-publish","4":"has-post-thumbnail","6":"product_cat-accessoires","7":"product_cat-behagen-nl","8":"product_cat-cadeau-ideeen-nl","9":"product_cat-huwelijk-nl","10":"product_cat-kerstmis-nl","11":"product_cat-kussenspray-nl","12":"product_cat-lage-prijs-nl","13":"product_cat-moederdag-nl","14":"product_cat-vaderdag-nl","15":"product_cat-valentijnsdag-nl","16":"product_cat-verjaardag-nl","17":"pa_origin-belgie","18":"pa_size-50ml-nl","20":"first","21":"instock","22":"taxable","23":"shipping-taxable","24":"purchasable","25":"product-type-variable","26":"has-default-attributes"},"acf":[],"_links":{"self":[{"href":"https:\/\/www.kalani-home.com\/nl\/wp-json\/wp\/v2\/product\/291982","targetHints":{"allow":["GET"]}}],"collection":[{"href":"https:\/\/www.kalani-home.com\/nl\/wp-json\/wp\/v2\/product"}],"about":[{"href":"https:\/\/www.kalani-home.com\/nl\/wp-json\/wp\/v2\/types\/product"}],"replies":[{"embeddable":true,"href":"https:\/\/www.kalani-home.com\/nl\/wp-json\/wp\/v2\/comments?post=291982"}],"wp:featuredmedia":[{"embeddable":true,"href":"https:\/\/www.kalani-home.com\/nl\/wp-json\/wp\/v2\/media\/292133"}],"wp:attachment":[{"href":"https:\/\/www.kalani-home.com\/nl\/wp-json\/wp\/v2\/media?parent=291982"}],"wp:term":[{"taxonomy":"product_brand","embeddable":true,"href":"https:\/\/www.kalani-home.com\/nl\/wp-json\/wp\/v2\/product_brand?post=291982"},{"taxonomy":"product_cat","embeddable":true,"href":"https:\/\/www.kalani-home.com\/nl\/wp-json\/wp\/v2\/product_cat?post=291982"},{"taxonomy":"product_tag","embeddable":true,"href":"https:\/\/www.kalani-home.com\/nl\/wp-json\/wp\/v2\/product_tag?post=291982"}],"curies":[{"name":"wp","href":"https:\/\/api.w.org\/{rel}","templated":true}]}}