{"id":291971,"date":"2025-12-01T16:12:24","date_gmt":"2025-12-01T15:12:24","guid":{"rendered":"https:\/\/www.kalani-home.com\/?post_type=product&#038;p=291971"},"modified":"2026-01-11T22:17:00","modified_gmt":"2026-01-11T21:17:00","slug":"slaap-kussenspray-sweet-dreams","status":"publish","type":"product","link":"https:\/\/www.kalani-home.com\/nl\/winkel\/slaap-kussenspray-sweet-dreams\/","title":{"rendered":"Slaap-kussenspray &#8211; Sweet Dreams"},"content":{"rendered":"<p><span data-mce-type=\"bookmark\" style=\"display: inline-block; width: 0px; overflow: hidden; line-height: 0;\" class=\"mce_SELRES_start\">\ufeff<\/span>De 100% natuurlijke \u201cSweet Dreams\u201d kussenspray verspreidt zachte noten van lavendel, mandarijn en sinaasappel, die bekend staan om hun kalmerende werking en hun positieve effect op een diepe, herstellende slaap.<\/p>\n<p>Onze kussensprays zijn het resultaat van een samenwerking tussen Kalani en Re.sentir. Ze worden ambachtelijk vervaardigd in Belgi\u00eb met biologische essenti\u00eble oli\u00ebn, met oog voor kwaliteit, natuurlijkheid en welzijn.<\/p>\n<p><strong>Samenstelling:<\/strong><\/p>\n<p><strong><em>Ingredi\u00ebnten:<\/em><\/strong> Alcohol, Citrus Aurantium Dulcis Flower Water, Lavandula Angustifolia Oil, Citrus Reticulata Peel Oil, Citrus Sinensis Peel Oil.<\/p>\n<p><strong><em>Bevat:<\/em><\/strong> Citral, Citronellol, Carvone, Coumarin, Geraniol, Limonene, Linalol, Alpha-Terpinene, Beta-Caryophyllene, Camphor, Geranyl Acetate, Linalyl Acetate, Pinene, Lavandula Augustifolia Oil, Citrus Aurantium Amara Peel Oil.<\/p>\n<p><strong><em>Opmerking:<\/em><\/strong> Door hun 100% natuurlijke samenstelling kunnen de sprays een lichte neerslag bevatten. Dit is volkomen normaal en heeft geen enkele invloed op de kwaliteit van het product.<\/p>\n<p><strong>Gebruiksadvies en voorzorgsmaatregelen:<\/strong><\/p>\n<ul>\n<li>Voor gebruik schudden.<\/li>\n<li>1 tot 3 keer verstuiven op 30 cm van het kussen of in de lucht.<\/li>\n<li>Niet op de huid verstuiven.<\/li>\n<li>Niet verstuiven op delicate oppervlakken (leer, hout, natuursteen\u2026).<\/li>\n<li>Buiten het bereik van kinderen houden.<\/li>\n<li>Niet gebruiken tijdens de zwangerschap of borstvoeding.<\/li>\n<li>Bewaren uit de buurt van warmte en licht.<\/li>\n<\/ul>\n<p><span data-mce-type=\"bookmark\" style=\"display: inline-block; width: 0px; overflow: hidden; line-height: 0;\" class=\"mce_SELRES_start\">\ufeff<\/span><\/p>\n","protected":false},"excerpt":{"rendered":"<p>Kussenspray met een zachte en frisse geur, ideaal voor een ontspannend avondritueel en een goede nachtrust.<\/p>\n","protected":false},"featured_media":292148,"comment_status":"open","ping_status":"closed","template":"","meta":{"_acf_changed":false},"product_brand":[],"product_cat":[3047,3735,1423,3741,3720,3820,3729,3732,3723,3738,3717],"product_tag":[],"class_list":{"0":"post-291971","1":"product","2":"type-product","3":"status-publish","4":"has-post-thumbnail","6":"product_cat-accessoires","7":"product_cat-behagen-nl","8":"product_cat-cadeau-ideeen-nl","9":"product_cat-huwelijk-nl","10":"product_cat-kerstmis-nl","11":"product_cat-kussenspray-nl","12":"product_cat-lage-prijs-nl","13":"product_cat-moederdag-nl","14":"product_cat-vaderdag-nl","15":"product_cat-valentijnsdag-nl","16":"product_cat-verjaardag-nl","17":"pa_origin-belgie","18":"pa_size-50ml-nl","20":"first","21":"instock","22":"featured","23":"taxable","24":"shipping-taxable","25":"purchasable","26":"product-type-variable","27":"has-default-attributes"},"acf":[],"_links":{"self":[{"href":"https:\/\/www.kalani-home.com\/nl\/wp-json\/wp\/v2\/product\/291971","targetHints":{"allow":["GET"]}}],"collection":[{"href":"https:\/\/www.kalani-home.com\/nl\/wp-json\/wp\/v2\/product"}],"about":[{"href":"https:\/\/www.kalani-home.com\/nl\/wp-json\/wp\/v2\/types\/product"}],"replies":[{"embeddable":true,"href":"https:\/\/www.kalani-home.com\/nl\/wp-json\/wp\/v2\/comments?post=291971"}],"wp:featuredmedia":[{"embeddable":true,"href":"https:\/\/www.kalani-home.com\/nl\/wp-json\/wp\/v2\/media\/292148"}],"wp:attachment":[{"href":"https:\/\/www.kalani-home.com\/nl\/wp-json\/wp\/v2\/media?parent=291971"}],"wp:term":[{"taxonomy":"product_brand","embeddable":true,"href":"https:\/\/www.kalani-home.com\/nl\/wp-json\/wp\/v2\/product_brand?post=291971"},{"taxonomy":"product_cat","embeddable":true,"href":"https:\/\/www.kalani-home.com\/nl\/wp-json\/wp\/v2\/product_cat?post=291971"},{"taxonomy":"product_tag","embeddable":true,"href":"https:\/\/www.kalani-home.com\/nl\/wp-json\/wp\/v2\/product_tag?post=291971"}],"curies":[{"name":"wp","href":"https:\/\/api.w.org\/{rel}","templated":true}]}}