{"id":91095,"date":"2021-09-17T20:50:16","date_gmt":"2021-09-17T18:50:16","guid":{"rendered":"https:\/\/www.kalani-home.com\/?post_type=product&#038;p=91095"},"modified":"2026-01-23T22:44:53","modified_gmt":"2026-01-23T21:44:53","slug":"short-femme-en-coton-bio","status":"publish","type":"product","link":"https:\/\/www.kalani-home.com\/fr\/boutique\/short-femme-en-coton-bio\/","title":{"rendered":"Short femme en coton bio"},"content":{"rendered":"<p><strong>Mati\u00e8re :<\/strong> 85% Coton peign\u00e9 \u00e0 longues fibres certifi\u00e9 biologique, 15% Polyester recycl\u00e9 invisible<\/p>\n<p><strong>D\u00e9tails :<\/strong><\/p>\n<ul>\n<li>Coupe normale<\/li>\n<li>Grammage : 300 g\/m\u00b2<\/li>\n<li>Molleton non bross\u00e9<\/li>\n<li>Ceinture dans la mati\u00e8re principale<\/li>\n<li>Cordon rond, ton sur ton, avec embout de finition m\u00e9tal<\/li>\n<li>Oeillets m\u00e9tal<\/li>\n<li>Int\u00e9rieur de ceinture et fond de poches en jersey (de couleur contrast\u00e9e pour certaines couleurs)<\/li>\n<li>Finition bas et cot\u00e9s avec biais en jersey<\/li>\n<li>Surpiq\u00fbre flatlock sur la ceinture et l\u2019ouverture des poches<\/li>\n<li>Longueur de jambe = S:22cm\/ M:23,5cm\/ L:25cm (mesurez verticalement du haut de la ceinture \u00e0 l\u2019ourlet du bas)<\/li>\n<\/ul>\n<p>&nbsp;<\/p>\n","protected":false},"excerpt":{"rendered":"<p>Short femme court avec deux poches avant et la taille resserr\u00e9e par un cordon<\/p>\n<p>Elle mesure 1m75 et porte une taille S<\/p>\n","protected":false},"featured_media":89841,"comment_status":"open","ping_status":"closed","template":"","meta":{"_acf_changed":false},"product_brand":[],"product_cat":[3082,2921,3066],"product_tag":[],"class_list":{"0":"post-91095","1":"product","2":"type-product","3":"status-publish","4":"has-post-thumbnail","6":"product_cat-femmes","7":"product_cat-loungewear-fr","8":"product_cat-pantalons-et-shorts-femmes","9":"pa_color-black-fr","10":"pa_color-mid-grey-melange-fr","11":"pa_color-navy-fr","12":"pa_fitting-coupe-normale","13":"pa_gender-femmes","14":"pa_genre-pantalons-et-shorts","15":"pa_origin-bangladesh-fr","16":"pa_size-l-fr-2","17":"pa_size-m-fr","18":"pa_size-s-fr","19":"pa_size-xl-fr","21":"first","22":"instock","23":"sale","24":"taxable","25":"shipping-taxable","26":"purchasable","27":"product-type-variable","28":"has-default-attributes"},"acf":[],"_links":{"self":[{"href":"https:\/\/www.kalani-home.com\/fr\/wp-json\/wp\/v2\/product\/91095","targetHints":{"allow":["GET"]}}],"collection":[{"href":"https:\/\/www.kalani-home.com\/fr\/wp-json\/wp\/v2\/product"}],"about":[{"href":"https:\/\/www.kalani-home.com\/fr\/wp-json\/wp\/v2\/types\/product"}],"replies":[{"embeddable":true,"href":"https:\/\/www.kalani-home.com\/fr\/wp-json\/wp\/v2\/comments?post=91095"}],"wp:featuredmedia":[{"embeddable":true,"href":"https:\/\/www.kalani-home.com\/fr\/wp-json\/wp\/v2\/media\/89841"}],"wp:attachment":[{"href":"https:\/\/www.kalani-home.com\/fr\/wp-json\/wp\/v2\/media?parent=91095"}],"wp:term":[{"taxonomy":"product_brand","embeddable":true,"href":"https:\/\/www.kalani-home.com\/fr\/wp-json\/wp\/v2\/product_brand?post=91095"},{"taxonomy":"product_cat","embeddable":true,"href":"https:\/\/www.kalani-home.com\/fr\/wp-json\/wp\/v2\/product_cat?post=91095"},{"taxonomy":"product_tag","embeddable":true,"href":"https:\/\/www.kalani-home.com\/fr\/wp-json\/wp\/v2\/product_tag?post=91095"}],"curies":[{"name":"wp","href":"https:\/\/api.w.org\/{rel}","templated":true}]}}