{"id":91060,"date":"2021-09-17T20:53:27","date_gmt":"2021-09-17T18:53:27","guid":{"rendered":"https:\/\/www.kalani-home.com\/?post_type=product&#038;p=91060"},"modified":"2025-12-03T12:51:01","modified_gmt":"2025-12-03T11:51:01","slug":"pull-a-capuche-femme-en-coton-bio","status":"publish","type":"product","link":"https:\/\/www.kalani-home.com\/fr\/boutique\/pull-a-capuche-femme-en-coton-bio\/","title":{"rendered":"Pull \u00e0 capuche femme en coton bio"},"content":{"rendered":"<p><strong>Mati\u00e8re:<\/strong> 85% Coton peign\u00e9 \u00e0 longues fibres certifi\u00e9 biologique, 15% Polyester recycl\u00e9 invisible<\/p>\n<p><strong>Details:<\/strong><\/p>\n<ul>\n<li>Coupe normale<\/li>\n<li>Grammage: 300 g\/m\u00b2<\/li>\n<li>Molleton bross\u00e9<\/li>\n<li>Manches raglan<\/li>\n<li>Capuche doubl\u00e9e en jersey<\/li>\n<li>Bande de propret\u00e9 int\u00e9rieur col en chevron<\/li>\n<li>1\/2 lune int\u00e9rieur col dans la mati\u00e8re principale<\/li>\n<li>Surpiq\u00fbre simple \u00e0 l&rsquo;encolure et au bas de corps<\/li>\n<li>C\u00f4te 1&#215;1 au bas de manches avec surpiq\u00fbre double<\/li>\n<li>Cordon rond en bas de corps avec embout de finition m\u00e9tal<\/li>\n<li>Oeillets m\u00e9tal<\/li>\n<li>Longueur de buste = S:57cm\/ M:59cm\/ L:61cm (mesurez verticalement, \u00e0 partir de l&rsquo;encolure jusqu&rsquo;au bord inf\u00e9rieur de l&rsquo;ourlet)<\/li>\n<\/ul>\n","protected":false},"excerpt":{"rendered":"<p>Pull \u00e0 capuche court pour femme, manche resserr\u00e9e au poignet et cordon pour resserrer le bas<br \/>\nCoupe normale<\/p>\n<p>Elle mesure 1m75 et porte une taille S<\/p>\n","protected":false},"featured_media":89743,"comment_status":"open","ping_status":"closed","template":"","meta":{"_acf_changed":false},"product_brand":[],"product_cat":[3082,2921,3069],"product_tag":[],"class_list":{"0":"post-91060","1":"product","2":"type-product","3":"status-publish","4":"has-post-thumbnail","6":"product_cat-femmes","7":"product_cat-loungewear-fr","8":"product_cat-pulls-femmes","9":"pa_color-black-fr","10":"pa_color-light-grey-melange-fr","11":"pa_color-light-pink-melange-fr","12":"pa_color-natural-fr","13":"pa_fitting-coupe-confortable","14":"pa_gender-femmes","15":"pa_genre-pulls","16":"pa_origin-bangladesh-fr","17":"pa_size-l-fr-2","18":"pa_size-m-fr","19":"pa_size-s-fr","21":"first","22":"instock","23":"sale","24":"taxable","25":"shipping-taxable","26":"purchasable","27":"product-type-variable","28":"has-default-attributes"},"acf":[],"_links":{"self":[{"href":"https:\/\/www.kalani-home.com\/fr\/wp-json\/wp\/v2\/product\/91060","targetHints":{"allow":["GET"]}}],"collection":[{"href":"https:\/\/www.kalani-home.com\/fr\/wp-json\/wp\/v2\/product"}],"about":[{"href":"https:\/\/www.kalani-home.com\/fr\/wp-json\/wp\/v2\/types\/product"}],"replies":[{"embeddable":true,"href":"https:\/\/www.kalani-home.com\/fr\/wp-json\/wp\/v2\/comments?post=91060"}],"wp:featuredmedia":[{"embeddable":true,"href":"https:\/\/www.kalani-home.com\/fr\/wp-json\/wp\/v2\/media\/89743"}],"wp:attachment":[{"href":"https:\/\/www.kalani-home.com\/fr\/wp-json\/wp\/v2\/media?parent=91060"}],"wp:term":[{"taxonomy":"product_brand","embeddable":true,"href":"https:\/\/www.kalani-home.com\/fr\/wp-json\/wp\/v2\/product_brand?post=91060"},{"taxonomy":"product_cat","embeddable":true,"href":"https:\/\/www.kalani-home.com\/fr\/wp-json\/wp\/v2\/product_cat?post=91060"},{"taxonomy":"product_tag","embeddable":true,"href":"https:\/\/www.kalani-home.com\/fr\/wp-json\/wp\/v2\/product_tag?post=91060"}],"curies":[{"name":"wp","href":"https:\/\/api.w.org\/{rel}","templated":true}]}}