{"id":90710,"date":"2021-09-17T21:18:19","date_gmt":"2021-09-17T19:18:19","guid":{"rendered":"https:\/\/www.kalani-home.com\/?post_type=product&#038;p=90710"},"modified":"2026-02-09T21:37:44","modified_gmt":"2026-02-09T20:37:44","slug":"short-en-coton-bio","status":"publish","type":"product","link":"https:\/\/www.kalani-home.com\/fr\/boutique\/short-en-coton-bio\/","title":{"rendered":"Short en coton bio"},"content":{"rendered":"<p><strong>Mati\u00e8re :<\/strong> 85% Coton peign\u00e9 \u00e0 longues fibres certifi\u00e9 biologique, 15% Polyester recycl\u00e9 invisible<\/p>\n<p><strong>D\u00e9tails :<\/strong><\/p>\n<ul>\n<li>Coupe normale<\/li>\n<li>Grammage : 300 g\/m\u00b2<\/li>\n<li>Molleton non bross\u00e9<\/li>\n<li>Ceinture dans la mati\u00e8re principale<\/li>\n<li>Cordon rond, ton sur ton, avec embout de finition m\u00e9tal<\/li>\n<li>Oeillets m\u00e9tal<\/li>\n<li>Int\u00e9rieur de ceinture et fond de poches en jersey (de couleur contrast\u00e9e pour certaines couleurs)<\/li>\n<li>Bandes appliqu\u00e9es sur les cot\u00e9s dans la mati\u00e8re principale<\/li>\n<li>Braguette milieu devant d\u00e9corative<\/li>\n<li>Poche dos passepoil\u00e9e<\/li>\n<li>Ourlet bas de jambe avec surpiq\u00fbre flatlock<\/li>\n<li>Surpiq\u00fbre flatlock sur toutes les coutures<\/li>\n<li>Longueur de jambe = XS:44\/ S:46cm\/ M:48cm\/ L:50cm\/ XL:52cm (mesurez verticalement du haut de la ceinture \u00e0 l\u2019ourlet du bas)<\/li>\n<\/ul>\n<p>&nbsp;<\/p>\n","protected":false},"excerpt":{"rendered":"<p>Short unisexe avec deux poches avant et taille resserr\u00e9e par un cordon<br \/>\nCoupe normale<\/p>\n<p>Elle mesure 1m75 et porte une taille XS. Il mesure 1m88 et porte une taille L<\/p>\n","protected":false},"featured_media":119821,"comment_status":"open","ping_status":"closed","template":"","meta":{"_acf_changed":false},"product_brand":[],"product_cat":[3082,3078,2921,2925,3066,3091,3088],"product_tag":[],"class_list":{"0":"post-90710","1":"product","2":"type-product","3":"status-publish","4":"has-post-thumbnail","6":"product_cat-femmes","7":"product_cat-hommes","8":"product_cat-loungewear-fr","9":"product_cat-pantalons-et-shorts-hommes","10":"product_cat-pantalons-et-shorts-femmes","11":"product_cat-pantalons-et-shorts-unisexe","12":"product_cat-unisexe-fr","13":"pa_color-black-fr","14":"pa_color-light-grey-melange-fr","15":"pa_color-natural-fr","16":"pa_color-navy-fr","17":"pa_color-pine-green-fr","18":"pa_fitting-coupe-normale","19":"pa_gender-femmes","20":"pa_gender-hommes","21":"pa_gender-unisexe","22":"pa_genre-pantalons-et-shorts","23":"pa_origin-bangladesh-fr","24":"pa_size-l-xl-femmes-fr","25":"pa_size-m-l-femmes-fr","26":"pa_size-s-m-femmes-fr","27":"pa_size-xl-2xl-femmes-fr","28":"pa_size-xs-s-femmes-fr","30":"first","31":"instock","32":"sale","33":"taxable","34":"shipping-taxable","35":"purchasable","36":"product-type-variable","37":"has-default-attributes"},"acf":[],"_links":{"self":[{"href":"https:\/\/www.kalani-home.com\/fr\/wp-json\/wp\/v2\/product\/90710","targetHints":{"allow":["GET"]}}],"collection":[{"href":"https:\/\/www.kalani-home.com\/fr\/wp-json\/wp\/v2\/product"}],"about":[{"href":"https:\/\/www.kalani-home.com\/fr\/wp-json\/wp\/v2\/types\/product"}],"replies":[{"embeddable":true,"href":"https:\/\/www.kalani-home.com\/fr\/wp-json\/wp\/v2\/comments?post=90710"}],"wp:featuredmedia":[{"embeddable":true,"href":"https:\/\/www.kalani-home.com\/fr\/wp-json\/wp\/v2\/media\/119821"}],"wp:attachment":[{"href":"https:\/\/www.kalani-home.com\/fr\/wp-json\/wp\/v2\/media?parent=90710"}],"wp:term":[{"taxonomy":"product_brand","embeddable":true,"href":"https:\/\/www.kalani-home.com\/fr\/wp-json\/wp\/v2\/product_brand?post=90710"},{"taxonomy":"product_cat","embeddable":true,"href":"https:\/\/www.kalani-home.com\/fr\/wp-json\/wp\/v2\/product_cat?post=90710"},{"taxonomy":"product_tag","embeddable":true,"href":"https:\/\/www.kalani-home.com\/fr\/wp-json\/wp\/v2\/product_tag?post=90710"}],"curies":[{"name":"wp","href":"https:\/\/api.w.org\/{rel}","templated":true}]}}