{"id":90645,"date":"2021-09-17T21:22:39","date_gmt":"2021-09-17T19:22:39","guid":{"rendered":"https:\/\/www.kalani-home.com\/?post_type=product&#038;p=90645"},"modified":"2026-03-31T20:50:01","modified_gmt":"2026-03-31T18:50:01","slug":"pantalon-relax-en-coton-bio","status":"publish","type":"product","link":"https:\/\/www.kalani-home.com\/fr\/boutique\/pantalon-relax-en-coton-bio\/","title":{"rendered":"Pantalon relax en coton bio"},"content":{"rendered":"<p><strong>Mati\u00e8re :<\/strong> 85% Coton peign\u00e9 \u00e0 longues fibres certifi\u00e9 biologique, 15% Polyester recycl\u00e9 invisible<\/p>\n<p><strong>D\u00e9tails :<\/strong><\/p>\n<ul>\n<li>Ceinture en c\u00f4te 1\u00d71<\/li>\n<li>Cordon rond, ton sur ton, avec embout de finition m\u00e9tal<\/li>\n<li>Oeillets m\u00e9tal<\/li>\n<li>Fond de poches en jersey<\/li>\n<li>Poche plaqu\u00e9e au dos<\/li>\n<li>Bas de jambe en c\u00f4te 1\u00d71<\/li>\n<li>Surpiq\u00fbre double sur la taille, les poches, la fourche et le bas de jambe<\/li>\n<li>Longueur de jambe = XS:100cm\/ S:102cm\/ M:104cm\/ L:106cm\/ XL:108cm (mesurez verticalement du haut de la ceinture \u00e0 l\u2019ourlet du bas)<\/li>\n<\/ul>\n","protected":false},"excerpt":{"rendered":"<p>Pantalon relax resserr\u00e9 par un cordon \u00e0 la taille et aux chevilles avec deux poches avant<\/p>\n<p>Elle mesure 1m75 et porte une taille XS. Il mesure 1m88 et porte une taille L<\/p>\n","protected":false},"featured_media":119797,"comment_status":"open","ping_status":"closed","template":"","meta":{"_acf_changed":false},"product_brand":[],"product_cat":[3718,3082,3733,3724,3078,2921,3721,2925,3066,3091,3739,3088],"product_tag":[],"class_list":{"0":"post-90645","1":"product","2":"type-product","3":"status-publish","4":"has-post-thumbnail","6":"product_cat-anniversaire-fr","7":"product_cat-femmes","8":"product_cat-fetes-des-meres-fr","9":"product_cat-fetes-des-peres-fr","10":"product_cat-hommes","11":"product_cat-loungewear-fr","12":"product_cat-noel-fr","13":"product_cat-pantalons-et-shorts-hommes","14":"product_cat-pantalons-et-shorts-femmes","15":"product_cat-pantalons-et-shorts-unisexe","16":"product_cat-saint-valentin-fr","17":"product_cat-unisexe-fr","18":"pa_color-black-fr","19":"pa_color-light-grey-melange-fr","20":"pa_color-natural-fr","21":"pa_color-navy-fr","22":"pa_fitting-coupe-normale","23":"pa_gender-femmes","24":"pa_gender-hommes","25":"pa_gender-unisexe","26":"pa_genre-pantalons-et-shorts","27":"pa_origin-bangladesh-fr","28":"pa_size-l-xl-femmes-fr","29":"pa_size-m-l-femmes-fr","30":"pa_size-s-m-femmes-fr","31":"pa_size-xl-2xl-femmes-fr","32":"pa_size-xs-s-femmes-fr","34":"first","35":"instock","36":"taxable","37":"shipping-taxable","38":"purchasable","39":"product-type-variable","40":"has-default-attributes"},"acf":[],"_links":{"self":[{"href":"https:\/\/www.kalani-home.com\/fr\/wp-json\/wp\/v2\/product\/90645","targetHints":{"allow":["GET"]}}],"collection":[{"href":"https:\/\/www.kalani-home.com\/fr\/wp-json\/wp\/v2\/product"}],"about":[{"href":"https:\/\/www.kalani-home.com\/fr\/wp-json\/wp\/v2\/types\/product"}],"replies":[{"embeddable":true,"href":"https:\/\/www.kalani-home.com\/fr\/wp-json\/wp\/v2\/comments?post=90645"}],"wp:featuredmedia":[{"embeddable":true,"href":"https:\/\/www.kalani-home.com\/fr\/wp-json\/wp\/v2\/media\/119797"}],"wp:attachment":[{"href":"https:\/\/www.kalani-home.com\/fr\/wp-json\/wp\/v2\/media?parent=90645"}],"wp:term":[{"taxonomy":"product_brand","embeddable":true,"href":"https:\/\/www.kalani-home.com\/fr\/wp-json\/wp\/v2\/product_brand?post=90645"},{"taxonomy":"product_cat","embeddable":true,"href":"https:\/\/www.kalani-home.com\/fr\/wp-json\/wp\/v2\/product_cat?post=90645"},{"taxonomy":"product_tag","embeddable":true,"href":"https:\/\/www.kalani-home.com\/fr\/wp-json\/wp\/v2\/product_tag?post=90645"}],"curies":[{"name":"wp","href":"https:\/\/api.w.org\/{rel}","templated":true}]}}