{"id":90357,"date":"2021-05-11T10:23:40","date_gmt":"2021-05-11T08:23:40","guid":{"rendered":"https:\/\/www.kalani-home.com\/?post_type=product&#038;p=90357"},"modified":"2026-03-22T17:44:07","modified_gmt":"2026-03-22T16:44:07","slug":"t-shirt-a-col-rond-en-coton-bio","status":"publish","type":"product","link":"https:\/\/www.kalani-home.com\/fr\/boutique\/t-shirt-a-col-rond-en-coton-bio\/","title":{"rendered":"T-shirt \u00e0 col rond en coton bio"},"content":{"rendered":"<p><strong>Mati\u00e8re:<\/strong> 100% Jersey Premium en coton fil\u00e9 et peign\u00e9 certifi\u00e9 biologique<\/p>\n<p><strong>Details:<\/strong><\/p>\n<ul>\n<li>Coupe normale<\/li>\n<li>Grammage: 180 g\/m\u00b2<\/li>\n<li>Manches mont\u00e9es<\/li>\n<li>Col en c\u00f4te 1&#215;1<\/li>\n<li>Bande de propret\u00e9 int\u00e9rieur col dans la mati\u00e8re principale<\/li>\n<li>Surpiq\u00fbre double large en bas de manches et bas de corps<\/li>\n<li>Longueur de buste = XS:66cm \/ S:69cm\/ M:72cm\/ L:74cm\/ XL:76cm (mesurez verticalement, \u00e0 partir de l&rsquo;encolure jusqu&rsquo;au bord inf\u00e9rieur de l&rsquo;ourlet)<\/li>\n<\/ul>\n","protected":false},"excerpt":{"rendered":"<p>T-shirt basique \u00e0 manche courte et col rond<br \/>\nCoupe normale<\/p>\n<p>Elle mesure 1m75 et porte une taille XS. Il mesure 1m88 et porte une taille L<\/p>\n","protected":false},"featured_media":120443,"comment_status":"open","ping_status":"closed","template":"","meta":{"_acf_changed":false},"product_brand":[],"product_cat":[3718,3082,3733,3724,3078,2921,3721,3730,3739,3097,3072,2927,3088],"product_tag":[],"class_list":{"0":"post-90357","1":"product","2":"type-product","3":"status-publish","4":"has-post-thumbnail","6":"product_cat-anniversaire-fr","7":"product_cat-femmes","8":"product_cat-fetes-des-meres-fr","9":"product_cat-fetes-des-peres-fr","10":"product_cat-hommes","11":"product_cat-loungewear-fr","12":"product_cat-noel-fr","13":"product_cat-petit-prix-fr","14":"product_cat-saint-valentin-fr","15":"product_cat-t-shirts-tops-unisexe","16":"product_cat-t-shirts-tops-femmes","17":"product_cat-t-shirts-tops-hommes","18":"product_cat-unisexe-fr","19":"pa_color-anthracite-fr","20":"pa_color-black-fr","21":"pa_color-light-grey-melange-fr","22":"pa_color-natural-fr","23":"pa_color-navy-fr","24":"pa_color-pine-green-fr","25":"pa_color-sand-fr","26":"pa_color-serenity-blue-fr","27":"pa_color-white-fr","28":"pa_fitting-coupe-normale","29":"pa_gender-femmes","30":"pa_gender-hommes","31":"pa_gender-unisexe","32":"pa_genre-t-shirts-et-tops","33":"pa_origin-bangladesh-fr","34":"pa_size-l-xl-femmes-fr","35":"pa_size-m-l-femmes-fr","36":"pa_size-s-m-femmes-fr","37":"pa_size-xl-2xl-femmes-fr","38":"pa_size-xs-s-femmes-fr","40":"first","41":"instock","42":"sale","43":"taxable","44":"shipping-taxable","45":"purchasable","46":"product-type-variable","47":"has-default-attributes"},"acf":[],"_links":{"self":[{"href":"https:\/\/www.kalani-home.com\/fr\/wp-json\/wp\/v2\/product\/90357","targetHints":{"allow":["GET"]}}],"collection":[{"href":"https:\/\/www.kalani-home.com\/fr\/wp-json\/wp\/v2\/product"}],"about":[{"href":"https:\/\/www.kalani-home.com\/fr\/wp-json\/wp\/v2\/types\/product"}],"replies":[{"embeddable":true,"href":"https:\/\/www.kalani-home.com\/fr\/wp-json\/wp\/v2\/comments?post=90357"}],"wp:featuredmedia":[{"embeddable":true,"href":"https:\/\/www.kalani-home.com\/fr\/wp-json\/wp\/v2\/media\/120443"}],"wp:attachment":[{"href":"https:\/\/www.kalani-home.com\/fr\/wp-json\/wp\/v2\/media?parent=90357"}],"wp:term":[{"taxonomy":"product_brand","embeddable":true,"href":"https:\/\/www.kalani-home.com\/fr\/wp-json\/wp\/v2\/product_brand?post=90357"},{"taxonomy":"product_cat","embeddable":true,"href":"https:\/\/www.kalani-home.com\/fr\/wp-json\/wp\/v2\/product_cat?post=90357"},{"taxonomy":"product_tag","embeddable":true,"href":"https:\/\/www.kalani-home.com\/fr\/wp-json\/wp\/v2\/product_tag?post=90357"}],"curies":[{"name":"wp","href":"https:\/\/api.w.org\/{rel}","templated":true}]}}