{"id":89065,"date":"2021-05-16T16:33:13","date_gmt":"2021-05-16T14:33:13","guid":{"rendered":"https:\/\/www.kalani-home.com\/?post_type=product&#038;p=89065"},"modified":"2026-03-13T16:46:48","modified_gmt":"2026-03-13T15:46:48","slug":"ensemble-serviettes-essuies-hotel","status":"publish","type":"product","link":"https:\/\/www.kalani-home.com\/fr\/boutique\/ensemble-serviettes-essuies-hotel\/","title":{"rendered":"Ensemble Serviettes\/Essuies Hotel"},"content":{"rendered":"<p><strong>Mati\u00e8re<\/strong> : \u00c9ponge qualit\u00e9 H\u00f4tel en 100% coton peign\u00e9 biologique, certifi\u00e9 Fairtrade et vegan. <strong>D\u00e9tails :<\/strong><\/p>\n<p class=\"product_title entry-title elementor-heading-title elementor-size-default\">Serviette visage H\u00f4tel:<\/p>\n<ul>\n<li>Dimension : 30\u00d730 cm<\/li>\n<li>470 g\/m\u00b2<\/li>\n<\/ul>\n<p class=\"product_title entry-title elementor-heading-title elementor-size-default\">Serviette\/Essuie \u00e0 main H\u00f4tel:<\/p>\n<ul>\n<li>Uni sans liteau<\/li>\n<li>550 g\/m\u00b2<\/li>\n<\/ul>\n<p class=\"product_title entry-title elementor-heading-title elementor-size-default\">Drap de bain\/douche H\u00f4tel:<\/p>\n<ul>\n<li>Uni sans liteau<\/li>\n<li>550 g\/m\u00b2<\/li>\n<li>Tailles disponibles<strong> :<\/strong>\n<ul>\n<li>Drap de douche : 70 x 140 cm<\/li>\n<li>Drap de bain : 100 x 150 cm<\/li>\n<\/ul>\n<\/li>\n<\/ul>\n<p class=\"product_title entry-title elementor-heading-title elementor-size-default\">Tapis de bain H\u00f4tel:<\/p>\n<ul>\n<li>Dimension : 50 x 80 cm<\/li>\n<li>800 g\/m\u00b2<\/li>\n<\/ul>\n<p>Tous les produits:<\/p>\n<ul>\n<li>100% Coton certifi\u00e9 GOTS, tra\u00e7able, OGM interdits, teintures \u00e9cologiques, saines, respectueuses de l\u2019environnement et prot\u00e9geant la biodiversit\u00e9<\/li>\n<li>100% Coton certifi\u00e9 Fairtrade, respectant les communaut\u00e9s de fermiers<\/li>\n<li>100% Vegan<\/li>\n<li>Fabriqu\u00e9 \u00e9thiquement en Inde dans des usines \u00e9quitables, respectant les ouvriers<\/li>\n<li>Cr\u00e9\u00e9 avec passion, fait main avec amour pour la satisfaction des clients<\/li>\n<\/ul>\n","protected":false},"excerpt":{"rendered":"<p>On fait peau neuve dans sa serviette de bain super confortable au design simple et intemporel, aussi absorbante que moelleuse ! Un merveilleux moment de douceur\u2026 pour se sentir \u00e0 la maison comme \u00e0 l\u2019h\u00f4tel.<\/p>\n<p>D\u00e9couvrez la qualit\u00e9 h\u00f4tel disponible maintenant pour votre salle de bain.<\/p>\n<p>Produit en 100% coton biologique &amp; Fairtrade certifi\u00e9, \u00e9thique, \u00e9cologique et vegan.<\/p>\n","protected":false},"featured_media":65972,"comment_status":"open","ping_status":"closed","template":"","meta":{"_acf_changed":false},"product_brand":[],"product_cat":[3718,3733,3724,1408,3742,3721,2877,3736,3739],"product_tag":[],"class_list":{"0":"post-89065","1":"product","2":"type-product","3":"status-publish","4":"has-post-thumbnail","6":"product_cat-anniversaire-fr","7":"product_cat-fetes-des-meres-fr","8":"product_cat-fetes-des-peres-fr","9":"product_cat-linge-de-bain","10":"product_cat-mariage-fr","11":"product_cat-noel-fr","12":"product_cat-parure","13":"product_cat-pour-faire-plaisir-fr","14":"product_cat-saint-valentin-fr","15":"pa_color-snow-white-fr","16":"pa_material-eponge-hotel","17":"pa_size-100-x-170-cm-fr","18":"pa_size-30-x-30-cm-fr","19":"pa_size-50-x-100-cm-fr-2","20":"pa_size-50-x-80-cm-fr","21":"pa_size-70-x-140-cm-fr","23":"first","24":"instock","25":"virtual","26":"taxable","27":"purchasable","28":"product-type-yith_bundle"},"acf":[],"_links":{"self":[{"href":"https:\/\/www.kalani-home.com\/fr\/wp-json\/wp\/v2\/product\/89065","targetHints":{"allow":["GET"]}}],"collection":[{"href":"https:\/\/www.kalani-home.com\/fr\/wp-json\/wp\/v2\/product"}],"about":[{"href":"https:\/\/www.kalani-home.com\/fr\/wp-json\/wp\/v2\/types\/product"}],"replies":[{"embeddable":true,"href":"https:\/\/www.kalani-home.com\/fr\/wp-json\/wp\/v2\/comments?post=89065"}],"wp:featuredmedia":[{"embeddable":true,"href":"https:\/\/www.kalani-home.com\/fr\/wp-json\/wp\/v2\/media\/65972"}],"wp:attachment":[{"href":"https:\/\/www.kalani-home.com\/fr\/wp-json\/wp\/v2\/media?parent=89065"}],"wp:term":[{"taxonomy":"product_brand","embeddable":true,"href":"https:\/\/www.kalani-home.com\/fr\/wp-json\/wp\/v2\/product_brand?post=89065"},{"taxonomy":"product_cat","embeddable":true,"href":"https:\/\/www.kalani-home.com\/fr\/wp-json\/wp\/v2\/product_cat?post=89065"},{"taxonomy":"product_tag","embeddable":true,"href":"https:\/\/www.kalani-home.com\/fr\/wp-json\/wp\/v2\/product_tag?post=89065"}],"curies":[{"name":"wp","href":"https:\/\/api.w.org\/{rel}","templated":true}]}}