{"id":89042,"date":"2021-05-16T15:55:53","date_gmt":"2021-05-16T13:55:53","guid":{"rendered":"https:\/\/www.kalani-home.com\/?post_type=product&#038;p=89042"},"modified":"2025-07-16T11:21:54","modified_gmt":"2025-07-16T09:21:54","slug":"ensemble-de-4-serviettes-de-luxe","status":"publish","type":"product","link":"https:\/\/www.kalani-home.com\/fr\/boutique\/ensemble-de-4-serviettes-de-luxe\/","title":{"rendered":"Ensemble 4 Serviettes\/Essuies Luxe"},"content":{"rendered":"<p><strong>Mati\u00e8re<\/strong> : Tissu \u00e9ponge qualit\u00e9 Luxe en 100% coton peign\u00e9 biologique et vegan<\/p>\n<p><strong>Details:<\/strong><\/p>\n<p class=\"product_title entry-title elementor-heading-title elementor-size-default\">Serviette\/Essuie \u00e0 main Luxe:<\/p>\n<ul>\n<li>Dimension standart : 50 x 100 cm<\/li>\n<\/ul>\n<p class=\"product_title entry-title elementor-heading-title elementor-size-default\">Drap de bain\/douche Luxe:<\/p>\n<ul>\n<li>Le Maxi drap de bain peut aussi servir de drap de plage ou serviette \/ essuie de piscine<\/li>\n<li>2 dimensions disponibles :\n<ul>\n<li>Drap de bain\/douche : 70 x 140 cm<\/li>\n<li>Maxi Drap de bain : 90 x 180 cm<\/li>\n<\/ul>\n<\/li>\n<\/ul>\n<p>Tapis de bain Luxe (optionnel):<\/p>\n<ul>\n<li>Dimension standart : 50 x 80 cm<\/li>\n<li>Epais en 1000g\/m\u00b2, mais pas trop lourd.<\/li>\n<\/ul>\n<p>Tous les produits:<\/p>\n<ul>\n<li>Incroyablement doux gr\u00e2ce au coton peign\u00e9 \u00e0 longue fibre pour la qualit\u00e9 et \u00e0 la filature Low Twist Technology pour le touch\u00e9 exceptionnel<\/li>\n<li>Epais en 600g\/m\u00b2, mais pas trop \u00e9pais pour des mouvements fluides sans risquer qu\u2019elle tombe<\/li>\n<li>Ultra moelleux et enveloppant<\/li>\n<li>Super absorbant avec liteau r\u00e9duit \u00e0 3 cm sur les bords pour maximiser la surface de s\u00e9chage<\/li>\n<li>100% Coton certifi\u00e9 GOTS, tra\u00e7able, sans OGM, teintures \u00e9cologiques, saines, respectueuses de l\u2019environnement et prot\u00e9geant la biodiversit\u00e9<\/li>\n<li>100% Vegan approuv\u00e9 par PETA<\/li>\n<li>Fabriqu\u00e9 localement en Belgique et en Turquie dans des usines qui produisent les plus grandes marques du monde<\/li>\n<li>Cr\u00e9\u00e9 avec passion<\/li>\n<li>Cordon suppl\u00e9mentaire un accrochage facilit\u00e9<\/li>\n<li>Etiquette de qualit\u00e9 Kalani<\/li>\n<\/ul>\n","protected":false},"excerpt":{"rendered":"<p>Linge de bain ultra doux, moelleux, enveloppant et super absorbant. L\u2019indispensable pour sortir de son bain ou de sa douche et s\u2019envelopper dans une serviette d\u2019une douceur incroyable. Durable, merveilleusement confortable pour que le moment du bain ou de la douche devienne votre petit luxe quotidien, et ce, en toute simplicit\u00e9.<\/p>\n<p>Produit localement en 100% coton biologique certifi\u00e9 GOTS, \u00e9thique et \u00e9cologique.<\/p>\n","protected":false},"featured_media":286656,"comment_status":"open","ping_status":"closed","template":"","meta":{"_acf_changed":false},"product_brand":[],"product_cat":[1408,2877],"product_tag":[],"class_list":{"0":"post-89042","1":"product","2":"type-product","3":"status-publish","4":"has-post-thumbnail","6":"product_cat-linge-de-bain","7":"product_cat-parure","8":"pa_color-anthracite-fr","9":"pa_color-cream-fr","10":"pa_color-forest-fr","11":"pa_color-kalani-blue-fr","12":"pa_color-navy-fr","13":"pa_color-ochre-fr","14":"pa_color-old-pink-fr","15":"pa_color-sand-fr","16":"pa_color-snow-white-fr","17":"pa_color-stone-grey-fr","18":"pa_color-taupe-fr","19":"pa_color-terracotta-fr","20":"pa_material-eponge-de-luxe","21":"pa_size-50-x-100-cm-fr-2","22":"pa_size-50-x-80-cm-fr","23":"pa_size-70-x-140-cm-fr","24":"pa_size-90-x-180-cm-fr","26":"first","27":"instock","28":"virtual","29":"taxable","30":"purchasable","31":"product-type-yith_bundle"},"acf":[],"_links":{"self":[{"href":"https:\/\/www.kalani-home.com\/fr\/wp-json\/wp\/v2\/product\/89042","targetHints":{"allow":["GET"]}}],"collection":[{"href":"https:\/\/www.kalani-home.com\/fr\/wp-json\/wp\/v2\/product"}],"about":[{"href":"https:\/\/www.kalani-home.com\/fr\/wp-json\/wp\/v2\/types\/product"}],"replies":[{"embeddable":true,"href":"https:\/\/www.kalani-home.com\/fr\/wp-json\/wp\/v2\/comments?post=89042"}],"wp:featuredmedia":[{"embeddable":true,"href":"https:\/\/www.kalani-home.com\/fr\/wp-json\/wp\/v2\/media\/286656"}],"wp:attachment":[{"href":"https:\/\/www.kalani-home.com\/fr\/wp-json\/wp\/v2\/media?parent=89042"}],"wp:term":[{"taxonomy":"product_brand","embeddable":true,"href":"https:\/\/www.kalani-home.com\/fr\/wp-json\/wp\/v2\/product_brand?post=89042"},{"taxonomy":"product_cat","embeddable":true,"href":"https:\/\/www.kalani-home.com\/fr\/wp-json\/wp\/v2\/product_cat?post=89042"},{"taxonomy":"product_tag","embeddable":true,"href":"https:\/\/www.kalani-home.com\/fr\/wp-json\/wp\/v2\/product_tag?post=89042"}],"curies":[{"name":"wp","href":"https:\/\/api.w.org\/{rel}","templated":true}]}}