{"id":65933,"date":"2020-08-31T00:00:00","date_gmt":"2020-08-30T22:00:00","guid":{"rendered":"https:\/\/content.kalani.eu\/shop\/serviette-essuie-a-main-hotel-liteau-ligne\/"},"modified":"2025-07-18T10:24:15","modified_gmt":"2025-07-18T08:24:15","slug":"serviette-essuie-a-main-hotel-liteau-ligne","status":"publish","type":"product","link":"https:\/\/www.kalani-home.com\/fr\/boutique\/serviette-essuie-a-main-hotel-liteau-ligne\/","title":{"rendered":"Serviette\/Essuie \u00e0 main H\u00f4tel Liteau lign\u00e9"},"content":{"rendered":"<p><strong>Alerte stock :<\/strong> la rupture de stock prolong\u00e9e de ce produit est une cons\u00e9quence directe de la crise de disponibilit\u00e9 du coton bio auquel le monde fait face cette ann\u00e9e. Notre linge de bain collection \u201cHotel\u00a0\u00bb vient d\u2019une usine diff\u00e9rente que notre linge de lit et notre linge de bain collection Luxe, et cette usine n\u2019a malheureusement pas r\u00e9ussi \u00e0 s\u00e9curiser la disponibilit\u00e9 de fil de coton bio \u00e0 temps pour l\u2019ann\u00e9e 2021. Nous ne pouvons donc pas garantir un r\u00e9approvisionnement avant la fin de l\u2019ann\u00e9e 2021 car nous devons attendre la prochaine r\u00e9colte \u00e0 l&rsquo;automne.<\/p>\n<p class=\"warning_inline\"><strong>Mati\u00e8re<\/strong> : \u00c9ponge qualit\u00e9 H\u00f4tel en 100% coton peign\u00e9 biologique, certifi\u00e9 Fairtrade et vegan<\/p>\n<p><strong>D\u00e9tails :<\/strong><\/p>\n<ul>\n<li>Liteau lign\u00e9<\/li>\n<li>100% Coton certifi\u00e9 GOTS, tra\u00e7able, OGM interdits, teintures \u00e9cologiques, saines, respectueuses de l\u2019environnement et prot\u00e9geant la biodiversit\u00e9<\/li>\n<li>100% Coton certifi\u00e9 Fairtrade, respectant les communaut\u00e9s de fermiers<\/li>\n<li>100% Vegan<\/li>\n<li>Fabriqu\u00e9 \u00e9thiquement en Inde dans des usines \u00e9quitables, respectant les ouvriers<\/li>\n<li>Cr\u00e9\u00e9 avec passion, fait main avec amour pour la satisfaction des clients<\/li>\n<li>470 g\/m\u00b2<\/li>\n<\/ul>\n<p><strong>Tailles disponibles :<\/strong><\/p>\n<ul>\n<li>Serviette \u00e0 main : 50 x 100 cm<\/li>\n<\/ul>\n<p class=\"ListParagraphCxSpLast\">\n","protected":false},"excerpt":{"rendered":"<p>On fait peau neuve dans sa serviette de main super confortable, aussi absorbante que moelleuse ! D\u00e9tails de style lign\u00e9s sont au rendez-vous pour un merveilleux moment de douceur\u2026 pour se sentir \u00e0 la maison comme \u00e0 l\u2019h\u00f4tel.<\/p>\n<p>Ce linge de bain qualit\u00e9 h\u00f4tel est enfin disponible pour des salles de bain uniques.<\/p>\n<p>Produit en 100% coton biologique &amp; certifi\u00e9 Fairtrade, \u00e9thique, \u00e9cologique et vegan.<\/p>\n","protected":false},"featured_media":66036,"comment_status":"open","ping_status":"closed","template":"","meta":{"_acf_changed":false},"product_brand":[],"product_cat":[1408,2742],"product_tag":[],"class_list":{"0":"post-65933","1":"product","2":"type-product","3":"status-publish","4":"has-post-thumbnail","6":"product_cat-linge-de-bain","7":"product_cat-serviette-essuie-a-main-hotel","8":"pa_color-snow-white-fr","9":"pa_genre-serviette-essuie-a-main","10":"pa_material-eponge-hotel","11":"pa_origin-inde","12":"pa_size-50-x-100-cm-fr-2","14":"first","15":"instock","16":"taxable","17":"shipping-taxable","18":"purchasable","19":"product-type-variable","20":"has-default-attributes"},"acf":[],"_links":{"self":[{"href":"https:\/\/www.kalani-home.com\/fr\/wp-json\/wp\/v2\/product\/65933","targetHints":{"allow":["GET"]}}],"collection":[{"href":"https:\/\/www.kalani-home.com\/fr\/wp-json\/wp\/v2\/product"}],"about":[{"href":"https:\/\/www.kalani-home.com\/fr\/wp-json\/wp\/v2\/types\/product"}],"replies":[{"embeddable":true,"href":"https:\/\/www.kalani-home.com\/fr\/wp-json\/wp\/v2\/comments?post=65933"}],"wp:featuredmedia":[{"embeddable":true,"href":"https:\/\/www.kalani-home.com\/fr\/wp-json\/wp\/v2\/media\/66036"}],"wp:attachment":[{"href":"https:\/\/www.kalani-home.com\/fr\/wp-json\/wp\/v2\/media?parent=65933"}],"wp:term":[{"taxonomy":"product_brand","embeddable":true,"href":"https:\/\/www.kalani-home.com\/fr\/wp-json\/wp\/v2\/product_brand?post=65933"},{"taxonomy":"product_cat","embeddable":true,"href":"https:\/\/www.kalani-home.com\/fr\/wp-json\/wp\/v2\/product_cat?post=65933"},{"taxonomy":"product_tag","embeddable":true,"href":"https:\/\/www.kalani-home.com\/fr\/wp-json\/wp\/v2\/product_tag?post=65933"}],"curies":[{"name":"wp","href":"https:\/\/api.w.org\/{rel}","templated":true}]}}