{"id":65932,"date":"2020-08-31T00:00:00","date_gmt":"2020-08-30T22:00:00","guid":{"rendered":"https:\/\/content.kalani.eu\/shop\/serviette-essuie-a-main-hotel\/"},"modified":"2026-05-08T15:08:28","modified_gmt":"2026-05-08T13:08:28","slug":"serviette-essuie-a-main-hotel","status":"publish","type":"product","link":"https:\/\/www.kalani-home.com\/fr\/boutique\/serviette-essuie-a-main-hotel\/","title":{"rendered":"Serviette\/Essuie \u00e0 main H\u00f4tel"},"content":{"rendered":"<p><strong>Mati&egrave;re<\/strong> : &Eacute;ponge qualit&eacute; H&ocirc;tel en 100% coton peign&eacute; biologique, certifi&eacute; Fairtrade et vegan <\/p>\n<p><strong>D&eacute;tails :<\/strong><\/p>\n<ul>\n<li>Uni sans liteau<\/li>\n<li>100% Coton certifi&eacute; GOTS, tra&ccedil;able, OGM interdits, teintures &eacute;cologiques, saines, respectueuses de l&rsquo;environnement et prot&eacute;geant la biodiversit&eacute;<\/li>\n<li>100% Coton certifi&eacute; Fairtrade, respectant les communaut&eacute;s de fermiers<\/li>\n<li>100% Vegan<\/li>\n<li>Fabriqu&eacute; &eacute;thiquement en Inde dans des usines &eacute;quitables, respectant les ouvriers<\/li>\n<li>Cr&eacute;&eacute; avec passion, fait main avec amour pour la satisfaction des clients<\/li>\n<li>550 g\/m&sup2;<\/li>\n<\/ul>\n<p><strong>Tailles disponibles : <\/strong>Serviette main : 50 x 100 cm<\/p>\n","protected":false},"excerpt":{"rendered":"<p>On fait peau neuve dans sa serviette de main super confortable au design simple et intemporel, aussi absorbante que moelleuse ! Un merveilleux moment de douceur\u2026 pour se sentir \u00e0 la maison comme \u00e0 l\u2019h\u00f4tel.<\/p>\n<p>D\u00e9couvrez la qualit\u00e9 h\u00f4tel disponible maintenant pour votre salle de bain.<\/p>\n<p>Produit en 100% coton biologique &amp; certifi\u00e9 Fairtrade, \u00e9thique, \u00e9cologique et vegan.<\/p>\n","protected":false},"featured_media":40396,"comment_status":"open","ping_status":"closed","template":"","meta":{"_acf_changed":false},"product_brand":[],"product_cat":[1408,2742],"product_tag":[],"class_list":{"0":"post-65932","1":"product","2":"type-product","3":"status-publish","4":"has-post-thumbnail","6":"product_cat-linge-de-bain","7":"product_cat-serviette-essuie-a-main-hotel","8":"pa_color-snow-white-fr","9":"pa_genre-serviette-essuie-a-main","10":"pa_material-eponge-hotel","11":"pa_origin-inde","12":"pa_size-50-x-100-cm-fr-2","14":"first","15":"instock","16":"taxable","17":"shipping-taxable","18":"purchasable","19":"product-type-variable","20":"has-default-attributes"},"acf":[],"_links":{"self":[{"href":"https:\/\/www.kalani-home.com\/fr\/wp-json\/wp\/v2\/product\/65932","targetHints":{"allow":["GET"]}}],"collection":[{"href":"https:\/\/www.kalani-home.com\/fr\/wp-json\/wp\/v2\/product"}],"about":[{"href":"https:\/\/www.kalani-home.com\/fr\/wp-json\/wp\/v2\/types\/product"}],"replies":[{"embeddable":true,"href":"https:\/\/www.kalani-home.com\/fr\/wp-json\/wp\/v2\/comments?post=65932"}],"wp:featuredmedia":[{"embeddable":true,"href":"https:\/\/www.kalani-home.com\/fr\/wp-json\/wp\/v2\/media\/40396"}],"wp:attachment":[{"href":"https:\/\/www.kalani-home.com\/fr\/wp-json\/wp\/v2\/media?parent=65932"}],"wp:term":[{"taxonomy":"product_brand","embeddable":true,"href":"https:\/\/www.kalani-home.com\/fr\/wp-json\/wp\/v2\/product_brand?post=65932"},{"taxonomy":"product_cat","embeddable":true,"href":"https:\/\/www.kalani-home.com\/fr\/wp-json\/wp\/v2\/product_cat?post=65932"},{"taxonomy":"product_tag","embeddable":true,"href":"https:\/\/www.kalani-home.com\/fr\/wp-json\/wp\/v2\/product_tag?post=65932"}],"curies":[{"name":"wp","href":"https:\/\/api.w.org\/{rel}","templated":true}]}}