{"id":65118,"date":"2020-10-06T00:00:00","date_gmt":"2020-10-05T22:00:00","guid":{"rendered":"https:\/\/content.kalani.eu\/shop\/housse-de-couette-en-percale-de-coton-brodee\/"},"modified":"2026-03-31T20:49:57","modified_gmt":"2026-03-31T18:49:57","slug":"housse-de-couette-en-percale-de-coton-brodee","status":"publish","type":"product","link":"https:\/\/www.kalani-home.com\/fr\/boutique\/housse-de-couette-en-percale-de-coton-brodee\/","title":{"rendered":"Housse de couette en Percale de coton brod\u00e9e"},"content":{"rendered":"<p><strong>Mati\u00e8re<\/strong>: 100% Percale de coton tiss\u00e9 \u00e0 partir de fines et longues fibres de coton peign\u00e9, certifi\u00e9 biologique et Fairtrade<\/p>\n<p><strong>D\u00e9tails :<\/strong><\/p>\n<ul>\n<li>Fine broderie discr\u00e8te \u00e0 travers la housse de couette, 20cm sous la t\u00eate<\/li>\n<li>Ouverture en goulot de bouteille permettant de garder en place la couette en la bordant sous le matelas<\/li>\n<li>Emball\u00e9 dans un magnifique sac de coton cr\u00e9\u00e9 pour \u00eatre r\u00e9utilisable<\/li>\n<li>100% Coton certifi\u00e9 GOTS, tra\u00e7able, OGM interdits, teintures \u00e9cologiques, saines, respectueuses de l\u2019environnement et prot\u00e9geant la biodiversit\u00e9<\/li>\n<li>100% Coton certifi\u00e9 Fairtrade, respectant les communaut\u00e9s de fermiers<\/li>\n<li>Fabriqu\u00e9 \u00e9thiquement en Inde dans des usines \u00e9quitables, respectant les ouvriers<\/li>\n<li>Cr\u00e9\u00e9 avec passion, fait main avec amour pour la satisfaction des clients<\/li>\n<li>Percale de coton supr\u00eame, r\u00e9alis\u00e9 avec 300TC (118-120fils\/cm\u00b2) simple pli<\/li>\n<li>Devient de plus en plus doux \u00e0 l\u2019utilisation et au fur et \u00e0 mesure des lavages<\/li>\n<li>Pas besoin de repassage pour aspect \u00ab chiffonn\u00e9 cool \u00bb ou repassage pour aspect h\u00f4tel<\/li>\n<li>Astuce dimensions : Pour votre housse de couette, privil\u00e9giez la taille exacte ou l\u00e9g\u00e8rement plus petite pour un effet gonfl\u00e9<!-- notionvc: e5e454c6-e3d4-43d1-990a-d13d94bc6905 --><\/li>\n<\/ul>\n<p>Les housses de couette Kalani sont vendues s\u00e9par\u00e9ment sans taies d\u2019oreiller, pour vous laisser le choix du nombre de taies, de la couleur et des tailles dont vous avez besoin. Pour vivre la meilleure exp\u00e9rience de lit, nous recommandons de combiner l\u2019achat de cette housse de couette avec des taies et des draps housse du m\u00eame tissu.<\/p>\n","protected":false},"excerpt":{"rendered":"<p>Et si on dormait comme &agrave; l&rsquo;h&ocirc;tel ? D&eacute;clinaison subtile avec la broderie ajour&eacute;e. Sensation de frais, toujours nickel en &ldquo;mode repass&eacute; et lit au carr&eacute;&rdquo; ou effet chiffonn&eacute; en &ldquo;mode urbain n&eacute;glig&eacute; mais styl&eacute;&rdquo;&hellip; les r&ecirc;veurs voyagent d&eacute;sormais &agrave; la maison et les voyageurs r&ecirc;vent de retrouver leur lit !<\/p>\n<p class=\"kalani-green\">Les taies d&rsquo;oreiller doivent &ecirc;tre command&eacute;es s&eacute;par&eacute;ment afin de vous laisser le choix des tailles et des couleurs<\/p>\n<p>Produit en 100% coton biologique &#038; certifi&eacute; Fairtrade, &eacute;thique et &eacute;cologique.<\/p>\n","protected":false},"featured_media":65764,"comment_status":"open","ping_status":"closed","template":"","meta":{"_acf_changed":false},"product_brand":[],"product_cat":[1409,1407],"product_tag":[],"class_list":{"0":"post-65118","1":"product","2":"type-product","3":"status-publish","4":"has-post-thumbnail","6":"product_cat-housse-de-couette","7":"product_cat-linge-de-lit","8":"pa_color-snow-white-fr","9":"pa_genre-housse-de-couette","10":"pa_material-percale-de-coton","11":"pa_origin-inde","12":"pa_size-140-x-200-cm-fr","13":"pa_size-200-x-200-cm-fr","14":"pa_size-240-x-220-cm-fr","15":"pa_size-260-x-240-cm-fr","17":"first","18":"instock","19":"taxable","20":"shipping-taxable","21":"purchasable","22":"product-type-variable","23":"has-default-attributes"},"acf":[],"_links":{"self":[{"href":"https:\/\/www.kalani-home.com\/fr\/wp-json\/wp\/v2\/product\/65118","targetHints":{"allow":["GET"]}}],"collection":[{"href":"https:\/\/www.kalani-home.com\/fr\/wp-json\/wp\/v2\/product"}],"about":[{"href":"https:\/\/www.kalani-home.com\/fr\/wp-json\/wp\/v2\/types\/product"}],"replies":[{"embeddable":true,"href":"https:\/\/www.kalani-home.com\/fr\/wp-json\/wp\/v2\/comments?post=65118"}],"wp:featuredmedia":[{"embeddable":true,"href":"https:\/\/www.kalani-home.com\/fr\/wp-json\/wp\/v2\/media\/65764"}],"wp:attachment":[{"href":"https:\/\/www.kalani-home.com\/fr\/wp-json\/wp\/v2\/media?parent=65118"}],"wp:term":[{"taxonomy":"product_brand","embeddable":true,"href":"https:\/\/www.kalani-home.com\/fr\/wp-json\/wp\/v2\/product_brand?post=65118"},{"taxonomy":"product_cat","embeddable":true,"href":"https:\/\/www.kalani-home.com\/fr\/wp-json\/wp\/v2\/product_cat?post=65118"},{"taxonomy":"product_tag","embeddable":true,"href":"https:\/\/www.kalani-home.com\/fr\/wp-json\/wp\/v2\/product_tag?post=65118"}],"curies":[{"name":"wp","href":"https:\/\/api.w.org\/{rel}","templated":true}]}}