{"id":65094,"date":"2020-10-02T00:00:00","date_gmt":"2020-10-01T22:00:00","guid":{"rendered":"https:\/\/content.kalani.eu\/shop\/drap-plat-en-percale-de-coton-brode\/"},"modified":"2025-11-16T15:58:15","modified_gmt":"2025-11-16T14:58:15","slug":"drap-plat-en-percale-de-coton-brode","status":"publish","type":"product","link":"https:\/\/www.kalani-home.com\/fr\/boutique\/drap-plat-en-percale-de-coton-brode\/","title":{"rendered":"Drap plat en Percale de coton brod\u00e9"},"content":{"rendered":"<p><strong>Mati\u00e8re<\/strong> : 100% Percale de coton tiss\u00e9 \u00e0 partir de fines et longues fibres de coton peign\u00e9, certifi\u00e9 biologique et fairtrade<\/p>\n<p><strong>D\u00e9tails :<\/strong><\/p>\n<ul>\n<li>Large ourlet \u00e0 la t\u00eate du lit avec surpiq\u00fbre et fine broderie\/ajour\u00e9 discr\u00e8t(e) \u00e0 travers le drap plat, 10cm sous la t\u00eate<\/li>\n<li>Drap id\u00e9al pour les nuits chaudes d\u2019\u00e9t\u00e9 ou pour toute l\u2019ann\u00e9e suivant un \u00ab style Am\u00e9ricain \u00bb en doublant la housse de couette<\/li>\n<li>100% Coton certifi\u00e9 GOTS, tra\u00e7able, OGM interdits, teintures \u00e9cologiques, saines, respectueuses de l\u2019environnement et prot\u00e9geant la biodiversit\u00e9<\/li>\n<li>100% Coton certifi\u00e9 Fairtrade, respectant les communaut\u00e9s de fermiers<\/li>\n<li>Fabriqu\u00e9 \u00e9thiquement en Inde dans des usines \u00e9quitables, respectant les ouvriers<\/li>\n<li>Cr\u00e9\u00e9 avec passion, fait main avec amour pour la satisfaction des clients<\/li>\n<li>Percale de coton supr\u00eame, r\u00e9alis\u00e9 avec 300TC (118-120fils\/cm\u00b2) simple pli<\/li>\n<li>Devient de plus en plus doux \u00e0 l\u2019utilisation et au fur et \u00e0 mesure des lavages<\/li>\n<li>Pas besoin de repassage pour aspect \u00ab chiffonn\u00e9 cool \u00bb ou repassage pour aspect h\u00f4tel<\/li>\n<\/ul>\n","protected":false},"excerpt":{"rendered":"<p>Et si on dormait comme \u00e0 l\u2019h\u00f4tel ? D\u00e9clinaison subtile avec la broderie ajour\u00e9e. Sensation de frais, toujours nickel en \u201cmode repass\u00e9 et lit au carr\u00e9\u201d ou effet chiffonn\u00e9 en \u201cmode urbain n\u00e9glig\u00e9 mais styl\u00e9\u201d\u2026 les r\u00eaveurs voyagent d\u00e9sormais \u00e0 la maison et les voyageurs r\u00eavent de retrouver leur lit !<\/p>\n<p>Produit en 100% coton biologique &amp; Fairtrade certifi\u00e9, \u00e9thique et \u00e9cologique.<\/p>\n","protected":false},"featured_media":130745,"comment_status":"open","ping_status":"closed","template":"","meta":{"_acf_changed":false},"product_brand":[],"product_cat":[1411,1407],"product_tag":[],"class_list":{"0":"post-65094","1":"product","2":"type-product","3":"status-publish","4":"has-post-thumbnail","6":"product_cat-drap-plat","7":"product_cat-linge-de-lit","8":"pa_color-snow-white-fr","9":"pa_genre-drap-plat","10":"pa_material-percale-de-coton","11":"pa_origin-inde","12":"pa_size-180-x-290-cm-fr","13":"pa_size-180-x-310-cm-fr","14":"pa_size-250-x-290-cm-fr","15":"pa_size-250-x-310-cm","16":"pa_size-270-x-290-cm-fr","17":"pa_size-270-x-310-cm-fr","19":"first","20":"instock","21":"taxable","22":"shipping-taxable","23":"purchasable","24":"product-type-variable","25":"has-default-attributes"},"acf":[],"_links":{"self":[{"href":"https:\/\/www.kalani-home.com\/fr\/wp-json\/wp\/v2\/product\/65094","targetHints":{"allow":["GET"]}}],"collection":[{"href":"https:\/\/www.kalani-home.com\/fr\/wp-json\/wp\/v2\/product"}],"about":[{"href":"https:\/\/www.kalani-home.com\/fr\/wp-json\/wp\/v2\/types\/product"}],"replies":[{"embeddable":true,"href":"https:\/\/www.kalani-home.com\/fr\/wp-json\/wp\/v2\/comments?post=65094"}],"wp:featuredmedia":[{"embeddable":true,"href":"https:\/\/www.kalani-home.com\/fr\/wp-json\/wp\/v2\/media\/130745"}],"wp:attachment":[{"href":"https:\/\/www.kalani-home.com\/fr\/wp-json\/wp\/v2\/media?parent=65094"}],"wp:term":[{"taxonomy":"product_brand","embeddable":true,"href":"https:\/\/www.kalani-home.com\/fr\/wp-json\/wp\/v2\/product_brand?post=65094"},{"taxonomy":"product_cat","embeddable":true,"href":"https:\/\/www.kalani-home.com\/fr\/wp-json\/wp\/v2\/product_cat?post=65094"},{"taxonomy":"product_tag","embeddable":true,"href":"https:\/\/www.kalani-home.com\/fr\/wp-json\/wp\/v2\/product_tag?post=65094"}],"curies":[{"name":"wp","href":"https:\/\/api.w.org\/{rel}","templated":true}]}}