{"id":65063,"date":"2020-08-24T00:00:00","date_gmt":"2020-08-23T22:00:00","guid":{"rendered":"https:\/\/content.kalani.eu\/shop\/serviette-essuie-invite-luxe\/"},"modified":"2026-04-12T11:45:20","modified_gmt":"2026-04-12T09:45:20","slug":"serviette-essuie-invite-luxe","status":"publish","type":"product","link":"https:\/\/www.kalani-home.com\/fr\/boutique\/serviette-essuie-invite-luxe\/","title":{"rendered":"Serviette\/Essuie invit\u00e9 Luxe"},"content":{"rendered":"<p><strong>Mati\u00e8re<\/strong> : Tissu \u00e9ponge qualit\u00e9 Luxe fabriqu\u00e9 en Belgique en 100% coton peign\u00e9 biologique et vegan<\/p>\n<p><strong>D\u00e9tails :<\/strong><\/p>\n<ul>\n<li>Incroyablement doux gr\u00e2ce au coton peign\u00e9 \u00e0 longue fibre pour la qualit\u00e9 et \u00e0 la filature Low Twist Technology pour le touch\u00e9 exceptionnel<\/li>\n<li>Epais en 600g\/m\u00b2, mais pas trop \u00e9pais<\/li>\n<li>Ultra moelleux et enveloppant<\/li>\n<li>Super absorbant avec liteau r\u00e9duit \u00e0 3 cm sur les bords pour maximiser la surface de s\u00e9chage<\/li>\n<li>100% Coton certifi\u00e9 GOTS, tra\u00e7able, sans OGM, teintures \u00e9cologiques, saines, respectueuses de l\u2019environnement et prot\u00e9geant la biodiversit\u00e9<\/li>\n<li>100% Vegan approuv\u00e9 par PETA<\/li>\n<li>Fabriqu\u00e9 localement en BELGIQUE dans des usines qui produisent les plus grandes marques du monde<\/li>\n<li>Cr\u00e9\u00e9 avec passion<\/li>\n<li>Cordon suppl\u00e9mentaire pour un accrochage facilit\u00e9<\/li>\n<li>Etiquette de qualit\u00e9 Kalani<\/li>\n<li>Dimension standard : 30 x 50 cm<\/li>\n<\/ul>\n","protected":false},"excerpt":{"rendered":"<p>Essuie \/ Serviette pour accueillir vos invit\u00e9s dans vos toilettes ou salle de bain. Une petite attention simple, pratique et qui ravira tout le monde. En plus d\u2019\u00eatre pratiques, ces serviettes sont \u00e9paisses, ultra douces, moelleuses et super absorbantes. La petite touche de luxe et de confort pour tous !<\/p>\n<p>Produit en Belgique en 100% coton biologique certifi\u00e9 GOTS, \u00e9thique et \u00e9cologique.<\/p>\n","protected":false},"featured_media":286704,"comment_status":"open","ping_status":"closed","template":"","meta":{"_acf_changed":false},"product_brand":[],"product_cat":[3718,3733,3724,1408,3721,3730,3736,3739,2744],"product_tag":[],"class_list":{"0":"post-65063","1":"product","2":"type-product","3":"status-publish","4":"has-post-thumbnail","6":"product_cat-anniversaire-fr","7":"product_cat-fetes-des-meres-fr","8":"product_cat-fetes-des-peres-fr","9":"product_cat-linge-de-bain","10":"product_cat-noel-fr","11":"product_cat-petit-prix-fr","12":"product_cat-pour-faire-plaisir-fr","13":"product_cat-saint-valentin-fr","14":"product_cat-serviette-essuie-invite","15":"pa_color-anthracite-fr","16":"pa_color-cream-fr","17":"pa_color-forest-fr","18":"pa_color-kalani-blue-fr","19":"pa_color-navy-fr","20":"pa_color-ochre-fr","21":"pa_color-old-pink-fr","22":"pa_color-sand-fr","23":"pa_color-snow-white-fr","24":"pa_color-stone-grey-fr","25":"pa_color-taupe-fr","26":"pa_color-terracotta-fr","27":"pa_genre-serviette-essuie-invite","28":"pa_material-eponge-de-luxe","29":"pa_origin-inde","30":"pa_size-30-x-50-cm-fr","32":"first","33":"instock","34":"taxable","35":"shipping-taxable","36":"purchasable","37":"product-type-variable","38":"has-default-attributes"},"acf":[],"_links":{"self":[{"href":"https:\/\/www.kalani-home.com\/fr\/wp-json\/wp\/v2\/product\/65063","targetHints":{"allow":["GET"]}}],"collection":[{"href":"https:\/\/www.kalani-home.com\/fr\/wp-json\/wp\/v2\/product"}],"about":[{"href":"https:\/\/www.kalani-home.com\/fr\/wp-json\/wp\/v2\/types\/product"}],"replies":[{"embeddable":true,"href":"https:\/\/www.kalani-home.com\/fr\/wp-json\/wp\/v2\/comments?post=65063"}],"wp:featuredmedia":[{"embeddable":true,"href":"https:\/\/www.kalani-home.com\/fr\/wp-json\/wp\/v2\/media\/286704"}],"wp:attachment":[{"href":"https:\/\/www.kalani-home.com\/fr\/wp-json\/wp\/v2\/media?parent=65063"}],"wp:term":[{"taxonomy":"product_brand","embeddable":true,"href":"https:\/\/www.kalani-home.com\/fr\/wp-json\/wp\/v2\/product_brand?post=65063"},{"taxonomy":"product_cat","embeddable":true,"href":"https:\/\/www.kalani-home.com\/fr\/wp-json\/wp\/v2\/product_cat?post=65063"},{"taxonomy":"product_tag","embeddable":true,"href":"https:\/\/www.kalani-home.com\/fr\/wp-json\/wp\/v2\/product_tag?post=65063"}],"curies":[{"name":"wp","href":"https:\/\/api.w.org\/{rel}","templated":true}]}}