{"id":64467,"date":"2021-04-20T09:32:40","date_gmt":"2021-04-20T07:32:40","guid":{"rendered":"https:\/\/content.kalani.eu\/shop\/carte-cadeau\/"},"modified":"2026-04-24T13:46:43","modified_gmt":"2026-04-24T11:46:43","slug":"carte-cadeau","status":"publish","type":"product","link":"https:\/\/www.kalani-home.com\/fr\/boutique\/carte-cadeau\/","title":{"rendered":"Carte Cadeau"},"content":{"rendered":"<p>En plus de recevoir la carte cadeau de fa\u00e7on \u00e9lectronique, d\u00e9sormais nous offrons \u00e9galement un service gratuit permettant de vous envoyez une jolie carte dans une belle enveloppe envoy\u00e9e par la poste sur demande.<\/p>\n<p>Pour ce faire, configurez votre carte cadeau et envoyez-nous un email sur info@kalani-home.com en mentionnant:<\/p>\n<ol>\n<li>Votre num\u00e9ro de commande\u00a0(visible sur l&rsquo;e-mail de confirmation de commande).<\/li>\n<li>L&rsquo;adresse de livraison choisie.<\/li>\n<\/ol>\n<p>Les petites attentions font les plus belles relations. Et comme chez Kalani les petites gouttes font des grandes rivi\u00e8res, imaginez la joie que vous allez procurer en offrant une carte cadeau Kalani&#8230;<\/p>\n","protected":false},"excerpt":{"rendered":"<p>Envie de chouchouter votre entourage avec une chouette id\u00e9e cadeau, pour des nuits chouettes sous la couette, tout en \u00e9tant chouette avec la plan\u00e8te ?<\/p>\n<p>Nous avons pens\u00e9 \u00e0 tout. En plus vous \u00eates certains de ne pas vous tromper de taille, de couleur ou de mati\u00e8re !<\/p>\n<p>On vous le souffle\u2026 C\u2019est le cadeau id\u00e9al pour une pendaison de cr\u00e9maill\u00e8re, un mariage, un anniversaire, la f\u00eate des m\u00e8res, la f\u00eate des p\u00e8res, no\u00ebl&#8230; Bref, toutes les occasions sont bonnes pour faire plaisir ! \ud83d\ude42<\/p>\n","protected":false},"featured_media":40281,"comment_status":"open","ping_status":"closed","template":"","meta":{"_acf_changed":false},"product_brand":[],"product_cat":[3718,3727,3733,3724,1420,3742,3721,3730,3736,3739],"product_tag":[],"class_list":{"0":"post-64467","1":"product","2":"type-product","3":"status-publish","4":"has-post-thumbnail","6":"product_cat-anniversaire-fr","7":"product_cat-carte-cadeau-fr","8":"product_cat-fetes-des-meres-fr","9":"product_cat-fetes-des-peres-fr","10":"product_cat-idees-cadeaux-fr","11":"product_cat-mariage-fr","12":"product_cat-noel-fr","13":"product_cat-petit-prix-fr","14":"product_cat-pour-faire-plaisir-fr","15":"product_cat-saint-valentin-fr","17":"first","18":"instock","19":"purchasable","20":"product-type-pw-gift-card","21":"has-default-attributes"},"acf":[],"_links":{"self":[{"href":"https:\/\/www.kalani-home.com\/fr\/wp-json\/wp\/v2\/product\/64467","targetHints":{"allow":["GET"]}}],"collection":[{"href":"https:\/\/www.kalani-home.com\/fr\/wp-json\/wp\/v2\/product"}],"about":[{"href":"https:\/\/www.kalani-home.com\/fr\/wp-json\/wp\/v2\/types\/product"}],"replies":[{"embeddable":true,"href":"https:\/\/www.kalani-home.com\/fr\/wp-json\/wp\/v2\/comments?post=64467"}],"wp:featuredmedia":[{"embeddable":true,"href":"https:\/\/www.kalani-home.com\/fr\/wp-json\/wp\/v2\/media\/40281"}],"wp:attachment":[{"href":"https:\/\/www.kalani-home.com\/fr\/wp-json\/wp\/v2\/media?parent=64467"}],"wp:term":[{"taxonomy":"product_brand","embeddable":true,"href":"https:\/\/www.kalani-home.com\/fr\/wp-json\/wp\/v2\/product_brand?post=64467"},{"taxonomy":"product_cat","embeddable":true,"href":"https:\/\/www.kalani-home.com\/fr\/wp-json\/wp\/v2\/product_cat?post=64467"},{"taxonomy":"product_tag","embeddable":true,"href":"https:\/\/www.kalani-home.com\/fr\/wp-json\/wp\/v2\/product_tag?post=64467"}],"curies":[{"name":"wp","href":"https:\/\/api.w.org\/{rel}","templated":true}]}}