{"id":64386,"date":"2021-04-13T09:56:57","date_gmt":"2021-04-13T07:56:57","guid":{"rendered":"https:\/\/content.kalani.eu\/shop\/jersey-coton-premium-bundle\/"},"modified":"2026-02-25T04:07:41","modified_gmt":"2026-02-25T03:07:41","slug":"parure-en-jersey-de-coton-premium","status":"publish","type":"product","link":"https:\/\/www.kalani-home.com\/fr\/boutique\/parure-en-jersey-de-coton-premium\/","title":{"rendered":"Parure en Jersey de coton Premium"},"content":{"rendered":"<p><strong>Mati\u00e8re<\/strong> : 100% Jersey Premium en coton tricot\u00e9 \u00e0 partir de longues fibres de coton peign\u00e9, certifi\u00e9 biologique et fairtrade<\/p>\n<p><strong>D\u00e9tails : <\/strong>une parure est compos\u00e9e de 1 housse de couette + 1 ou 2 (au choix) taies d\u2019oreiller identiques + 1 drap-housse : Housse de couette :<\/p>\n<ul>\n<li style=\"list-style-type: none;\">\n<ul>\n<li>Ouverture avec des boutons en noix de coco naturels gardant votre couette en place<\/li>\n<li>Emball\u00e9 dans un magnifique sac de coton cr\u00e9\u00e9 pour \u00eatre r\u00e9utilisable<\/li>\n<li>Pour votre housse de couette, privil\u00e9giez la taille exacte ou l\u00e9g\u00e8rement plus petite pour un effet gonfl\u00e9<!-- notionvc: 89686690-4174-4292-b91b-7a1e022aaf8b --><\/li>\n<\/ul>\n<\/li>\n<\/ul>\n<p>Oreiller :<\/p>\n<ul>\n<li style=\"list-style-type: none;\">\n<ul>\n<li>Ouverture avec un rabat int\u00e9rieur large gardant votre oreiller bien en place<\/li>\n<li>Plusieurs tailles et formes disponibles pour correspondre au mieux aux dimensions de vos oreillers<\/li>\n<li>Pour vos taies d\u2019oreiller, choisissez la taille exacte de votre oreiller ou l\u00e9g\u00e8rement plus grande si n\u00e9cessaire<!-- notionvc: 29f492de-4825-41e6-b45b-e4f9ea549230 --><\/li>\n<\/ul>\n<\/li>\n<\/ul>\n<p>Drap housse :<\/p>\n<ul>\n<li style=\"list-style-type: none;\">\n<ul>\n<li>Finition exclusive avec \u00e9lastique exclusif tout autour pour une meilleure tenue sur les matelas<\/li>\n<li>Profondeur de 30cm ou 40cm convenant aux matelas \u00e9pais<\/li>\n<li>3 tailles de longueurs disponibles ; soit pour les matelas de 2m, soit pour les matelas plus longs jusqu\u2019\u00e0 2,2m<\/li>\n<\/ul>\n<\/li>\n<\/ul>\n<p>Tous les produits\u00a0:<\/p>\n<ul>\n<li style=\"list-style-type: none;\">\n<ul>\n<li>100% Coton certifi\u00e9 GOTS, tra\u00e7able, OGM interdits, teintures \u00e9cologiques, saines, respectueuses de l\u2019environnent et prot\u00e9geant la biodiversit\u00e9<\/li>\n<li>100% Coton certifi\u00e9 Fairtrade, respectant les communaut\u00e9s de fermiers<\/li>\n<li>Fabriqu\u00e9 \u00e9thiquement en Inde dans des usines \u00e9quitables, respectant les ouvriers<\/li>\n<li>Cr\u00e9\u00e9 avec passion, fait main avec amour pour la satisfaction des clients<\/li>\n<li>Simple Jersey Premium tricot\u00e9 avec une excellent \u00e9lasticit\u00e9 m\u00e9canique<\/li>\n<li>Mesures l\u00e9g\u00e8rement plus grandes pour s\u2019adapter parfaitement \u00e0 votre couette\u00a0apr\u00e8s le r\u00e9tr\u00e9cissement naturel des premiers lavages<\/li>\n<li>Pas besoin de repassage<\/li>\n<\/ul>\n<\/li>\n<\/ul>\n","protected":false},"excerpt":{"rendered":"<p>On dit un\u00a0grand OUI \u00e0 la paresse,\u00a0<strong>emmitoufl\u00e9<\/strong>\u00a0dans vos draps fa\u00e7on t-shirt pr\u00e9f\u00e9r\u00e9, sa\u00a0<strong>douceur<\/strong>\u00a0vous gardera au lit longtemps, tr\u00e8s longtemps\u2026<\/p>\n<p>Produit en 100% coton biologique &amp; Fairtrade certifi\u00e9, \u00e9thique et \u00e9cologique.<\/p>\n<p class=\"kalani-green\">par d\u00e9faut, le syst\u00e8me propose 1 taie d&rsquo;oreiller pour les personnes qui n&rsquo;en ont besoin que d&rsquo;une, si vous souhaitez 2 ou plus de taies d&rsquo;oreiller dans cette parure, veuillez adapter la quantit\u00e9 manuellement.<\/p>\n","protected":false},"featured_media":97984,"comment_status":"open","ping_status":"closed","template":"","meta":{"_acf_changed":false},"product_brand":[],"product_cat":[3718,3733,3724,1407,3742,3721,2637,3736,3739],"product_tag":[],"class_list":{"0":"post-64386","1":"product","2":"type-product","3":"status-publish","4":"has-post-thumbnail","6":"product_cat-anniversaire-fr","7":"product_cat-fetes-des-meres-fr","8":"product_cat-fetes-des-peres-fr","9":"product_cat-linge-de-lit","10":"product_cat-mariage-fr","11":"product_cat-noel-fr","12":"product_cat-linge-de-lit-parure","13":"product_cat-pour-faire-plaisir-fr","14":"product_cat-saint-valentin-fr","15":"pa_color-air-blue-fr","16":"pa_color-lava-grey-fr","17":"pa_color-light-grey-melange-fr","18":"pa_color-midnight-blue-fr","19":"pa_color-powder-pink-fr","20":"pa_color-snow-white-fr","21":"pa_color-stone-grey-fr","22":"pa_material-jersey-de-coton-premium","23":"pa_size-100-x-200-x-30-cm-fr","24":"pa_size-140-x-190-x-30-cm-fr","25":"pa_size-140-x-200-cm-fr","26":"pa_size-140-x-200-x-10-cm-fr","27":"pa_size-140-x-200-x-30-cm-fr","28":"pa_size-140-x-220-cm-fr","29":"pa_size-155-x-220-cm-fr","30":"pa_size-160-x-200-x-10-cm-fr","31":"pa_size-160-x-200-x-30-cm-fr","32":"pa_size-160-x-200-x-40-cm-fr","33":"pa_size-160-x-210-x-30-cm-fr","34":"pa_size-160-x-220-x-30-cm-fr","35":"pa_size-180-x-200-x-10-cm-fr","36":"pa_size-180-x-200-x-30-cm-fr","37":"pa_size-180-x-200-x-40-cm-fr","38":"pa_size-180-x-210-x-10-cm-fr","39":"pa_size-180-x-210-x-30-cm-fr","40":"pa_size-180-x-220-x-30-cm-fr","41":"pa_size-200-x-200-cm-fr","42":"pa_size-200-x-200-x-10-cm-fr","43":"pa_size-200-x-200-x-30-cm-fr","44":"pa_size-200-x-200-x-40-cm-fr","45":"pa_size-200-x-210-x-30-cm-fr","46":"pa_size-200-x-220-cm-fr","47":"pa_size-200-x-220-x-30-cm-fr","48":"pa_size-240-x-220-cm-fr","49":"pa_size-260-x-220-cm-fr","50":"pa_size-260-x-240-cm-fr","51":"pa_size-280-x-240-cm-fr","52":"pa_size-30-x-50-cm-fr","53":"pa_size-40-x-60-cm-fr","54":"pa_size-50-x-60-cm-fr","55":"pa_size-50-x-75-cm-fr","56":"pa_size-50-x-80-cm-fr","57":"pa_size-50-x-90-cm-fr","58":"pa_size-60-x-70-cm-fr","59":"pa_size-65-x-65-cm-fr","60":"pa_size-80-x-200-x-30-cm-fr","61":"pa_size-80-x-80-cm-fr","62":"pa_size-90-x-200-x-30-cm-fr","63":"pa_size-90-x-210-x-30-cm-fr","64":"pa_size-90-x-220-x-30-cm-fr","66":"first","67":"instock","68":"virtual","69":"taxable","70":"purchasable","71":"product-type-yith_bundle"},"acf":[],"_links":{"self":[{"href":"https:\/\/www.kalani-home.com\/fr\/wp-json\/wp\/v2\/product\/64386","targetHints":{"allow":["GET"]}}],"collection":[{"href":"https:\/\/www.kalani-home.com\/fr\/wp-json\/wp\/v2\/product"}],"about":[{"href":"https:\/\/www.kalani-home.com\/fr\/wp-json\/wp\/v2\/types\/product"}],"replies":[{"embeddable":true,"href":"https:\/\/www.kalani-home.com\/fr\/wp-json\/wp\/v2\/comments?post=64386"}],"wp:featuredmedia":[{"embeddable":true,"href":"https:\/\/www.kalani-home.com\/fr\/wp-json\/wp\/v2\/media\/97984"}],"wp:attachment":[{"href":"https:\/\/www.kalani-home.com\/fr\/wp-json\/wp\/v2\/media?parent=64386"}],"wp:term":[{"taxonomy":"product_brand","embeddable":true,"href":"https:\/\/www.kalani-home.com\/fr\/wp-json\/wp\/v2\/product_brand?post=64386"},{"taxonomy":"product_cat","embeddable":true,"href":"https:\/\/www.kalani-home.com\/fr\/wp-json\/wp\/v2\/product_cat?post=64386"},{"taxonomy":"product_tag","embeddable":true,"href":"https:\/\/www.kalani-home.com\/fr\/wp-json\/wp\/v2\/product_tag?post=64386"}],"curies":[{"name":"wp","href":"https:\/\/api.w.org\/{rel}","templated":true}]}}