{"id":58061,"date":"2020-08-02T11:56:51","date_gmt":"2020-08-02T09:56:51","guid":{"rendered":"https:\/\/content.kalani.eu\/shop\/masque-barriere-avec-poche-a-filtre\/"},"modified":"2026-05-11T09:49:18","modified_gmt":"2026-05-11T07:49:18","slug":"masque-barriere-avec-poche-a-filtre","status":"publish","type":"product","link":"https:\/\/www.kalani-home.com\/fr\/boutique\/masque-barriere-avec-poche-a-filtre\/","title":{"rendered":"Masque barri\u00e8re avec poche \u00e0 filtre"},"content":{"rendered":"<p><strong>Mati\u00e8re:<\/strong> 100% Satin de coton tiss\u00e9 \u00e0 partir de fines et longues fibres de coton peign\u00e9, certifi\u00e9 biologique et Fairtrade<\/p>\n<p><strong>Utilisation\u00a0:<\/strong><\/p>\n<ul>\n<li>Veuillez t\u00e9l\u00e9charger la notice d&rsquo;utilisation en cliquant sur le bouton au-dessus du bouton \u00ab\u00a0ajouter au panier\u00a0\u00bb et la lire avant l\u2019utilisation<\/li>\n<li>Lavez le masque \u00e0 au moins 60\u00b0 degr\u00e9s avant la premi\u00e8re utilisation. Tissu de haute qualit\u00e9 lavable \u00e9galement \u00e0 95\u00b0C si souhait\u00e9<\/li>\n<li>Peut \u00eatre repass\u00e9 \u00e0 tr\u00e8s haute temp\u00e9rature<\/li>\n<li>Lavable et r\u00e9utilisable plusieurs fois<\/li>\n<li>Il ne s&rsquo;agit pas d&rsquo;un produit m\u00e9dical ou d&rsquo;un \u00e9quipement de protection individuelle normalis\u00e9<\/li>\n<li>Le masque n&rsquo;est pas une protection personnelle contre les infections ou autres substances nocives, ce n&rsquo;est pas un produit destin\u00e9 au personnel soignant<\/li>\n<li>Le masque doit \u00eatre port\u00e9 sur le nez et la bouche et doit \u00eatre chang\u00e9 apr\u00e8s p\u00e9n\u00e9tration d&rsquo;humidit\u00e9, au maximum apr\u00e8s 4 heures. Pour \u00eatre efficace il ne faut jamais porter un masque en tissu plus de 4 heures avant de le laver<\/li>\n<li>Il est recommand\u00e9 pour chaque citoyen de disposer de minimum 5 masques pour en avoir toujours un ou deux par jours de propre et sec pendant la lessive des autres<\/li>\n<li>Les masques usag\u00e9s doivent \u00eatre conserv\u00e9s dans un sac \u00e0 l&rsquo;\u00e9preuve des contaminations (ou toute autre possibilit\u00e9 d&rsquo;\u00e9tanch\u00e9it\u00e9) ou lav\u00e9s directement apr\u00e8s utilisation<\/li>\n<li>Les mains et le visage doivent \u00eatre lav\u00e9s avant et apr\u00e8s l&rsquo;utilisation, y compris lorsque l\u2019on touche le masque dans tout autre cas<\/li>\n<li>Aucun retour de ce produit ne sera accept\u00e9 pour des raisons \u00e9videntes d&rsquo;hygi\u00e8ne<\/li>\n<\/ul>\n<p><strong>D\u00e9tails :<\/strong><\/p>\n<ul>\n<li>Taille (WxH)\u00a0: 19&#215;13\/14cm pli\u00e9 (taille du masque d\u00e9pli\u00e9 19&#215;21\/22cm), convient \u00e0 tous les adultes<\/li>\n<li>Poche pour ins\u00e9rer des filtres optionnels (filtres non fournis)<\/li>\n<li>100% Coton certifi\u00e9 GOTS, tra\u00e7able, OGM interdits, teintures \u00e9cologiques, saines, respectueuses de l\u2019environnement et prot\u00e9geant la biodiversit\u00e9<\/li>\n<li>100% Coton certifi\u00e9 Fairtrade, respectant les communaut\u00e9s de fermiers<\/li>\n<li>Fabriqu\u00e9 \u00e9thiquement en R\u00e9publique Tcheque dans des usines \u00e9quitables, respectant les ouvriers<\/li>\n<li>Cr\u00e9\u00e9 avec passion, fait main avec amour pour la satisfaction des clients<\/li>\n<li>Satin de coton de qualit\u00e9 h\u00f4teli\u00e8re \u00e0 haute densit\u00e9 : 250TC (250fils\/pouce carr\u00e9) simple pli<\/li>\n<li>Tissu pr\u00e9lav\u00e9 et pr\u00e9r\u00e9tr\u00e9ci<\/li>\n<li>Devient de plus en plus doux \u00e0 l\u2019utilisation et au fur et \u00e0 mesure des lavages<\/li>\n<\/ul>\n","protected":false},"excerpt":{"rendered":"<p><strong>Masque Fair-Eco-Comfo fabriqu\u00e9 en Europe\u00a0:<\/strong><\/p>\n<p><strong>Fairtrade\u00a0:<\/strong> fabriqu\u00e9 \u00e0 partir de coton certifi\u00e9 Fairtrade<\/p>\n<p><strong>Ecologique &amp; Bio\u00a0:<\/strong> fabriqu\u00e9 \u00e0 partir de coton bio certifi\u00e9 GOTS\u00a0<\/p>\n<p><strong>Merveilleusement confortable\u00a0:<\/strong> masque barri\u00e8re, tr\u00e8s respirant, con\u00e7u pour \u00eatre port\u00e9 pendant 4 heures non-stop sans \u00e9lastiques pour \u00e9viter les douleurs aux oreilles et \u00e0 la t\u00eate, et pour que le port du masque ne soit plus une contrainte.<\/p>\n","protected":false},"featured_media":58087,"comment_status":"open","ping_status":"closed","template":"","meta":{"_acf_changed":false},"product_brand":[],"product_cat":[3048,2487],"product_tag":[],"class_list":{"0":"post-58061","1":"product","2":"type-product","3":"status-publish","4":"has-post-thumbnail","6":"product_cat-accessoires-fr","7":"product_cat-masque-barriere","8":"pa_color-snow-white-fr","9":"pa_origin-republique-tcheque","10":"pa_size-13-x-19-cm-fr","12":"first","13":"instock","14":"sale","15":"taxable","16":"shipping-taxable","17":"purchasable","18":"product-type-variable","19":"has-default-attributes"},"acf":[],"_links":{"self":[{"href":"https:\/\/www.kalani-home.com\/fr\/wp-json\/wp\/v2\/product\/58061","targetHints":{"allow":["GET"]}}],"collection":[{"href":"https:\/\/www.kalani-home.com\/fr\/wp-json\/wp\/v2\/product"}],"about":[{"href":"https:\/\/www.kalani-home.com\/fr\/wp-json\/wp\/v2\/types\/product"}],"replies":[{"embeddable":true,"href":"https:\/\/www.kalani-home.com\/fr\/wp-json\/wp\/v2\/comments?post=58061"}],"wp:featuredmedia":[{"embeddable":true,"href":"https:\/\/www.kalani-home.com\/fr\/wp-json\/wp\/v2\/media\/58087"}],"wp:attachment":[{"href":"https:\/\/www.kalani-home.com\/fr\/wp-json\/wp\/v2\/media?parent=58061"}],"wp:term":[{"taxonomy":"product_brand","embeddable":true,"href":"https:\/\/www.kalani-home.com\/fr\/wp-json\/wp\/v2\/product_brand?post=58061"},{"taxonomy":"product_cat","embeddable":true,"href":"https:\/\/www.kalani-home.com\/fr\/wp-json\/wp\/v2\/product_cat?post=58061"},{"taxonomy":"product_tag","embeddable":true,"href":"https:\/\/www.kalani-home.com\/fr\/wp-json\/wp\/v2\/product_tag?post=58061"}],"curies":[{"name":"wp","href":"https:\/\/api.w.org\/{rel}","templated":true}]}}