{"id":53117,"date":"2019-06-14T00:00:00","date_gmt":"2019-06-13T22:00:00","guid":{"rendered":"https:\/\/content.kalani.eu\/shop\/serviette-essuie-liteau-ligne\/"},"modified":"2026-03-02T10:14:45","modified_gmt":"2026-03-02T09:14:45","slug":"drap-de-bain-douche-hotel-liteau-ligne","status":"publish","type":"product","link":"https:\/\/www.kalani-home.com\/fr\/boutique\/drap-de-bain-douche-hotel-liteau-ligne\/","title":{"rendered":"Drap de bain\/douche H\u00f4tel Liteau lign\u00e9"},"content":{"rendered":"<p><strong>Mati\u00e8re<\/strong> : \u00c9ponge qualit\u00e9 H\u00f4tel en 100% coton peign\u00e9 biologique, certifi\u00e9 Fairtrade et vegan<\/p>\n<p><strong>D\u00e9tails :<\/strong><\/p>\n<ul>\n<li>Liteau lign\u00e9<\/li>\n<li>100% Coton certifi\u00e9 GOTS, tra\u00e7able, OGM interdits, teintures \u00e9cologiques, saines, respectueuses de l\u2019environnement et prot\u00e9geant la biodiversit\u00e9<\/li>\n<li>100% Coton certifi\u00e9 Fairtrade, respectant les communaut\u00e9s de fermiers<\/li>\n<li>100% Vegan<\/li>\n<li>Fabriqu\u00e9 \u00e9thiquement en Inde dans des usines \u00e9quitables, respectant les ouvriers<\/li>\n<li>Cr\u00e9\u00e9 avec passion, fait main avec amour pour la satisfaction des clients<\/li>\n<li>470 g\/m\u00b2<\/li>\n<\/ul>\n<p><strong>Tailles disponibles :<\/strong><\/p>\n<ul>\n<li>Drap de douche : 70 x 140 cm<\/li>\n<li>Drap de bain : 100 x 150 cm<\/li>\n<\/ul>\n","protected":false},"excerpt":{"rendered":"<p>On fait peau neuve dans sa serviette de bain super confortable, aussi absorbante que moelleuse ! D\u00e9tails de style lign\u00e9s sont au rendez-vous pour un merveilleux moment de douceur\u2026 pour se sentir \u00e0 la maison comme \u00e0 l\u2019h\u00f4tel.<\/p>\n<p>Ce linge de bain qualit\u00e9 h\u00f4tel est enfin disponible pour des salles de bain uniques.<\/p>\n<p>Produit en 100% coton biologique &amp; certifi\u00e9 Fairtrade, \u00e9thique, \u00e9cologique et vegan.<\/p>\n","protected":false},"featured_media":65988,"comment_status":"open","ping_status":"closed","template":"","meta":{"_acf_changed":false},"product_brand":[],"product_cat":[1418,1408],"product_tag":[],"class_list":{"0":"post-53117","1":"product","2":"type-product","3":"status-publish","4":"has-post-thumbnail","6":"product_cat-drap-de-bain-douche","7":"product_cat-linge-de-bain","8":"pa_color-snow-white-fr","9":"pa_genre-drap-de-bain-douche","10":"pa_material-eponge-hotel","11":"pa_origin-inde","12":"pa_size-100-x-150-cm-fr","13":"pa_size-70-x-140-cm-fr","15":"first","16":"instock","17":"taxable","18":"shipping-taxable","19":"purchasable","20":"product-type-variable","21":"has-default-attributes"},"acf":[],"_links":{"self":[{"href":"https:\/\/www.kalani-home.com\/fr\/wp-json\/wp\/v2\/product\/53117","targetHints":{"allow":["GET"]}}],"collection":[{"href":"https:\/\/www.kalani-home.com\/fr\/wp-json\/wp\/v2\/product"}],"about":[{"href":"https:\/\/www.kalani-home.com\/fr\/wp-json\/wp\/v2\/types\/product"}],"replies":[{"embeddable":true,"href":"https:\/\/www.kalani-home.com\/fr\/wp-json\/wp\/v2\/comments?post=53117"}],"wp:featuredmedia":[{"embeddable":true,"href":"https:\/\/www.kalani-home.com\/fr\/wp-json\/wp\/v2\/media\/65988"}],"wp:attachment":[{"href":"https:\/\/www.kalani-home.com\/fr\/wp-json\/wp\/v2\/media?parent=53117"}],"wp:term":[{"taxonomy":"product_brand","embeddable":true,"href":"https:\/\/www.kalani-home.com\/fr\/wp-json\/wp\/v2\/product_brand?post=53117"},{"taxonomy":"product_cat","embeddable":true,"href":"https:\/\/www.kalani-home.com\/fr\/wp-json\/wp\/v2\/product_cat?post=53117"},{"taxonomy":"product_tag","embeddable":true,"href":"https:\/\/www.kalani-home.com\/fr\/wp-json\/wp\/v2\/product_tag?post=53117"}],"curies":[{"name":"wp","href":"https:\/\/api.w.org\/{rel}","templated":true}]}}