{"id":53115,"date":"2019-06-14T00:00:00","date_gmt":"2019-06-13T22:00:00","guid":{"rendered":"https:\/\/content.kalani.eu\/shop\/tapis-de-bain\/"},"modified":"2026-05-01T20:53:42","modified_gmt":"2026-05-01T18:53:42","slug":"tapis-de-bain-hotel","status":"publish","type":"product","link":"https:\/\/www.kalani-home.com\/fr\/boutique\/tapis-de-bain-hotel\/","title":{"rendered":"Tapis de bain H\u00f4tel"},"content":{"rendered":"<p><strong>Mati\u00e8re<\/strong> : \u00c9ponge qualit\u00e9 H\u00f4tel en 100% coton peign\u00e9 biologique, certifi\u00e9 Fairtrade et vegan<\/p>\n<p><strong>D\u00e9tails :<\/strong><\/p>\n<ul>\n<li>Dimension : 50 x 80 cm<\/li>\n<li>100% Coton certifi\u00e9 GOTS, tra\u00e7able, OGM interdits, teintures \u00e9cologiques, saines, respectueuses de l\u2019environnement et prot\u00e9geant la biodiversit\u00e9<\/li>\n<li>100% Coton certifi\u00e9 Fairtrade, respectant les communaut\u00e9s de fermiers<\/li>\n<li>100% Vegan<\/li>\n<li>Fabriqu\u00e9 \u00e9thiquement en Inde dans des usines \u00e9quitables, respectant les ouvriers<\/li>\n<li>Cr\u00e9\u00e9 avec passion, fait main avec amour pour la satisfaction des clients<\/li>\n<li>800 g\/m\u00b2<\/li>\n<\/ul>\n","protected":false},"excerpt":{"rendered":"<p>On fait rimer confort et s\u00e9curit\u00e9, le tout dans un design intemporel qui r\u00e9chauffera et s\u00e9chera les pieds des plus petits au plus grands. Super absorbant, l\u2019incontournable des salles de bains ne vous fera plus jamais marcher sur l\u2019eau&#8230;<\/p>\n<p>Ce linge de bain qualit\u00e9 h\u00f4tel est maintenant disponible pour votre salle de bain.<\/p>\n<p>Produit en 100% coton biologique &amp; certifi\u00e9 Fairtrade, \u00e9thique, \u00e9cologique et vegan.<\/p>\n","protected":false},"featured_media":65948,"comment_status":"open","ping_status":"closed","template":"","meta":{"_acf_changed":false},"product_brand":[],"product_cat":[1408,1414],"product_tag":[],"class_list":{"0":"post-53115","1":"product","2":"type-product","3":"status-publish","4":"has-post-thumbnail","6":"product_cat-linge-de-bain","7":"product_cat-tapis-de-bain","8":"pa_color-snow-white-fr","9":"pa_genre-tapis-de-bain","10":"pa_material-eponge-hotel","11":"pa_origin-inde","12":"pa_size-50-x-80-cm-fr","13":"pa_size-50-x-90-cm-fr","15":"first","16":"instock","17":"taxable","18":"shipping-taxable","19":"purchasable","20":"product-type-variable","21":"has-default-attributes"},"acf":[],"_links":{"self":[{"href":"https:\/\/www.kalani-home.com\/fr\/wp-json\/wp\/v2\/product\/53115","targetHints":{"allow":["GET"]}}],"collection":[{"href":"https:\/\/www.kalani-home.com\/fr\/wp-json\/wp\/v2\/product"}],"about":[{"href":"https:\/\/www.kalani-home.com\/fr\/wp-json\/wp\/v2\/types\/product"}],"replies":[{"embeddable":true,"href":"https:\/\/www.kalani-home.com\/fr\/wp-json\/wp\/v2\/comments?post=53115"}],"wp:featuredmedia":[{"embeddable":true,"href":"https:\/\/www.kalani-home.com\/fr\/wp-json\/wp\/v2\/media\/65948"}],"wp:attachment":[{"href":"https:\/\/www.kalani-home.com\/fr\/wp-json\/wp\/v2\/media?parent=53115"}],"wp:term":[{"taxonomy":"product_brand","embeddable":true,"href":"https:\/\/www.kalani-home.com\/fr\/wp-json\/wp\/v2\/product_brand?post=53115"},{"taxonomy":"product_cat","embeddable":true,"href":"https:\/\/www.kalani-home.com\/fr\/wp-json\/wp\/v2\/product_cat?post=53115"},{"taxonomy":"product_tag","embeddable":true,"href":"https:\/\/www.kalani-home.com\/fr\/wp-json\/wp\/v2\/product_tag?post=53115"}],"curies":[{"name":"wp","href":"https:\/\/api.w.org\/{rel}","templated":true}]}}