{"id":53106,"date":"2019-06-14T00:00:00","date_gmt":"2019-06-13T22:00:00","guid":{"rendered":"https:\/\/content.kalani.eu\/shop\/peignoir\/"},"modified":"2025-11-23T16:01:34","modified_gmt":"2025-11-23T15:01:34","slug":"peignoir-hotel","status":"publish","type":"product","link":"https:\/\/www.kalani-home.com\/fr\/boutique\/peignoir-hotel\/","title":{"rendered":"Peignoir H\u00f4tel"},"content":{"rendered":"<p><strong>Mati\u00e8re :<\/strong> \u00c9ponge qualit\u00e9 H\u00f4tel en 100% coton peign\u00e9 biologique, certifi\u00e9 Fairtrade et vegan<\/p>\n<p><strong>D\u00e9tails :<\/strong><\/p>\n<ul>\n<li>Peignoir col ch\u00e2le<\/li>\n<li>Unisexe<\/li>\n<li>Taille unique<\/li>\n<li>100% Coton certifi\u00e9 GOTS, tra\u00e7able, OGM interdits, teintures \u00e9cologiques, saines, respectueuses de l\u2019environnement et prot\u00e9geant la biodiversit\u00e9<\/li>\n<li>100% Coton certifi\u00e9 Fairtrade, respectant les communaut\u00e9s de fermiers<\/li>\n<li>100% Vegan<\/li>\n<li>Fabriqu\u00e9 \u00e9thiquement en Inde dans des usines \u00e9quitables, respectant les ouvriers<\/li>\n<li>Cr\u00e9\u00e9 avec passion, fait main avec amour pour la satisfaction des clients<\/li>\n<li>400 g\/m\u00b2<\/li>\n<li>Longueur totale : 120 cm<\/li>\n<li>2 poches<\/li>\n<li>Ceinture amovible et 2 passe ceinture<\/li>\n<\/ul>\n","protected":false},"excerpt":{"rendered":"<p>On se laisse s\u00e9duire par un agr\u00e9able moment cocooning, confortablement emmitoufl\u00e9 dans son joli peignoir tout beau, tout chaud ! Les sorties de bain s\u2019annoncent douces et moelleuses \u00e0 souhait\u2026<\/p>\n<p>B\u00e9n\u00e9ficiez du style et du confort comme \u00e0 l\u2019h\u00f4tel, m\u00eame chez vous.<\/p>\n<p>Produit en 100% coton biologique &amp; certifi\u00e9 Fairtrade, \u00e9thique, \u00e9cologique et vegan.<\/p>\n","protected":false},"featured_media":65952,"comment_status":"open","ping_status":"closed","template":"","meta":{"_acf_changed":false},"product_brand":[],"product_cat":[1408,1415],"product_tag":[],"class_list":{"0":"post-53106","1":"product","2":"type-product","3":"status-publish","4":"has-post-thumbnail","6":"product_cat-linge-de-bain","7":"product_cat-peignoir","8":"pa_color-snow-white-fr","9":"pa_genre-peignoir","10":"pa_material-eponge-hotel","11":"pa_origin-inde","12":"pa_size-taille-unique","14":"first","15":"instock","16":"taxable","17":"shipping-taxable","18":"purchasable","19":"product-type-variable","20":"has-default-attributes"},"acf":[],"_links":{"self":[{"href":"https:\/\/www.kalani-home.com\/fr\/wp-json\/wp\/v2\/product\/53106","targetHints":{"allow":["GET"]}}],"collection":[{"href":"https:\/\/www.kalani-home.com\/fr\/wp-json\/wp\/v2\/product"}],"about":[{"href":"https:\/\/www.kalani-home.com\/fr\/wp-json\/wp\/v2\/types\/product"}],"replies":[{"embeddable":true,"href":"https:\/\/www.kalani-home.com\/fr\/wp-json\/wp\/v2\/comments?post=53106"}],"wp:featuredmedia":[{"embeddable":true,"href":"https:\/\/www.kalani-home.com\/fr\/wp-json\/wp\/v2\/media\/65952"}],"wp:attachment":[{"href":"https:\/\/www.kalani-home.com\/fr\/wp-json\/wp\/v2\/media?parent=53106"}],"wp:term":[{"taxonomy":"product_brand","embeddable":true,"href":"https:\/\/www.kalani-home.com\/fr\/wp-json\/wp\/v2\/product_brand?post=53106"},{"taxonomy":"product_cat","embeddable":true,"href":"https:\/\/www.kalani-home.com\/fr\/wp-json\/wp\/v2\/product_cat?post=53106"},{"taxonomy":"product_tag","embeddable":true,"href":"https:\/\/www.kalani-home.com\/fr\/wp-json\/wp\/v2\/product_tag?post=53106"}],"curies":[{"name":"wp","href":"https:\/\/api.w.org\/{rel}","templated":true}]}}