{"id":53025,"date":"2016-07-27T00:00:00","date_gmt":"2016-07-26T22:00:00","guid":{"rendered":"https:\/\/content.kalani.eu\/shop\/taie-doreiller-en-percale-de-coton\/"},"modified":"2026-04-04T14:07:20","modified_gmt":"2026-04-04T12:07:20","slug":"taie-doreiller-en-percale-de-coton","status":"publish","type":"product","link":"https:\/\/www.kalani-home.com\/fr\/boutique\/taie-doreiller-en-percale-de-coton\/","title":{"rendered":"Taie d&rsquo;oreiller en Percale de coton"},"content":{"rendered":"<p><strong>Mati\u00e8re<\/strong> : 100% Percale de coton tiss\u00e9 \u00e0 partir de fines et longues fibres de coton peign\u00e9, certifi\u00e9 biologique et fairtrade<\/p>\n<p><strong>D\u00e9tails :<\/strong><\/p>\n<ul>\n<li>Ouverture avec un rabat int\u00e9rieur large gardant votre oreiller bien en place<\/li>\n<li>Plusieurs tailles et formes disponibles pour correspondre au mieux aux dimensions de vos oreillers<\/li>\n<li>Astuce dimensions: pour vos taies d\u2019oreiller, choisissez la taille exacte de votre oreiller ou l\u00e9g\u00e8rement plus grande si n\u00e9cessaire<!-- notionvc: 1c88bf24-df84-4466-b6c2-0e04d66c7f3f --><\/li>\n<li>100% Coton certifi\u00e9 GOTS, tra\u00e7able, OGM interdits, teintures \u00e9cologiques, saines, respectueuses de l\u2019environnement et prot\u00e9geant la biodiversit\u00e9<\/li>\n<li>100% Coton certifi\u00e9 Fairtrade, respectant les communaut\u00e9s de fermiers<\/li>\n<li>Fabriqu\u00e9 \u00e9thiquement en Inde dans des usines \u00e9quitables, respectant les ouvriers<\/li>\n<li>Cr\u00e9\u00e9 avec passion, fait main avec amour pour la satisfaction des clients<\/li>\n<li>Percale de coton supr\u00eame, r\u00e9alis\u00e9 avec 300TC (118-120fils\/cm\u00b2) simple pli<\/li>\n<li>Devient de plus en plus doux \u00e0 l\u2019utilisation et au fur et \u00e0 mesure des lavages<\/li>\n<li>Pas besoin de repassage pour aspect \u00ab chiffonn\u00e9 cool \u00bb ou repassage pour aspect h\u00f4tel<\/li>\n<\/ul>\n","protected":false},"excerpt":{"rendered":"<p>Et si on dormait comme \u00e0 l\u2019h\u00f4tel ? Sensation de frais, toujours nickel en \u201cmode repass\u00e9 et lit au carr\u00e9\u201d ou effet chiffonn\u00e9 en \u201cmode urbain n\u00e9glig\u00e9 mais styl\u00e9\u201d\u2026 les r\u00eaveurs voyagent d\u00e9sormais \u00e0 la maison et les voyageurs r\u00eavent de retrouver leur lit !<\/p>\n<p>Produit en 100% coton biologique &amp; Fairtrade certifi\u00e9, \u00e9thique et \u00e9cologique.<\/p>\n","protected":false},"featured_media":98061,"comment_status":"open","ping_status":"closed","template":"","meta":{"_acf_changed":false},"product_brand":[],"product_cat":[1407,1410],"product_tag":[],"class_list":{"0":"post-53025","1":"product","2":"type-product","3":"status-publish","4":"has-post-thumbnail","6":"product_cat-linge-de-lit","7":"product_cat-taie-doreiller","8":"pa_color-air-blue-fr","9":"pa_color-lava-grey-fr","10":"pa_color-midnight-blue-fr","11":"pa_color-snow-white-fr","12":"pa_color-stone-grey-fr","13":"pa_color-taupe-fr","14":"pa_genre-taie-doreiller","15":"pa_material-percale-de-coton","16":"pa_origin-inde","17":"pa_size-30-x-50-cm-fr","18":"pa_size-40-x-60-cm-fr","19":"pa_size-40-x-80-cm-fr","20":"pa_size-50-x-60-cm-fr","21":"pa_size-50-x-75-cm-fr","22":"pa_size-50-x-80-cm-fr","23":"pa_size-50-x-90-cm-fr","24":"pa_size-60-x-70-cm-fr","25":"pa_size-65-x-65-cm-fr","26":"pa_size-80-x-80-cm-fr","28":"first","29":"instock","30":"sale","31":"taxable","32":"shipping-taxable","33":"purchasable","34":"product-type-variable","35":"has-default-attributes"},"acf":[],"_links":{"self":[{"href":"https:\/\/www.kalani-home.com\/fr\/wp-json\/wp\/v2\/product\/53025","targetHints":{"allow":["GET"]}}],"collection":[{"href":"https:\/\/www.kalani-home.com\/fr\/wp-json\/wp\/v2\/product"}],"about":[{"href":"https:\/\/www.kalani-home.com\/fr\/wp-json\/wp\/v2\/types\/product"}],"replies":[{"embeddable":true,"href":"https:\/\/www.kalani-home.com\/fr\/wp-json\/wp\/v2\/comments?post=53025"}],"wp:featuredmedia":[{"embeddable":true,"href":"https:\/\/www.kalani-home.com\/fr\/wp-json\/wp\/v2\/media\/98061"}],"wp:attachment":[{"href":"https:\/\/www.kalani-home.com\/fr\/wp-json\/wp\/v2\/media?parent=53025"}],"wp:term":[{"taxonomy":"product_brand","embeddable":true,"href":"https:\/\/www.kalani-home.com\/fr\/wp-json\/wp\/v2\/product_brand?post=53025"},{"taxonomy":"product_cat","embeddable":true,"href":"https:\/\/www.kalani-home.com\/fr\/wp-json\/wp\/v2\/product_cat?post=53025"},{"taxonomy":"product_tag","embeddable":true,"href":"https:\/\/www.kalani-home.com\/fr\/wp-json\/wp\/v2\/product_tag?post=53025"}],"curies":[{"name":"wp","href":"https:\/\/api.w.org\/{rel}","templated":true}]}}