{"id":52926,"date":"2016-07-27T00:00:00","date_gmt":"2016-07-26T22:00:00","guid":{"rendered":"https:\/\/content.kalani.eu\/shop\/taie-doreiller-en-satin-de-coton\/"},"modified":"2026-05-13T13:32:32","modified_gmt":"2026-05-13T11:32:32","slug":"taie-doreiller-en-satin-de-coton","status":"publish","type":"product","link":"https:\/\/www.kalani-home.com\/fr\/boutique\/taie-doreiller-en-satin-de-coton\/","title":{"rendered":"Taie d&rsquo;oreiller en Satin de coton"},"content":{"rendered":"<p><strong>Mati\u00e8re :<\/strong> 100% Satin de coton tiss\u00e9 \u00e0 partir de fines et longues fibres de coton peign\u00e9, certifi\u00e9 biologique et Fairtrade<\/p>\n<p><strong>D\u00e9tails :<\/strong><\/p>\n<ul>\n<li>Ouverture avec un rabat int\u00e9rieur large gardant votre oreiller bien en place<\/li>\n<li>Plusieurs tailles et formes disponibles pour correspondre au mieux aux dimensions de vos oreillers<\/li>\n<li>Astuce dimensions: pour vos taies d\u2019oreiller, choisissez la taille exacte de votre oreiller ou l\u00e9g\u00e8rement plus grande si n\u00e9cessaire<!-- notionvc: 2de9e10e-d17b-4cf0-be27-1ed5affe97aa --><\/li>\n<li>100% Coton certifi\u00e9 GOTS, tra\u00e7able, OGM interdits, teintures \u00e9cologiques, saines, respectueuses de l\u2019environnement et prot\u00e9geant la biodiversit\u00e9<\/li>\n<li>100% Coton certifi\u00e9 Fairtrade, respectant les communaut\u00e9s de fermiers<\/li>\n<li>Fabriqu\u00e9 \u00e9thiquement en Inde dans des usines \u00e9quitables, respectant les ouvriers<\/li>\n<li>Cr\u00e9\u00e9 avec passion, fait main avec amour pour la satisfaction des clients<\/li>\n<li>Satin de coton supr\u00eame, r\u00e9alis\u00e9 avec 300TC (118-120fils\/cm\u00b2) simple pli<\/li>\n<li>Eclat lumineux subtil<\/li>\n<li>Devient de plus en plus doux \u00e0 l\u2019utilisation et au fur et \u00e0 mesure des lavages<\/li>\n<li>Pas besoin de repassage ou faible repassage<\/li>\n<\/ul>\n","protected":false},"excerpt":{"rendered":"<p>On se laisse s\u00e9duire par la douceur satin\u00e9e. Classe et luxe se rencontrent pour embellir nuits et matins. Les \u00e9picuriens en tomberont amoureux tout naturellement\u2026<\/p>\n<p>Produit en 100% coton biologique &amp; Fairtrade certifi\u00e9, \u00e9thique et \u00e9cologique.<\/p>\n","protected":false},"featured_media":296455,"comment_status":"open","ping_status":"closed","template":"","meta":{"_acf_changed":false},"product_brand":[],"product_cat":[3718,3733,3724,1407,3721,3730,1410],"product_tag":[],"class_list":{"0":"post-52926","1":"product","2":"type-product","3":"status-publish","4":"has-post-thumbnail","6":"product_cat-anniversaire-fr","7":"product_cat-fetes-des-meres-fr","8":"product_cat-fetes-des-peres-fr","9":"product_cat-linge-de-lit","10":"product_cat-noel-fr","11":"product_cat-petit-prix-fr","12":"product_cat-taie-doreiller","13":"pa_color-air-blue-fr","14":"pa_color-anthracite-fr","15":"pa_color-forest-fr","16":"pa_color-ivory-fr","17":"pa_color-kalani-blue-fr","18":"pa_color-lilac-fr","19":"pa_color-midnight-blue-fr","20":"pa_color-sage-fr","21":"pa_color-sand-fr","22":"pa_color-small-grey-dots-fr","23":"pa_color-snow-white-fr","24":"pa_color-soft-pink-fr","25":"pa_color-stone-grey-fr","26":"pa_color-taupe-fr","27":"pa_color-terracotta-fr","28":"pa_genre-taie-doreiller","29":"pa_material-satin-de-coton","30":"pa_origin-inde","31":"pa_size-30-x-50-cm-fr","32":"pa_size-40-x-60-cm-fr","33":"pa_size-40-x-80-cm-fr","34":"pa_size-50-x-60-cm-fr","35":"pa_size-50-x-75-cm-fr","36":"pa_size-50-x-80-cm-fr","37":"pa_size-50-x-90-cm-fr","38":"pa_size-60-x-70-cm-fr","39":"pa_size-65-x-65-cm-fr","40":"pa_size-80-x-80-cm-fr","42":"first","43":"instock","44":"sale","45":"featured","46":"taxable","47":"shipping-taxable","48":"purchasable","49":"product-type-variable","50":"has-default-attributes"},"acf":[],"_links":{"self":[{"href":"https:\/\/www.kalani-home.com\/fr\/wp-json\/wp\/v2\/product\/52926","targetHints":{"allow":["GET"]}}],"collection":[{"href":"https:\/\/www.kalani-home.com\/fr\/wp-json\/wp\/v2\/product"}],"about":[{"href":"https:\/\/www.kalani-home.com\/fr\/wp-json\/wp\/v2\/types\/product"}],"replies":[{"embeddable":true,"href":"https:\/\/www.kalani-home.com\/fr\/wp-json\/wp\/v2\/comments?post=52926"}],"wp:featuredmedia":[{"embeddable":true,"href":"https:\/\/www.kalani-home.com\/fr\/wp-json\/wp\/v2\/media\/296455"}],"wp:attachment":[{"href":"https:\/\/www.kalani-home.com\/fr\/wp-json\/wp\/v2\/media?parent=52926"}],"wp:term":[{"taxonomy":"product_brand","embeddable":true,"href":"https:\/\/www.kalani-home.com\/fr\/wp-json\/wp\/v2\/product_brand?post=52926"},{"taxonomy":"product_cat","embeddable":true,"href":"https:\/\/www.kalani-home.com\/fr\/wp-json\/wp\/v2\/product_cat?post=52926"},{"taxonomy":"product_tag","embeddable":true,"href":"https:\/\/www.kalani-home.com\/fr\/wp-json\/wp\/v2\/product_tag?post=52926"}],"curies":[{"name":"wp","href":"https:\/\/api.w.org\/{rel}","templated":true}]}}