{"id":52889,"date":"2016-07-27T00:00:00","date_gmt":"2016-07-26T22:00:00","guid":{"rendered":"https:\/\/content.kalani.eu\/shop\/drap-housse-en-jersey-de-coton-premium\/"},"modified":"2026-04-21T10:27:50","modified_gmt":"2026-04-21T08:27:50","slug":"drap-housse-en-jersey-de-coton-premium","status":"publish","type":"product","link":"https:\/\/www.kalani-home.com\/fr\/boutique\/drap-housse-en-jersey-de-coton-premium\/","title":{"rendered":"Drap housse en Jersey de coton Premium"},"content":{"rendered":"<p><strong>Mati\u00e8re :<\/strong> 100% Jersey Premium en coton tricot\u00e9 \u00e0 partir de longues fibres de coton peign\u00e9, certifi\u00e9 biologique et Fairtrade<\/p>\n<p><strong>D\u00e9tails :<\/strong><\/p>\n<ul>\n<li>Finition exclusive avec \u00e9lastique exclusif tout autour pour une meilleure tenue sur les matelas<\/li>\n<li>3 hauteurs de bonnets :\n<ul>\n<li>Bonnets de 30 cm pour les matelas standard<\/li>\n<li>Bonnets de 40cm de profondeur pour les matelas profonds<\/li>\n<li>Bonnets de 10cm pour les sur-matelas seuls<\/li>\n<\/ul>\n<\/li>\n<li>3 tailles de longueurs disponibles ; soit pour les matelas de 2m, soit pour les matelas plus longs jusqu\u2019\u00e0 2,2m<\/li>\n<li>100% Coton certifi\u00e9 GOTS, tra\u00e7able, OGM interdits, teintures \u00e9cologiques, saines, respectueuses de l\u2019environnement et prot\u00e9geant la biodiversit\u00e9<\/li>\n<li>100% Coton certifi\u00e9 Fairtrade, respectant les communaut\u00e9s de fermiers<\/li>\n<li>Fabriqu\u00e9 \u00e9thiquement en Inde dans des usines \u00e9quitables, respectant les ouvriers<\/li>\n<li>Cr\u00e9\u00e9 avec passion, fait main avec amour pour la satisfaction des clients<\/li>\n<li>Simple Jersey Premium tricot\u00e9 avec une excellente \u00e9lasticit\u00e9 m\u00e9canique<\/li>\n<li>Mesures l\u00e9g\u00e8rement plus grandes pour s\u2019adapter parfaitement \u00e0 votre matelas apr\u00e8s le r\u00e9tr\u00e9cissement naturel des premiers lavages<\/li>\n<li>Pas besoin de repassage<\/li>\n<\/ul>\n","protected":false},"excerpt":{"rendered":"<p>On dit un grand OUI \u00e0 la paresse, emmitoufl\u00e9 dans vos draps fa\u00e7on t-shirt pr\u00e9f\u00e9r\u00e9, sa douceur vous gardera au lit longtemps, tr\u00e8s longtemps&#8230;<\/p>\n<p>Produit en 100% coton biologique &amp; Fairtrade certifi\u00e9, \u00e9thique et \u00e9cologique.<\/p>\n","protected":false},"featured_media":39050,"comment_status":"open","ping_status":"closed","template":"","meta":{"_acf_changed":false},"product_brand":[],"product_cat":[1412,1407],"product_tag":[],"class_list":{"0":"post-52889","1":"product","2":"type-product","3":"status-publish","4":"has-post-thumbnail","6":"product_cat-drap-housse","7":"product_cat-linge-de-lit","8":"pa_color-air-blue-fr","9":"pa_color-lava-grey-fr","10":"pa_color-midnight-blue-fr","11":"pa_color-powder-pink-fr","12":"pa_color-snow-white-fr","13":"pa_color-stone-grey-fr","14":"pa_genre-drap-housse","15":"pa_material-jersey-de-coton-premium","16":"pa_origin-inde","17":"pa_size-100-x-200-x-30-cm-fr","18":"pa_size-140-x-190-x-30-cm-fr","19":"pa_size-140-x-200-x-10-cm-fr","20":"pa_size-140-x-200-x-30-cm-fr","21":"pa_size-160-x-200-x-10-cm-fr","22":"pa_size-160-x-200-x-30-cm-fr","23":"pa_size-160-x-200-x-40-cm-fr","24":"pa_size-160-x-210-x-30-cm-fr","25":"pa_size-160-x-220-x-30-cm-fr","26":"pa_size-180-x-200-x-10-cm-fr","27":"pa_size-180-x-200-x-30-cm-fr","28":"pa_size-180-x-200-x-40-cm-fr","29":"pa_size-180-x-210-x-10-cm-fr","30":"pa_size-180-x-210-x-30-cm-fr","31":"pa_size-180-x-220-x-30-cm-fr","32":"pa_size-200-x-200-x-10-cm-fr","33":"pa_size-200-x-200-x-30-cm-fr","34":"pa_size-200-x-200-x-40-cm-fr","35":"pa_size-200-x-210-x-30-cm-fr","36":"pa_size-200-x-220-x-30-cm-fr","37":"pa_size-80-x-200-x-30-cm-fr","38":"pa_size-90-x-200-x-30-cm-fr","39":"pa_size-90-x-210-x-30-cm-fr","40":"pa_size-90-x-220-x-30-cm-fr","42":"first","43":"instock","44":"taxable","45":"shipping-taxable","46":"purchasable","47":"product-type-variable","48":"has-default-attributes"},"acf":[],"_links":{"self":[{"href":"https:\/\/www.kalani-home.com\/fr\/wp-json\/wp\/v2\/product\/52889","targetHints":{"allow":["GET"]}}],"collection":[{"href":"https:\/\/www.kalani-home.com\/fr\/wp-json\/wp\/v2\/product"}],"about":[{"href":"https:\/\/www.kalani-home.com\/fr\/wp-json\/wp\/v2\/types\/product"}],"replies":[{"embeddable":true,"href":"https:\/\/www.kalani-home.com\/fr\/wp-json\/wp\/v2\/comments?post=52889"}],"wp:featuredmedia":[{"embeddable":true,"href":"https:\/\/www.kalani-home.com\/fr\/wp-json\/wp\/v2\/media\/39050"}],"wp:attachment":[{"href":"https:\/\/www.kalani-home.com\/fr\/wp-json\/wp\/v2\/media?parent=52889"}],"wp:term":[{"taxonomy":"product_brand","embeddable":true,"href":"https:\/\/www.kalani-home.com\/fr\/wp-json\/wp\/v2\/product_brand?post=52889"},{"taxonomy":"product_cat","embeddable":true,"href":"https:\/\/www.kalani-home.com\/fr\/wp-json\/wp\/v2\/product_cat?post=52889"},{"taxonomy":"product_tag","embeddable":true,"href":"https:\/\/www.kalani-home.com\/fr\/wp-json\/wp\/v2\/product_tag?post=52889"}],"curies":[{"name":"wp","href":"https:\/\/api.w.org\/{rel}","templated":true}]}}