{"id":52805,"date":"2016-07-26T00:00:00","date_gmt":"2016-07-25T22:00:00","guid":{"rendered":"https:\/\/content.kalani.eu\/shop\/drap-plat-en-satin-de-coton\/"},"modified":"2026-05-11T22:06:23","modified_gmt":"2026-05-11T20:06:23","slug":"drap-plat-en-satin-de-coton","status":"publish","type":"product","link":"https:\/\/www.kalani-home.com\/fr\/boutique\/drap-plat-en-satin-de-coton\/","title":{"rendered":"Drap plat en Satin de coton"},"content":{"rendered":"<p><strong>Mati\u00e8re :<\/strong> 100% Satin de coton tiss\u00e9 \u00e0 partir de fines et longues fibres de coton peign\u00e9, certifi\u00e9 biologique et Fairtrade<\/p>\n<p><strong>D\u00e9tails :<\/strong><\/p>\n<ul>\n<li>Large ourlet \u00e0 la t\u00eate du lit avec surpiq\u00fbre<\/li>\n<li>Drap id\u00e9al pour les nuits chaudes d\u2019\u00e9t\u00e9 ou pour toute l\u2019ann\u00e9e suivant un \u00ab style Am\u00e9ricain \u00bb en doublant la housse de couette<\/li>\n<li>100% Coton certifi\u00e9 GOTS, tra\u00e7able, OGM interdits, teintures \u00e9cologiques, saines, respectueuses de l\u2019environnement et prot\u00e9geant la biodiversit\u00e9<\/li>\n<li>100% Coton certifi\u00e9 Fairtrade, respectant les communaut\u00e9s de fermiers<\/li>\n<li>Fabriqu\u00e9 \u00e9thiquement en Inde dans des usines \u00e9quitables, respectant les ouvriers<\/li>\n<li>Cr\u00e9\u00e9 avec passion, fait main avec amour pour la satisfaction des clients<\/li>\n<li>Satin de coton supr\u00eame, r\u00e9alis\u00e9 avec 300TC (118-120fils\/cm\u00b2) simple pli<\/li>\n<li>Eclat lumineux subtil<\/li>\n<li>Devient de plus en plus doux \u00e0 l\u2019utilisation et au fur et \u00e0 mesure des lavages<\/li>\n<li>Pas besoin de repassage ou faible repassage<\/li>\n<\/ul>\n","protected":false},"excerpt":{"rendered":"<p>On se laisse s\u00e9duire par la douceur satin\u00e9e. Classe et luxe se rencontrent pour embellir nuits et matins. Les \u00e9picuriens en tomberont amoureux tout naturellement\u2026<\/p>\n<p>Produit en 100% coton biologique &amp; Fairtrade certifi\u00e9, \u00e9thique et \u00e9cologique.<\/p>\n","protected":false},"featured_media":296569,"comment_status":"open","ping_status":"closed","template":"","meta":{"_acf_changed":false},"product_brand":[],"product_cat":[1411,1407],"product_tag":[],"class_list":{"0":"post-52805","1":"product","2":"type-product","3":"status-publish","4":"has-post-thumbnail","6":"product_cat-drap-plat","7":"product_cat-linge-de-lit","8":"pa_color-air-blue-fr","9":"pa_color-anthracite-fr","10":"pa_color-forest-fr","11":"pa_color-ivory-fr","12":"pa_color-kalani-blue-fr","13":"pa_color-lilac-fr","14":"pa_color-midnight-blue-fr","15":"pa_color-sage-fr","16":"pa_color-sand-fr","17":"pa_color-small-grey-dots-fr","18":"pa_color-snow-white-fr","19":"pa_color-soft-pink-fr","20":"pa_color-stone-grey-fr","21":"pa_color-taupe-fr","22":"pa_color-terracotta-fr","23":"pa_genre-drap-plat","24":"pa_material-satin-de-coton","25":"pa_origin-inde","26":"pa_size-180-x-290-cm-fr","27":"pa_size-180-x-310-cm-fr","28":"pa_size-250-x-290-cm-fr","29":"pa_size-250-x-310-cm","30":"pa_size-270-x-290-cm-fr","31":"pa_size-270-x-310-cm-fr","33":"first","34":"instock","35":"taxable","36":"shipping-taxable","37":"purchasable","38":"product-type-variable","39":"has-default-attributes"},"acf":[],"_links":{"self":[{"href":"https:\/\/www.kalani-home.com\/fr\/wp-json\/wp\/v2\/product\/52805","targetHints":{"allow":["GET"]}}],"collection":[{"href":"https:\/\/www.kalani-home.com\/fr\/wp-json\/wp\/v2\/product"}],"about":[{"href":"https:\/\/www.kalani-home.com\/fr\/wp-json\/wp\/v2\/types\/product"}],"replies":[{"embeddable":true,"href":"https:\/\/www.kalani-home.com\/fr\/wp-json\/wp\/v2\/comments?post=52805"}],"wp:featuredmedia":[{"embeddable":true,"href":"https:\/\/www.kalani-home.com\/fr\/wp-json\/wp\/v2\/media\/296569"}],"wp:attachment":[{"href":"https:\/\/www.kalani-home.com\/fr\/wp-json\/wp\/v2\/media?parent=52805"}],"wp:term":[{"taxonomy":"product_brand","embeddable":true,"href":"https:\/\/www.kalani-home.com\/fr\/wp-json\/wp\/v2\/product_brand?post=52805"},{"taxonomy":"product_cat","embeddable":true,"href":"https:\/\/www.kalani-home.com\/fr\/wp-json\/wp\/v2\/product_cat?post=52805"},{"taxonomy":"product_tag","embeddable":true,"href":"https:\/\/www.kalani-home.com\/fr\/wp-json\/wp\/v2\/product_tag?post=52805"}],"curies":[{"name":"wp","href":"https:\/\/api.w.org\/{rel}","templated":true}]}}