{"id":52570,"date":"2016-07-26T00:00:00","date_gmt":"2016-07-25T22:00:00","guid":{"rendered":"https:\/\/content.kalani.eu\/shop\/drap-housse-en-satin-de-coton\/"},"modified":"2026-05-03T18:50:37","modified_gmt":"2026-05-03T16:50:37","slug":"drap-housse-en-satin-de-coton","status":"publish","type":"product","link":"https:\/\/www.kalani-home.com\/fr\/boutique\/drap-housse-en-satin-de-coton\/","title":{"rendered":"Drap housse en Satin de coton"},"content":{"rendered":"<p><strong>Mati\u00e8re :<\/strong> 100% Satin de coton tiss\u00e9 \u00e0 partir de fines et longues fibres de coton peign\u00e9, certifi\u00e9 biologique et Fairtrade<\/p>\n<p><strong>D\u00e9tails :<\/strong><\/p>\n<ul>\n<li>Finition exclusive avec \u00e9lastique exclusif tout autour pour une meilleure tenue sur les matelas<\/li>\n<li>3 hauteurs de bonnets :\n<ul>\n<li>Bonnets de 30 cm pour les matelas standard<\/li>\n<li>Bonnets de 40cm de profondeur pour les matelas profonds<\/li>\n<li>Bonnets de 10cm pour les sur-matelas seuls<\/li>\n<\/ul>\n<\/li>\n<li>3 tailles de longueurs disponibles ; soit pour les matelas de 2m, soit pour les matelas plus longs jusqu\u2019\u00e0 2,2m<\/li>\n<li>100% Coton certifi\u00e9 GOTS, tra\u00e7able, OGM interdits, teintures \u00e9cologiques, saines, respectueuses de l\u2019environnement et prot\u00e9geant la biodiversit\u00e9<\/li>\n<li>100% Coton certifi\u00e9 Fairtrade, respectant les communaut\u00e9s de fermiers<\/li>\n<li>Fabriqu\u00e9 \u00e9thiquement en Inde dans des usines \u00e9quitables, respectant les ouvriers<\/li>\n<li>Cr\u00e9\u00e9 avec passion, fait main avec amour pour la satisfaction des clients<\/li>\n<li>Satin de coton supr\u00eame, r\u00e9alis\u00e9 avec 300TC (118-120fils\/cm\u00b2) simple pli<\/li>\n<li>Eclat lumineux subtil<\/li>\n<li>Devient de plus en plus doux \u00e0 l\u2019utilisation et au fur et \u00e0 mesure des lavages<\/li>\n<li>Pas besoin de repassage ou faible repassage<\/li>\n<\/ul>\n","protected":false},"excerpt":{"rendered":"<p>On se laisse s\u00e9duire par la douceur satin\u00e9e. Classe et luxe se rencontrent pour embellir nuits et matins. Les \u00e9picuriens en tomberont amoureux tout naturellement\u2026<\/p>\n<p>Produit en 100% coton biologique &amp; Fairtrade certifi\u00e9, \u00e9thique et \u00e9cologique.<\/p>\n","protected":false},"featured_media":296507,"comment_status":"open","ping_status":"closed","template":"","meta":{"_acf_changed":false},"product_brand":[],"product_cat":[1412,1407],"product_tag":[],"class_list":{"0":"post-52570","1":"product","2":"type-product","3":"status-publish","4":"has-post-thumbnail","6":"product_cat-drap-housse","7":"product_cat-linge-de-lit","8":"pa_color-air-blue-fr","9":"pa_color-anthracite-fr","10":"pa_color-forest-fr","11":"pa_color-ivory-fr","12":"pa_color-kalani-blue-fr","13":"pa_color-lilac-fr","14":"pa_color-midnight-blue-fr","15":"pa_color-sage-fr","16":"pa_color-sand-fr","17":"pa_color-snow-white-fr","18":"pa_color-soft-pink-fr","19":"pa_color-stone-grey-fr","20":"pa_color-taupe-fr","21":"pa_color-terracotta-fr","22":"pa_genre-drap-housse","23":"pa_material-satin-de-coton","24":"pa_origin-inde","25":"pa_size-100-x-200-x-30-cm-fr","26":"pa_size-120-x-200-x-30-cm-fr","27":"pa_size-140-x-190-x-30-cm-fr","28":"pa_size-140-x-200-x-10-cm-fr","29":"pa_size-140-x-200-x-30-cm-fr","30":"pa_size-140-x-220-x-30-cm-fr","31":"pa_size-160-x-200-x-10-cm-fr","32":"pa_size-160-x-200-x-30-cm-fr","33":"pa_size-160-x-200-x-40-cm-fr","34":"pa_size-160-x-210-x-30-cm-fr","35":"pa_size-160-x-220-x-30-cm-fr","36":"pa_size-180-x-200-x-10-cm-fr","37":"pa_size-180-x-200-x-30-cm-fr","38":"pa_size-180-x-200-x-40-cm-fr","39":"pa_size-180-x-210-x-10-cm-fr","40":"pa_size-180-x-210-x-30-cm-fr","41":"pa_size-180-x-220-x-30-cm-fr","42":"pa_size-2-x-80-x-200-x-30-matelas-en-h-articule","43":"pa_size-2-x-80-x-210-x-30-matelas-en-h-articule","44":"pa_size-2-x-90-x-200-x-30-matelas-en-h-articule","45":"pa_size-2-x-90-x-210-x-30-matelas-en-h-articule","46":"pa_size-200-x-200-x-10-cm-fr","47":"pa_size-200-x-200-x-30-cm-fr","48":"pa_size-200-x-200-x-40-cm-fr","49":"pa_size-200-x-210-x-30-cm-fr","50":"pa_size-200-x-220-x-30-cm-fr","51":"pa_size-80-x-200-x-30-cm-fr","52":"pa_size-90-x-200-x-30-cm-fr","53":"pa_size-90-x-210-x-30-cm-fr","54":"pa_size-90-x-220-x-30-cm-fr","56":"first","57":"instock","58":"sale","59":"taxable","60":"shipping-taxable","61":"purchasable","62":"product-type-variable","63":"has-default-attributes"},"acf":[],"_links":{"self":[{"href":"https:\/\/www.kalani-home.com\/fr\/wp-json\/wp\/v2\/product\/52570","targetHints":{"allow":["GET"]}}],"collection":[{"href":"https:\/\/www.kalani-home.com\/fr\/wp-json\/wp\/v2\/product"}],"about":[{"href":"https:\/\/www.kalani-home.com\/fr\/wp-json\/wp\/v2\/types\/product"}],"replies":[{"embeddable":true,"href":"https:\/\/www.kalani-home.com\/fr\/wp-json\/wp\/v2\/comments?post=52570"}],"wp:featuredmedia":[{"embeddable":true,"href":"https:\/\/www.kalani-home.com\/fr\/wp-json\/wp\/v2\/media\/296507"}],"wp:attachment":[{"href":"https:\/\/www.kalani-home.com\/fr\/wp-json\/wp\/v2\/media?parent=52570"}],"wp:term":[{"taxonomy":"product_brand","embeddable":true,"href":"https:\/\/www.kalani-home.com\/fr\/wp-json\/wp\/v2\/product_brand?post=52570"},{"taxonomy":"product_cat","embeddable":true,"href":"https:\/\/www.kalani-home.com\/fr\/wp-json\/wp\/v2\/product_cat?post=52570"},{"taxonomy":"product_tag","embeddable":true,"href":"https:\/\/www.kalani-home.com\/fr\/wp-json\/wp\/v2\/product_tag?post=52570"}],"curies":[{"name":"wp","href":"https:\/\/api.w.org\/{rel}","templated":true}]}}