{"id":52537,"date":"2016-07-26T00:00:00","date_gmt":"2016-07-25T22:00:00","guid":{"rendered":"https:\/\/content.kalani.eu\/shop\/housse-de-couette-en-jersey-de-coton-premium\/"},"modified":"2026-05-11T18:29:26","modified_gmt":"2026-05-11T16:29:26","slug":"housse-de-couette-en-jersey-de-coton-premium","status":"publish","type":"product","link":"https:\/\/www.kalani-home.com\/fr\/boutique\/housse-de-couette-en-jersey-de-coton-premium\/","title":{"rendered":"Housse de couette en Jersey de coton Premium"},"content":{"rendered":"<p><strong>Mati\u00e8re :<\/strong> 100% Jersey Premium en coton tricot\u00e9 \u00e0 partir de longues fibres de coton peign\u00e9, certifi\u00e9 biologique et Fairtrade<\/p>\n<p><strong>D\u00e9tails :<\/strong><\/p>\n<ul>\n<li>Ouverture avec des boutons en noix de coco naturels gardant votre couette en place<\/li>\n<li>Emball\u00e9 dans un magnifique sac de coton cr\u00e9\u00e9 pour \u00eatre r\u00e9utilisable<\/li>\n<li>100% Coton certifi\u00e9 GOTS, tra\u00e7able, OGM interdits, teintures \u00e9cologiques, saines, respectueuses de l\u2019environnement et prot\u00e9geant la biodiversit\u00e9<\/li>\n<li>100% Coton certifi\u00e9 Fairtrade, respectant les communaut\u00e9s de fermiers<\/li>\n<li>Fabriqu\u00e9 \u00e9thiquement en Inde dans des usines \u00e9quitables, respectant les ouvriers<\/li>\n<li>Cr\u00e9\u00e9 avec passion, fait main avec amour pour la satisfaction des clients<\/li>\n<li>Simple Jersey Premium tricot\u00e9 avec une excellente \u00e9lasticit\u00e9 m\u00e9canique<\/li>\n<li>Mesures l\u00e9g\u00e8rement plus grandes pour s\u2019adapter parfaitement \u00e0 votre couette apr\u00e8s le r\u00e9tr\u00e9cissement naturel des premiers lavages<\/li>\n<li>Pas besoin de repassage<\/li>\n<li>Astuce dimensions : Pour votre housse de couette, privil\u00e9giez la taille exacte ou l\u00e9g\u00e8rement plus petite pour un effet gonfl\u00e9<\/li>\n<\/ul>\n<p class=\"kalani-green\">Les housses de couette Kalani sont vendues s\u00e9par\u00e9ment sans taies d\u2019oreiller, pour vous laisser le choix du nombre de taies, de la couleur et des tailles dont vous avez besoin. Pour vivre la meilleure exp\u00e9rience de lit, nous recommandons de combiner l\u2019achat de cette housse de couette avec des taies et des draps housse du m\u00eame tissu.<\/p>\n","protected":false},"excerpt":{"rendered":"<p>On dit un grand OUI \u00e0 la paresse, emmitoufl\u00e9 dans vos draps fa\u00e7on t-shirt pr\u00e9f\u00e9r\u00e9, sa douceur vous gardera au lit longtemps, tr\u00e8s longtemps&#8230;<\/p>\n<p class=\"kalani-green\">Les taies d\u2019oreiller doivent \u00eatre command\u00e9es s\u00e9par\u00e9ment afin de vous laisser le choix des tailles et des couleurs.<\/p>\n<p>Produit en 100% coton biologique &amp; Fairtrade certifi\u00e9, \u00e9thique et \u00e9cologique.<\/p>\n","protected":false},"featured_media":296688,"comment_status":"open","ping_status":"closed","template":"","meta":{"_acf_changed":false},"product_brand":[],"product_cat":[1409,1407],"product_tag":[],"class_list":{"0":"post-52537","1":"product","2":"type-product","3":"status-publish","4":"has-post-thumbnail","6":"product_cat-housse-de-couette","7":"product_cat-linge-de-lit","8":"pa_color-air-blue-fr","9":"pa_color-kalani-blue-fr","10":"pa_color-lava-grey-fr","11":"pa_color-light-grey-melange-fr","12":"pa_color-midnight-blue-fr","13":"pa_color-powder-pink-fr","14":"pa_color-snow-white-fr","15":"pa_color-soft-pink-fr","16":"pa_color-stone-grey-fr","17":"pa_genre-housse-de-couette","18":"pa_material-jersey-de-coton-premium","19":"pa_origin-inde","20":"pa_size-140-x-200-cm-fr","21":"pa_size-140-x-220-cm-fr","22":"pa_size-155-x-220-cm-fr","23":"pa_size-200-x-200-cm-fr","24":"pa_size-200-x-220-cm-fr","25":"pa_size-240-x-220-cm-fr","26":"pa_size-260-x-220-cm-fr","27":"pa_size-260-x-240-cm-fr","28":"pa_size-280-x-240-cm-fr","30":"first","31":"instock","32":"taxable","33":"shipping-taxable","34":"purchasable","35":"product-type-variable","36":"has-default-attributes"},"acf":[],"_links":{"self":[{"href":"https:\/\/www.kalani-home.com\/fr\/wp-json\/wp\/v2\/product\/52537","targetHints":{"allow":["GET"]}}],"collection":[{"href":"https:\/\/www.kalani-home.com\/fr\/wp-json\/wp\/v2\/product"}],"about":[{"href":"https:\/\/www.kalani-home.com\/fr\/wp-json\/wp\/v2\/types\/product"}],"replies":[{"embeddable":true,"href":"https:\/\/www.kalani-home.com\/fr\/wp-json\/wp\/v2\/comments?post=52537"}],"wp:featuredmedia":[{"embeddable":true,"href":"https:\/\/www.kalani-home.com\/fr\/wp-json\/wp\/v2\/media\/296688"}],"wp:attachment":[{"href":"https:\/\/www.kalani-home.com\/fr\/wp-json\/wp\/v2\/media?parent=52537"}],"wp:term":[{"taxonomy":"product_brand","embeddable":true,"href":"https:\/\/www.kalani-home.com\/fr\/wp-json\/wp\/v2\/product_brand?post=52537"},{"taxonomy":"product_cat","embeddable":true,"href":"https:\/\/www.kalani-home.com\/fr\/wp-json\/wp\/v2\/product_cat?post=52537"},{"taxonomy":"product_tag","embeddable":true,"href":"https:\/\/www.kalani-home.com\/fr\/wp-json\/wp\/v2\/product_tag?post=52537"}],"curies":[{"name":"wp","href":"https:\/\/api.w.org\/{rel}","templated":true}]}}