{"id":52423,"date":"2016-07-26T00:00:00","date_gmt":"2016-07-25T22:00:00","guid":{"rendered":"https:\/\/content.kalani.eu\/shop\/housse-de-couette-en-satin-de-coton\/"},"modified":"2026-04-09T22:25:35","modified_gmt":"2026-04-09T20:25:35","slug":"housse-de-couette-en-satin-de-coton","status":"publish","type":"product","link":"https:\/\/www.kalani-home.com\/fr\/boutique\/housse-de-couette-en-satin-de-coton\/","title":{"rendered":"Housse de couette en Satin de coton"},"content":{"rendered":"<p><strong>Mati\u00e8re :<\/strong> 100% Satin de coton tiss\u00e9 \u00e0 partir de fines et longues fibres de coton peign\u00e9, certifi\u00e9 biologique et Fairtrade<\/p>\n<p><strong>D\u00e9tails :<\/strong><\/p>\n<ul>\n<li>Ouverture en goulot de bouteille permettant de garder en place la couette en la bordant sous le matelas<\/li>\n<li>Emball\u00e9 dans un magnifique sac de coton cr\u00e9\u00e9 pour \u00eatre r\u00e9utilisable<\/li>\n<li>100% Coton certifi\u00e9 GOTS, tra\u00e7able, OGM interdits, teintures \u00e9cologiques, saines, respectueuses de l\u2019environnement et prot\u00e9geant la biodiversit\u00e9<\/li>\n<li>100% Coton certifi\u00e9 Fairtrade, respectant les communaut\u00e9s de fermiers<\/li>\n<li>Fabriqu\u00e9 \u00e9thiquement en Inde dans des usines \u00e9quitables, respectant les ouvriers<\/li>\n<li>Cr\u00e9\u00e9 avec passion, fait main avec amour pour la satisfaction des clients<\/li>\n<li>Satin de coton supr\u00eame, r\u00e9alis\u00e9 avec 300TC (118-120fils\/cm\u00b2) simple pli<\/li>\n<li>Eclat lumineux subtil<\/li>\n<li>Devient de plus en plus doux \u00e0 l\u2019utilisation et au fur et \u00e0 mesure des lavages<\/li>\n<li>Pas besoin de repassage ou faible repassage<\/li>\n<li>Astuce dimensions : Pour votre housse de couette, privil\u00e9giez la taille exacte ou l\u00e9g\u00e8rement plus petite pour un effet gonfl\u00e9<!-- notionvc: 4e681841-80cd-42c4-a154-a7ceff7b4553 --><\/li>\n<\/ul>\n<p class=\"kalani-green\">Les housses de couette Kalani sont vendues s\u00e9par\u00e9ment sans taies d\u2019oreiller, pour vous laisser le choix du nombre de taies, de la couleur et des tailles dont vous avez besoin. Pour vivre la meilleure exp\u00e9rience de lit, nous recommandons de combiner l\u2019achat de cette housse de couette avec des taies et des draps housse du m\u00eame tissu.<\/p>\n","protected":false},"excerpt":{"rendered":"<p>On se laisse s\u00e9duire par la douceur satin\u00e9e. Classe et luxe se rencontrent pour embellir nuits et matins. Les \u00e9picuriens en tomberont amoureux tout naturellement\u2026<\/p>\n<p class=\"kalani-green\">Les taies d\u2019oreiller doivent \u00eatre command\u00e9es s\u00e9par\u00e9ment afin de vous laisser le choix des tailles et des couleurs.<\/p>\n<p>Produit en 100% coton biologique &amp; Fairtrade certifi\u00e9, \u00e9thique et \u00e9cologique.<\/p>\n","protected":false},"featured_media":227720,"comment_status":"open","ping_status":"closed","template":"","meta":{"_acf_changed":false},"product_brand":[],"product_cat":[1409,1407],"product_tag":[],"class_list":{"0":"post-52423","1":"product","2":"type-product","3":"status-publish","4":"has-post-thumbnail","6":"product_cat-housse-de-couette","7":"product_cat-linge-de-lit","8":"pa_color-air-blue-fr","9":"pa_color-anthracite-fr","10":"pa_color-forest-fr","11":"pa_color-ivory-fr","12":"pa_color-kalani-blue-fr","13":"pa_color-lilac-fr","14":"pa_color-midnight-blue-fr","15":"pa_color-sage-fr","16":"pa_color-sand-fr","17":"pa_color-small-grey-dots-fr","18":"pa_color-snow-white-fr","19":"pa_color-soft-pink-fr","20":"pa_color-stone-grey-fr","21":"pa_color-taupe-fr","22":"pa_color-terracotta-fr","23":"pa_genre-housse-de-couette","24":"pa_material-satin-de-coton","25":"pa_origin-inde","26":"pa_size-140-x-200-cm-fr","27":"pa_size-140-x-220-cm-fr","28":"pa_size-155-x-220-cm-fr","29":"pa_size-200-x-200-cm-fr","30":"pa_size-200-x-220-cm-fr","31":"pa_size-240-x-220-cm-fr","32":"pa_size-260-x-220-cm-fr","33":"pa_size-260-x-240-cm-fr","34":"pa_size-280-x-240-cm-fr","36":"first","37":"instock","38":"taxable","39":"shipping-taxable","40":"purchasable","41":"product-type-variable","42":"has-default-attributes"},"acf":[],"_links":{"self":[{"href":"https:\/\/www.kalani-home.com\/fr\/wp-json\/wp\/v2\/product\/52423","targetHints":{"allow":["GET"]}}],"collection":[{"href":"https:\/\/www.kalani-home.com\/fr\/wp-json\/wp\/v2\/product"}],"about":[{"href":"https:\/\/www.kalani-home.com\/fr\/wp-json\/wp\/v2\/types\/product"}],"replies":[{"embeddable":true,"href":"https:\/\/www.kalani-home.com\/fr\/wp-json\/wp\/v2\/comments?post=52423"}],"wp:featuredmedia":[{"embeddable":true,"href":"https:\/\/www.kalani-home.com\/fr\/wp-json\/wp\/v2\/media\/227720"}],"wp:attachment":[{"href":"https:\/\/www.kalani-home.com\/fr\/wp-json\/wp\/v2\/media?parent=52423"}],"wp:term":[{"taxonomy":"product_brand","embeddable":true,"href":"https:\/\/www.kalani-home.com\/fr\/wp-json\/wp\/v2\/product_brand?post=52423"},{"taxonomy":"product_cat","embeddable":true,"href":"https:\/\/www.kalani-home.com\/fr\/wp-json\/wp\/v2\/product_cat?post=52423"},{"taxonomy":"product_tag","embeddable":true,"href":"https:\/\/www.kalani-home.com\/fr\/wp-json\/wp\/v2\/product_tag?post=52423"}],"curies":[{"name":"wp","href":"https:\/\/api.w.org\/{rel}","templated":true}]}}