{"id":297267,"date":"2026-05-05T09:21:19","date_gmt":"2026-05-05T07:21:19","guid":{"rendered":"https:\/\/www.kalani-home.com\/?post_type=product&#038;p=297267"},"modified":"2026-05-12T13:39:06","modified_gmt":"2026-05-12T11:39:06","slug":"serviette-essuie-a-main-luxe","status":"publish","type":"product","link":"https:\/\/www.kalani-home.com\/fr\/boutique\/serviette-essuie-a-main-luxe\/","title":{"rendered":"Serviette\/Essuie \u00e0 main Luxe"},"content":{"rendered":"<p><strong>Mati\u00e8re<\/strong> : Tissu \u00e9ponge qualit\u00e9 Luxe en 100% coton peign\u00e9 biologique et vegan<\/p>\n<p><strong>D\u00e9tails :<\/strong><\/p>\n<ul>\n<li>Incroyablement doux gr\u00e2ce au coton peign\u00e9 \u00e0 longue fibre pour la qualit\u00e9 et \u00e0 la filature Low Twist Technology pour le touch\u00e9 exceptionnel<\/li>\n<li>Epais en 600g\/m\u00b2, mais pas trop \u00e9pais pour des mouvements fluides sans risquer qu\u2019elle tombe<\/li>\n<li>Ultra moelleux et enveloppant<\/li>\n<li>Super absorbant avec liteau r\u00e9duit \u00e0 3cm sur les bords pour maximiser la surface de s\u00e9chage<\/li>\n<li>100% Coton certifi\u00e9 GOTS, tra\u00e7able, sans OGM, teintures \u00e9cologiques, saines, respectueuses de l\u2019environnement et prot\u00e9geant la biodiversit\u00e9<\/li>\n<li>100% Vegan approuv\u00e9 par PETA<\/li>\n<li>Fabriqu\u00e9 localement en Belgique et en Turquie dans des usines qui produisent les plus grandes marques du monde<\/li>\n<li>Cr\u00e9\u00e9 avec passion<\/li>\n<li>Cordon suppl\u00e9mentaire pour un accrochage facilit\u00e9<\/li>\n<li>Etiquette de qualit\u00e9 Kalani<\/li>\n<li>Dimension standart : 50 x 100 cm<\/li>\n<\/ul>\n","protected":false},"excerpt":{"rendered":"<p>Essuie\/Serviette de Luxe pour les mains, le visage ou la toilette plus largement. Linge de bain ultra doux, moelleux, enveloppant et super absorbant. L\u2019essentiel indispensable pour la salle de bain et un confort quotidien. Ces serviettes con\u00e7ues de fa\u00e7on luxueuses dans le respect du d\u00e9veloppement durable, sont faites pour vous suivre des ann\u00e9es dans votre salle de bain et rendre chaque matin et soir des plus agr\u00e9ables.<\/p>\n<p>Produit localement en 100% coton biologique certifi\u00e9 GOTS, \u00e9thique et \u00e9cologique.<\/p>\n","protected":false},"featured_media":297235,"comment_status":"open","ping_status":"closed","template":"","meta":{"_acf_changed":false},"product_brand":[],"product_cat":[3718,3733,3724,1408,3721,3730,3736,3739,2742],"product_tag":[],"class_list":{"0":"post-297267","1":"product","2":"type-product","3":"status-publish","4":"has-post-thumbnail","6":"product_cat-anniversaire-fr","7":"product_cat-fetes-des-meres-fr","8":"product_cat-fetes-des-peres-fr","9":"product_cat-linge-de-bain","10":"product_cat-noel-fr","11":"product_cat-petit-prix-fr","12":"product_cat-pour-faire-plaisir-fr","13":"product_cat-saint-valentin-fr","14":"product_cat-serviette-essuie-a-main-hotel","15":"pa_color-anthracite-fr","16":"pa_color-cream-fr","17":"pa_color-forest-fr","18":"pa_color-kalani-blue-fr","19":"pa_color-navy-fr","20":"pa_color-ochre-fr","21":"pa_color-old-pink-fr","22":"pa_color-sand-fr","23":"pa_color-snow-white-fr","24":"pa_color-stone-grey-fr","25":"pa_color-taupe-fr","26":"pa_color-terracotta-fr","27":"pa_genre-serviette-essuie-a-main","28":"pa_material-eponge-de-luxe","29":"pa_origin-inde","30":"pa_size-50-x-100-cm-fr-2","32":"first","33":"instock","34":"featured","35":"taxable","36":"shipping-taxable","37":"purchasable","38":"product-type-variable","39":"has-default-attributes"},"acf":[],"_links":{"self":[{"href":"https:\/\/www.kalani-home.com\/fr\/wp-json\/wp\/v2\/product\/297267","targetHints":{"allow":["GET"]}}],"collection":[{"href":"https:\/\/www.kalani-home.com\/fr\/wp-json\/wp\/v2\/product"}],"about":[{"href":"https:\/\/www.kalani-home.com\/fr\/wp-json\/wp\/v2\/types\/product"}],"replies":[{"embeddable":true,"href":"https:\/\/www.kalani-home.com\/fr\/wp-json\/wp\/v2\/comments?post=297267"}],"wp:featuredmedia":[{"embeddable":true,"href":"https:\/\/www.kalani-home.com\/fr\/wp-json\/wp\/v2\/media\/297235"}],"wp:attachment":[{"href":"https:\/\/www.kalani-home.com\/fr\/wp-json\/wp\/v2\/media?parent=297267"}],"wp:term":[{"taxonomy":"product_brand","embeddable":true,"href":"https:\/\/www.kalani-home.com\/fr\/wp-json\/wp\/v2\/product_brand?post=297267"},{"taxonomy":"product_cat","embeddable":true,"href":"https:\/\/www.kalani-home.com\/fr\/wp-json\/wp\/v2\/product_cat?post=297267"},{"taxonomy":"product_tag","embeddable":true,"href":"https:\/\/www.kalani-home.com\/fr\/wp-json\/wp\/v2\/product_tag?post=297267"}],"curies":[{"name":"wp","href":"https:\/\/api.w.org\/{rel}","templated":true}]}}