{"id":292209,"date":"2025-12-03T09:53:03","date_gmt":"2025-12-03T08:53:03","guid":{"rendered":"https:\/\/www.kalani-home.com\/?post_type=product&#038;p=292209"},"modified":"2026-02-11T17:01:32","modified_gmt":"2026-02-11T16:01:32","slug":"coffret-de-12-recharges-de-cire","status":"publish","type":"product","link":"https:\/\/www.kalani-home.com\/fr\/boutique\/coffret-de-12-recharges-de-cire\/","title":{"rendered":"Coffret de 12 recharges de cire"},"content":{"rendered":"<p>Ces recharges de bougie en cire de soja 100 % v\u00e9g\u00e9tale et biod\u00e9gradable sont sp\u00e9cialement con\u00e7ues pour les bougeoirs en b\u00e9ton des bougies artisanales Kalani x Terrae. Leur parfum d\u00e9licat \u00e0 la fleur de coton, d\u2019origine Grasse, est non toxique et cr\u00e9e une ambiance douce, apaisante et relaxante, id\u00e9ale pour le bien-\u00eatre \u00e0 la maison. Fabriqu\u00e9es en Belgique dans une entreprise de travail adapt\u00e9, ces recharges mettent en valeur un savoir-faire artisanal tout en favorisant l\u2019inclusion des personnes en situation de handicap, pour une bougie \u00e9thique, durable et engag\u00e9e.<\/p>\n<p><strong>Mati\u00e8re:<\/strong><\/p>\n<p><em>Recharges :<\/em> cire 100% v\u00e9g\u00e9tale, naturelles, parfums non toxiques (canc\u00e9rig\u00e8ne, mutag\u00e8ne, reprotoxique).<\/p>\n<p><strong>D\u00e9tails :<\/strong><\/p>\n<ul>\n<li>100% cire de soja blanche v\u00e9g\u00e9tale et biod\u00e9gradable sans OGM, parfum\u00e9e \u00e0 la fleur de coton.<\/li>\n<li>M\u00e8ches en coton.<\/li>\n<li>Les bougies Kalani sont Vegan (certifi\u00e9es PETA).<\/li>\n<li>Parfum doux, l\u00e9ger et subtile \u00e0 la fleur de coton (Origine du parfum : Grasse, France).<\/li>\n<li>Chaque recharge p\u00e8se environ 30 grammes et a un dur\u00e9e de br\u00fblage de 7 \u00e0 8 heures.<\/li>\n<li>Les recharges mesurent 2,5cm de haut et a un diam\u00e8tre de 4,5cm.<\/li>\n<li>Fabriqu\u00e9 \u00e9thiquement et localement par des artisans belges dans une entreprise de travail adapt\u00e9.<\/li>\n<\/ul>\n","protected":false},"excerpt":{"rendered":"<p>Offrez une seconde vie \u00e0 vos bougies Kalani x Terrae gr\u00e2ce \u00e0 ces 12 recharges en cire v\u00e9g\u00e9tale, d\u00e9licatement parfum\u00e9es \u00e0 la fleur de coton.<\/p>\n","protected":false},"featured_media":279356,"comment_status":"open","ping_status":"closed","template":"","meta":{"_acf_changed":false},"product_brand":[],"product_cat":[3048,3718,1419,3733,3724,1420,3742,3721,3730,3736,3739],"product_tag":[],"class_list":{"0":"post-292209","1":"product","2":"type-product","3":"status-publish","4":"has-post-thumbnail","6":"product_cat-accessoires-fr","7":"product_cat-anniversaire-fr","8":"product_cat-bougie","9":"product_cat-fetes-des-meres-fr","10":"product_cat-fetes-des-peres-fr","11":"product_cat-idees-cadeaux-fr","12":"product_cat-mariage-fr","13":"product_cat-noel-fr","14":"product_cat-petit-prix-fr","15":"product_cat-pour-faire-plaisir-fr","16":"product_cat-saint-valentin-fr","17":"pa_origin-belgique","18":"pa_size-12x-fr","20":"first","21":"instock","22":"taxable","23":"shipping-taxable","24":"purchasable","25":"product-type-variable"},"acf":[],"_links":{"self":[{"href":"https:\/\/www.kalani-home.com\/fr\/wp-json\/wp\/v2\/product\/292209","targetHints":{"allow":["GET"]}}],"collection":[{"href":"https:\/\/www.kalani-home.com\/fr\/wp-json\/wp\/v2\/product"}],"about":[{"href":"https:\/\/www.kalani-home.com\/fr\/wp-json\/wp\/v2\/types\/product"}],"replies":[{"embeddable":true,"href":"https:\/\/www.kalani-home.com\/fr\/wp-json\/wp\/v2\/comments?post=292209"}],"wp:featuredmedia":[{"embeddable":true,"href":"https:\/\/www.kalani-home.com\/fr\/wp-json\/wp\/v2\/media\/279356"}],"wp:attachment":[{"href":"https:\/\/www.kalani-home.com\/fr\/wp-json\/wp\/v2\/media?parent=292209"}],"wp:term":[{"taxonomy":"product_brand","embeddable":true,"href":"https:\/\/www.kalani-home.com\/fr\/wp-json\/wp\/v2\/product_brand?post=292209"},{"taxonomy":"product_cat","embeddable":true,"href":"https:\/\/www.kalani-home.com\/fr\/wp-json\/wp\/v2\/product_cat?post=292209"},{"taxonomy":"product_tag","embeddable":true,"href":"https:\/\/www.kalani-home.com\/fr\/wp-json\/wp\/v2\/product_tag?post=292209"}],"curies":[{"name":"wp","href":"https:\/\/api.w.org\/{rel}","templated":true}]}}