{"id":291991,"date":"2025-12-01T16:40:10","date_gmt":"2025-12-01T15:40:10","guid":{"rendered":"https:\/\/www.kalani-home.com\/?post_type=product&#038;p=291991"},"modified":"2026-03-19T08:24:39","modified_gmt":"2026-03-19T07:24:39","slug":"coffret-de-3-brumes-doreiller","status":"publish","type":"product","link":"https:\/\/www.kalani-home.com\/fr\/boutique\/coffret-de-3-brumes-doreiller\/","title":{"rendered":"Coffret de 3 brumes d&rsquo;oreiller"},"content":{"rendered":"<p>Le coffret de brumes d\u2019oreiller r\u00e9unit nos trois univers pour accompagner chaque moment de la soir\u00e9e : le bien-\u00eatre, le sommeil et la sensualit\u00e9<br \/>\n<strong>Sacred Balance<\/strong> aide \u00e0 apaiser l\u2019esprit et \u00e0 r\u00e9duire le stress gr\u00e2ce \u00e0 son parfum floral relaxant \u00e0 base de Palmarosa et de Rose Geranium.<br \/>\n<strong>Sweet Dreams<\/strong> favorise l\u2019endormissement et un sommeil profond avec ses notes douces et fra\u00eeches de Lavande, Mandarine et Orange.<br \/>\n<strong>Silken Desire<\/strong> \u00e9veille les sens et cr\u00e9e une atmosph\u00e8re intime gr\u00e2ce \u00e0 son parfum floral l\u00e9g\u00e8rement gourmand doux m\u00e9lange d\u2019Ylang-Ylang, de Bergamote et de Bois de rose.<\/p>\n<p>Nos brumes d\u2019oreiller 100% naturelles sont issues de la collaboration entre Kalani et Re.sentir. Fabriqu\u00e9es artisanalement en Belgique avec des huiles essentielles biologiques de Grasse en France, elles allient naturalit\u00e9 et raffinement.<\/p>\n<p><strong>Composition :<\/strong><\/p>\n<p><strong><em>Sweet Dreams<\/em><\/strong><\/p>\n<p><em>Ingr\u00e9dients :<\/em> Alcohol, Citrus Aurantium Dulcis Flower Water, Lavandula Angustifolia Oil, Citrus Reticulata Peel Oil, Citrus Sinensis Peel Oil.<\/p>\n<p><em>Contient :<\/em> Citral, Citronellol, Carvone, Coumarin, Geraniol, Limonene, Linalol, Alpha-Terpinene, Beta-Caryophyllene, Camphor, Geranyl Acetate, Linalyl Acetate, Pinene, Lavandula Augustifolia Oil, Citrus Aurantium Amara Peel Oil.<\/p>\n<p><strong><em>Sacred Balance<\/em><\/strong><\/p>\n<p><em>Ingr\u00e9dients :<\/em> Alcohol, Pelargonium Graveolens Flower Oil, Cymbopogon Martini Oil.<\/p>\n<p><em>Contient :<\/em> Citral, Citronellol, Geraniol, Limonene, Linalol, Beta-Caryophyllene, Geranyl Acetate, Pinene, Farnesol, Pelargonium Graveolens Flower Oil.<\/p>\n<p><strong><em>Silken Desire<\/em><\/strong><\/p>\n<p><em>Ingr\u00e9dients :<\/em> Alcohol, Aniba Rosaeodora Wood Oil, Cananga Odorata Flower Oil, Citrus Aurantium Bergamia Fruit Oil.<\/p>\n<p><em>Contient :<\/em> Citral, Citronellol, Benzyl Benzoate, Geraniol, Limonene, Linalol, Farnesol, (Iso)Eugenol, Terpinolene, Furocoumarin Natural, Bergapten Natural, Myrcene, Alpha-Pinene, Citronnellal, Bergamot Oil Exp., Benzyl Alcohol, Benzyl Benzoate, Benzyl Cinnamate, Benzyl Salicylate, Cinnamal, Cinnamyl Alcohol, Ylang-Ylang Extract.<\/p>\n<p><strong><em>Note :<\/em><\/strong> De par leur composition 100% naturelle, les brumes peuvent pr\u00e9senter un l\u00e9ger d\u00e9p\u00f4t. Cela est normal et n\u2019alt\u00e8re pas la qualit\u00e9 du produit.<\/p>\n<p><strong>Conseils et pr\u00e9cautions d\u2019emploi :<\/strong><\/p>\n<ul>\n<li>Secouer avant l\u2019emploi.<\/li>\n<li>Vaporiser 1 \u00e0 3 fois \u00e0 30 cm de l\u2019oreiller ou dans l\u2019air.<\/li>\n<li>Ne pas vaporiser sur la peau.<\/li>\n<li>Ne pas vaporiser sur des surfaces d\u00e9licates (cuir, bois, pierre naturelle\u2026).<\/li>\n<li>Tenir hors de la port\u00e9e de enfants.<\/li>\n<li>Ne pas utiliser pendant la grossesse ou l\u2019allaitement.<\/li>\n<li>Conserver \u00e0 l\u2019abri de la chaleur et de la lumi\u00e8re.<\/li>\n<\/ul>\n","protected":false},"excerpt":{"rendered":"<p>Coffret compos\u00e9 de trois brumes d\u2019oreiller d\u00e9di\u00e9es au sommeil (Sweet Dreams), \u00e0 la d\u00e9tente (Sacred Balance) et \u00e0 la sensualit\u00e9 (Silken Desire). Trois univers compl\u00e9mentaires pour transformer chaque coucher en un v\u00e9ritable rituel de douceur.<\/p>\n","protected":false},"featured_media":292162,"comment_status":"open","ping_status":"closed","template":"","meta":{"_acf_changed":false},"product_brand":[],"product_cat":[3048,3718,3821,3733,3724,1420,3742,3721,3730,3736,3739],"product_tag":[],"class_list":{"0":"post-291991","1":"product","2":"type-product","3":"status-publish","4":"has-post-thumbnail","6":"product_cat-accessoires-fr","7":"product_cat-anniversaire-fr","8":"product_cat-brume-doreiller-fr","9":"product_cat-fetes-des-meres-fr","10":"product_cat-fetes-des-peres-fr","11":"product_cat-idees-cadeaux-fr","12":"product_cat-mariage-fr","13":"product_cat-noel-fr","14":"product_cat-petit-prix-fr","15":"product_cat-pour-faire-plaisir-fr","16":"product_cat-saint-valentin-fr","17":"pa_origin-belgique","18":"pa_size-50ml-fr","20":"first","21":"instock","22":"taxable","23":"shipping-taxable","24":"purchasable","25":"product-type-variable","26":"has-default-attributes"},"acf":[],"_links":{"self":[{"href":"https:\/\/www.kalani-home.com\/fr\/wp-json\/wp\/v2\/product\/291991","targetHints":{"allow":["GET"]}}],"collection":[{"href":"https:\/\/www.kalani-home.com\/fr\/wp-json\/wp\/v2\/product"}],"about":[{"href":"https:\/\/www.kalani-home.com\/fr\/wp-json\/wp\/v2\/types\/product"}],"replies":[{"embeddable":true,"href":"https:\/\/www.kalani-home.com\/fr\/wp-json\/wp\/v2\/comments?post=291991"}],"wp:featuredmedia":[{"embeddable":true,"href":"https:\/\/www.kalani-home.com\/fr\/wp-json\/wp\/v2\/media\/292162"}],"wp:attachment":[{"href":"https:\/\/www.kalani-home.com\/fr\/wp-json\/wp\/v2\/media?parent=291991"}],"wp:term":[{"taxonomy":"product_brand","embeddable":true,"href":"https:\/\/www.kalani-home.com\/fr\/wp-json\/wp\/v2\/product_brand?post=291991"},{"taxonomy":"product_cat","embeddable":true,"href":"https:\/\/www.kalani-home.com\/fr\/wp-json\/wp\/v2\/product_cat?post=291991"},{"taxonomy":"product_tag","embeddable":true,"href":"https:\/\/www.kalani-home.com\/fr\/wp-json\/wp\/v2\/product_tag?post=291991"}],"curies":[{"name":"wp","href":"https:\/\/api.w.org\/{rel}","templated":true}]}}