{"id":291969,"date":"2025-12-01T16:12:24","date_gmt":"2025-12-01T15:12:24","guid":{"rendered":"https:\/\/www.kalani-home.com\/?post_type=product&#038;p=291969"},"modified":"2026-01-27T17:06:22","modified_gmt":"2026-01-27T16:06:22","slug":"brume-doreiller-sommeil-sweet-dreams","status":"publish","type":"product","link":"https:\/\/www.kalani-home.com\/fr\/boutique\/brume-doreiller-sommeil-sweet-dreams\/","title":{"rendered":"Brume d\u2019oreiller Sommeil &#8211; Sweet Dreams"},"content":{"rendered":"<p>La brume d\u2019oreiller 100% naturelle \u201cSweet Dreams\u201d diffuse les notes douces de Lavande, Mandarine et Orange, connues pour apaiser l\u2019esprit et favoriser un sommeil profond et r\u00e9parateur.<\/p>\n<p>Nos brumes d\u2019oreiller sont issues de la collaboration entre Kalani et Re.sentir. Elles sont fabriqu\u00e9es artisanalement en Belgique \u00e0 partir d\u2019huiles essentielles biologiques, dans une d\u00e9marche de qualit\u00e9, de naturalit\u00e9 et de bien-\u00eatre.<\/p>\n<p><strong>Composition :<\/strong><\/p>\n<p><strong><em>Ingr\u00e9dients :<\/em><\/strong> Alcohol, Citrus Aurantium Dulcis Flower Water, Lavandula Angustifolia Oil, Citrus Reticulata Peel Oil, Citrus Sinensis Peel Oil.<\/p>\n<p><strong><em>Contient :<\/em><\/strong> Citral, Citronellol, Carvone, Coumarin, Geraniol, Limonene, Linalol, Alpha-Terpinene, Beta-Caryophyllene, Camphor, Geranyl Acetate, Linalyl Acetate, Pinene, Lavandula Augustifolia Oil, Citrus Aurantium Amara Peel Oil.<\/p>\n<p><strong><em>Note :<\/em><\/strong> De par leur composition 100% naturelle, les brumes peuvent pr\u00e9senter un l\u00e9ger d\u00e9p\u00f4t. Cela est normal et n\u2019alt\u00e8re en rien la qualit\u00e9 du produit.<\/p>\n<p><strong>Conseils et pr\u00e9cautions d\u2019emploi :<\/strong><\/p>\n<ul>\n<li>Secouer avant l\u2019emploi.<\/li>\n<li>Vaporiser 1 \u00e0 3 fois \u00e0 30 cm de l\u2019oreiller ou dans l\u2019air.<\/li>\n<li>Ne pas vaporiser sur la peau.<\/li>\n<li>Ne pas vaporiser sur des surfaces d\u00e9licates (cuir, bois, pierre naturelle\u2026)<\/li>\n<li>Tenir hors de la port\u00e9e de enfants.<\/li>\n<li>Ne pas utiliser pendant la grossesse ou l\u2019allaitement.<\/li>\n<li>Conserver \u00e0 l\u2019abri de la chaleur et de la lumi\u00e8re.<\/li>\n<\/ul>\n","protected":false},"excerpt":{"rendered":"<p>Brume d\u2019oreiller au parfum doux et frais, id\u00e9ale pour un rituel du soir relaxant et un sommeil de qualit\u00e9.<\/p>\n","protected":false},"featured_media":292147,"comment_status":"open","ping_status":"closed","template":"","meta":{"_acf_changed":false},"product_brand":[],"product_cat":[3048,3718,3821,3733,3724,1420,3742,3721,3730,3736,3739],"product_tag":[],"class_list":{"0":"post-291969","1":"product","2":"type-product","3":"status-publish","4":"has-post-thumbnail","6":"product_cat-accessoires-fr","7":"product_cat-anniversaire-fr","8":"product_cat-brume-doreiller-fr","9":"product_cat-fetes-des-meres-fr","10":"product_cat-fetes-des-peres-fr","11":"product_cat-idees-cadeaux-fr","12":"product_cat-mariage-fr","13":"product_cat-noel-fr","14":"product_cat-petit-prix-fr","15":"product_cat-pour-faire-plaisir-fr","16":"product_cat-saint-valentin-fr","17":"pa_origin-belgique","18":"pa_size-50ml-fr","20":"first","21":"instock","22":"featured","23":"taxable","24":"shipping-taxable","25":"purchasable","26":"product-type-variable","27":"has-default-attributes"},"acf":[],"_links":{"self":[{"href":"https:\/\/www.kalani-home.com\/fr\/wp-json\/wp\/v2\/product\/291969","targetHints":{"allow":["GET"]}}],"collection":[{"href":"https:\/\/www.kalani-home.com\/fr\/wp-json\/wp\/v2\/product"}],"about":[{"href":"https:\/\/www.kalani-home.com\/fr\/wp-json\/wp\/v2\/types\/product"}],"replies":[{"embeddable":true,"href":"https:\/\/www.kalani-home.com\/fr\/wp-json\/wp\/v2\/comments?post=291969"}],"wp:featuredmedia":[{"embeddable":true,"href":"https:\/\/www.kalani-home.com\/fr\/wp-json\/wp\/v2\/media\/292147"}],"wp:attachment":[{"href":"https:\/\/www.kalani-home.com\/fr\/wp-json\/wp\/v2\/media?parent=291969"}],"wp:term":[{"taxonomy":"product_brand","embeddable":true,"href":"https:\/\/www.kalani-home.com\/fr\/wp-json\/wp\/v2\/product_brand?post=291969"},{"taxonomy":"product_cat","embeddable":true,"href":"https:\/\/www.kalani-home.com\/fr\/wp-json\/wp\/v2\/product_cat?post=291969"},{"taxonomy":"product_tag","embeddable":true,"href":"https:\/\/www.kalani-home.com\/fr\/wp-json\/wp\/v2\/product_tag?post=291969"}],"curies":[{"name":"wp","href":"https:\/\/api.w.org\/{rel}","templated":true}]}}