{"id":278695,"date":"2024-11-12T12:42:22","date_gmt":"2024-11-12T11:42:22","guid":{"rendered":"https:\/\/www.kalani-home.com\/shop\/plaid-en-laine-a-chevron-avec-franges\/"},"modified":"2026-03-27T10:17:21","modified_gmt":"2026-03-27T09:17:21","slug":"plaid-en-laine-a-chevron-avec-franges","status":"publish","type":"product","link":"https:\/\/www.kalani-home.com\/fr\/boutique\/plaid-en-laine-a-chevron-avec-franges\/","title":{"rendered":"Plaid en laine \u00e0 chevron avec franges"},"content":{"rendered":"<p><strong>Mati\u00e8re :<\/strong> 90% laine recycl\u00e9e certifi\u00e9e GRS, 10% laine vierge.<\/p>\n<p><strong>D\u00e9tails :<\/strong><\/p>\n<ul>\n<li>Plaid au design \u00e0 chevrons (Herringbone) avec franges blanc cass\u00e9.<\/li>\n<li>Taille unique\u00a0: 130x170cm (y compris les franges)<\/li>\n<li>Grammage de 200gsm (pas trop \u00e9pais, et pas trop l\u00e9ger)<\/li>\n<li>Produit certifi\u00e9 GRS (Global Recycled Standard), le label pour les<\/li>\n<li>produits textiles recycl\u00e9s le plus strict au monde. Cette certification tient compte du recyclage, de la tra\u00e7abilit\u00e9, de l\u2019environnement, d\u2019une limite sur les produits de teintures et des conditions sociales.<\/li>\n<li>Fabriqu\u00e9 \u00e9thiquement en Italie (Toscane).<\/li>\n<li>Cr\u00e9\u00e9 avec passion, fait main avec amour pour la satisfaction des clients.<\/li>\n<\/ul>\n","protected":false},"excerpt":{"rendered":"<p>Nos plaids en laine recycl\u00e9e apportent douceur et chaleur \u00e0 votre int\u00e9rieur. Ils sont id\u00e9als pour se cocooner, lire un livre ou ajouter une touche \u00e9l\u00e9gante et chaleureuse \u00e0 votre int\u00e9rieur. Leur design intemporel et minimaliste s\u2019adapte parfaitement \u00e0 chaque espace.<\/p>\n<p>Produit compos\u00e9 de 90% de laine recycl\u00e9e et 10% de laine vierge.<\/p>\n<p>Tiss\u00e9 et confectionn\u00e9 en Italie, Toscane.<\/p>\n","protected":false},"featured_media":278476,"comment_status":"open","ping_status":"closed","template":"","meta":{"_acf_changed":false},"product_brand":[],"product_cat":[3048,3718,3733,3724,3742,3721,1421,3736,3739],"product_tag":[],"class_list":{"0":"post-278695","1":"product","2":"type-product","3":"status-publish","4":"has-post-thumbnail","6":"product_cat-accessoires-fr","7":"product_cat-anniversaire-fr","8":"product_cat-fetes-des-meres-fr","9":"product_cat-fetes-des-peres-fr","10":"product_cat-mariage-fr","11":"product_cat-noel-fr","12":"product_cat-plaid","13":"product_cat-pour-faire-plaisir-fr","14":"product_cat-saint-valentin-fr","15":"pa_color-beige-off-white-fr","16":"pa_color-brown-off-white-fr","17":"pa_color-dark-grey-off-white-fr","18":"pa_color-denim-off-white-fr","19":"pa_color-light-grey-off-white-fr","20":"pa_genre-plaid-fr","21":"pa_material-laine-recyclee-tissee-fr","22":"pa_origin-italie-fr","23":"pa_size-130-x-170-cm-fr","25":"first","26":"instock","27":"featured","28":"taxable","29":"shipping-taxable","30":"purchasable","31":"product-type-variable","32":"has-default-attributes"},"acf":[],"_links":{"self":[{"href":"https:\/\/www.kalani-home.com\/fr\/wp-json\/wp\/v2\/product\/278695","targetHints":{"allow":["GET"]}}],"collection":[{"href":"https:\/\/www.kalani-home.com\/fr\/wp-json\/wp\/v2\/product"}],"about":[{"href":"https:\/\/www.kalani-home.com\/fr\/wp-json\/wp\/v2\/types\/product"}],"replies":[{"embeddable":true,"href":"https:\/\/www.kalani-home.com\/fr\/wp-json\/wp\/v2\/comments?post=278695"}],"wp:featuredmedia":[{"embeddable":true,"href":"https:\/\/www.kalani-home.com\/fr\/wp-json\/wp\/v2\/media\/278476"}],"wp:attachment":[{"href":"https:\/\/www.kalani-home.com\/fr\/wp-json\/wp\/v2\/media?parent=278695"}],"wp:term":[{"taxonomy":"product_brand","embeddable":true,"href":"https:\/\/www.kalani-home.com\/fr\/wp-json\/wp\/v2\/product_brand?post=278695"},{"taxonomy":"product_cat","embeddable":true,"href":"https:\/\/www.kalani-home.com\/fr\/wp-json\/wp\/v2\/product_cat?post=278695"},{"taxonomy":"product_tag","embeddable":true,"href":"https:\/\/www.kalani-home.com\/fr\/wp-json\/wp\/v2\/product_tag?post=278695"}],"curies":[{"name":"wp","href":"https:\/\/api.w.org\/{rel}","templated":true}]}}