{"id":275073,"date":"2024-08-05T10:01:12","date_gmt":"2024-08-05T08:01:12","guid":{"rendered":"https:\/\/www.kalani-home.com\/?post_type=product&#038;p=275073"},"modified":"2026-05-01T17:56:41","modified_gmt":"2026-05-01T15:56:41","slug":"taie-doreiller-en-gaze-de-coton","status":"publish","type":"product","link":"https:\/\/www.kalani-home.com\/fr\/boutique\/taie-doreiller-en-gaze-de-coton\/","title":{"rendered":"Taie d\u2019oreiller en Gaze de coton"},"content":{"rendered":"<p><strong>Mati\u00e8re :<\/strong> 100% Gaze de coton, double couche, bio cerifi\u00e9 GOTS, tiss\u00e9e \u00e0 partir de fibres de coton peign\u00e9 Premium.<\/p>\n<p><strong>D\u00e9tails :<\/strong><\/p>\n<ul>\n<li>Ouverture avec rabat int\u00e9rieur large, de 20 cm, pour garder votre oreiller bien en place.<\/li>\n<li>Plusieurs tailles et formes disponibles pour correspondre au mieux aux dimensions de vos oreillers.<\/li>\n<li>Astuce dimensions: pour vos taies d\u2019oreiller, choisissez la taille exacte de votre oreiller ou l\u00e9g\u00e8rement plus grande si n\u00e9cessaire<\/li>\n<li>Tissu doux en gaze de coton lav\u00e9e de 140 gr\/m2 en double couche.<\/li>\n<li>Le processus de pr\u00e9lavage de la gaze de coton, la rend tr\u00e8s douce et souple.<\/li>\n<li>Produit 100% biologique certifi\u00e9 GOTS, fabriqu\u00e9 \u00e0 partir de coton 100% biologique certifi\u00e9, tra\u00e7able, interdit aux OGM, teintures \u00e9cologiques et non toxiques, sain, respectueux de l&rsquo;environnement, prot\u00e9geant la biodiversit\u00e9.<\/li>\n<li>Fabriqu\u00e9 \u00e9thiquement au Portugal dans des usines \u00e9thiques, respectant les ouvriers.<\/li>\n<li>Cr\u00e9\u00e9 avec passion, fait main avec amour pour la satisfaction des clients.<\/li>\n<li>Devient de plus en plus doux \u00e0 l\u2019utilisation et au fur et \u00e0 mesure des lavages.<\/li>\n<li>Pas besoin de repassage.<\/li>\n<\/ul>\n","protected":false},"excerpt":{"rendered":"<p>Imaginez des draps de lit l\u00e9gers, ultra doux, respirants, a\u00e9riens, agr\u00e9ables en toute saison, extr\u00eamement confortables et au look tr\u00e8s convoit\u00e9&#8230;<br \/>\nLa gaze de coton rassemble ces caract\u00e9ristiques ! Elle est un excellent compromis entre le look d\u00e9contract\u00e9 et la thermor\u00e9gulation du lin lav\u00e9, et la douceur et le toucher du coton.<br \/>\nNotre gaze de coton est bio (certifi\u00e9e par GOTS) et locale. Les petits \u00ab plus \u00bb : elle n\u2019est pas trop volumineuse et est donc facile \u00e0 ranger ; vos draps en gaze de coton ne doivent jamais \u00eatre repass\u00e9s !<\/p>\n<p>Produit certifi\u00e9 GOTS, en 100% coton biologique \u00e9thique et \u00e9cologique. Tiss\u00e9 et confectionn\u00e9 dans le berceau textile du Portugal.<\/p>\n","protected":false},"featured_media":287334,"comment_status":"open","ping_status":"closed","template":"","meta":{"_acf_changed":false},"product_brand":[],"product_cat":[3718,3733,3724,1407,3721,3730,1410],"product_tag":[],"class_list":{"0":"post-275073","1":"product","2":"type-product","3":"status-publish","4":"has-post-thumbnail","6":"product_cat-anniversaire-fr","7":"product_cat-fetes-des-meres-fr","8":"product_cat-fetes-des-peres-fr","9":"product_cat-linge-de-lit","10":"product_cat-noel-fr","11":"product_cat-petit-prix-fr","12":"product_cat-taie-doreiller","13":"pa_color-ocean-blue-fr","14":"pa_color-powder-pink-fr","15":"pa_color-sage-fr","16":"pa_color-sand-fr","17":"pa_color-snow-white-fr","18":"pa_color-terracotta-fr","19":"pa_genre-taie-doreiller","20":"pa_material-gaze-de-coton-fr","21":"pa_origin-portugal-fr","22":"pa_size-30-x-50-cm-fr","23":"pa_size-40-x-60-cm-fr","24":"pa_size-50-x-60-cm-fr","25":"pa_size-50-x-75-cm-fr","26":"pa_size-60-x-70-cm-fr","27":"pa_size-65-x-65-cm-fr","29":"first","30":"instock","31":"taxable","32":"shipping-taxable","33":"purchasable","34":"product-type-variable","35":"has-default-attributes"},"acf":[],"_links":{"self":[{"href":"https:\/\/www.kalani-home.com\/fr\/wp-json\/wp\/v2\/product\/275073","targetHints":{"allow":["GET"]}}],"collection":[{"href":"https:\/\/www.kalani-home.com\/fr\/wp-json\/wp\/v2\/product"}],"about":[{"href":"https:\/\/www.kalani-home.com\/fr\/wp-json\/wp\/v2\/types\/product"}],"replies":[{"embeddable":true,"href":"https:\/\/www.kalani-home.com\/fr\/wp-json\/wp\/v2\/comments?post=275073"}],"wp:featuredmedia":[{"embeddable":true,"href":"https:\/\/www.kalani-home.com\/fr\/wp-json\/wp\/v2\/media\/287334"}],"wp:attachment":[{"href":"https:\/\/www.kalani-home.com\/fr\/wp-json\/wp\/v2\/media?parent=275073"}],"wp:term":[{"taxonomy":"product_brand","embeddable":true,"href":"https:\/\/www.kalani-home.com\/fr\/wp-json\/wp\/v2\/product_brand?post=275073"},{"taxonomy":"product_cat","embeddable":true,"href":"https:\/\/www.kalani-home.com\/fr\/wp-json\/wp\/v2\/product_cat?post=275073"},{"taxonomy":"product_tag","embeddable":true,"href":"https:\/\/www.kalani-home.com\/fr\/wp-json\/wp\/v2\/product_tag?post=275073"}],"curies":[{"name":"wp","href":"https:\/\/api.w.org\/{rel}","templated":true}]}}