{"id":275069,"date":"2024-08-05T10:01:14","date_gmt":"2024-08-05T08:01:14","guid":{"rendered":"https:\/\/www.kalani-home.com\/?post_type=product&#038;p=275069"},"modified":"2026-05-12T10:36:27","modified_gmt":"2026-05-12T08:36:27","slug":"drap-housse-gaze-de-coton","status":"publish","type":"product","link":"https:\/\/www.kalani-home.com\/fr\/boutique\/drap-housse-gaze-de-coton\/","title":{"rendered":"Drap housse Gaze de coton"},"content":{"rendered":"<p><strong>Mati\u00e8re :<\/strong> 100% Gaze de coton, double couche, bio cerifi\u00e9 GOTS, tiss\u00e9e \u00e0 partir de fibres de coton peign\u00e9 Premium.<\/p>\n<p><strong>D\u00e9tails :<\/strong><\/p>\n<ul>\n<li>Finition exclusive avec \u00e9lastique tout autour pour une meilleure tenue sur le matelas. <\/li>\n<li>Profondeur de 30 cm ou 40 cm convenant aux matelas \u00e9pais.<\/li>\n<li>3 tailles de longueur disponibles pour s&rsquo;adapter parfaitement \u00e0 la longueur de votre matelas : 2m ou 2.10 ou 2.20m.<\/li>\n<li>Tissu doux en gaze de coton lav\u00e9e de 140 gr\/m2 en double couche.<\/li>\n<li>Le processus de pr\u00e9lavage de la gaze de coton la rend tr\u00e8s douce et souple<\/li>\n<li>Produit 100% biologique certifi\u00e9 GOTS, fabriqu\u00e9 \u00e0 partir de coton 100% biologique certifi\u00e9, tra\u00e7able, interdit aux OGM, teintures \u00e9cologiques et non toxiques, sain, respectueux de l&rsquo;environnement, prot\u00e9geant la biodiversit\u00e9.<\/li>\n<li>Fabriqu\u00e9 \u00e9thiquement au Portugal dans des usines \u00e9thiques, respectant les ouvriers.<\/li>\n<li>Cr\u00e9\u00e9 avec passion, fait main avec amour pour la satisfaction des clients.<\/li>\n<li>Devient de plus en plus doux \u00e0 l\u2019utilisation et au fur et \u00e0 mesure des lavages.<\/li>\n<li>Pas besoin de repassage.<\/li>\n<\/ul>\n","protected":false},"excerpt":{"rendered":"<p>Imaginez des draps de lit l\u00e9gers, ultra doux, respirants, a\u00e9riens, agr\u00e9ables en toute saison, extr\u00eamement confortables et au look tr\u00e8s convoit\u00e9&#8230;<br \/>\nLa gaze de coton rassemble ces caract\u00e9ristiques ! Elle est un excellent compromis entre le look d\u00e9contract\u00e9 et la thermor\u00e9gulation du lin lav\u00e9, et la douceur et le toucher du coton.<br \/>\nNotre gaze de coton est bio (certifi\u00e9e par GOTS) et locale. Les petits \u00ab plus \u00bb : elle n\u2019est pas trop volumineuse et est donc facile \u00e0 ranger ; vos draps en gaze de coton ne doivent jamais \u00eatre repass\u00e9s !<\/p>\n<p>Produit certifi\u00e9 GOTS, en 100% coton biologique \u00e9thique et \u00e9cologique. Tiss\u00e9 et confectionn\u00e9 dans le berceau textile du Portugal.<\/p>\n","protected":false},"featured_media":287370,"comment_status":"open","ping_status":"closed","template":"","meta":{"_acf_changed":false},"product_brand":[],"product_cat":[1412,1407],"product_tag":[],"class_list":{"0":"post-275069","1":"product","2":"type-product","3":"status-publish","4":"has-post-thumbnail","6":"product_cat-drap-housse","7":"product_cat-linge-de-lit","8":"pa_color-ocean-blue-fr","9":"pa_color-powder-pink-fr","10":"pa_color-sage-fr","11":"pa_color-sand-fr","12":"pa_color-snow-white-fr","13":"pa_color-terracotta-fr","14":"pa_genre-drap-housse","15":"pa_material-gaze-de-coton-fr","16":"pa_origin-portugal-fr","17":"pa_size-140-x-190-x-30-cm-fr","18":"pa_size-140-x-200-x-30-cm-fr","19":"pa_size-160-x-200-x-30-cm-fr","20":"pa_size-180-x-200-x-30-cm-fr","21":"pa_size-200-x-200-x-30-cm-fr","22":"pa_size-90-x-200-x-30-cm-fr","24":"first","25":"instock","26":"taxable","27":"shipping-taxable","28":"purchasable","29":"product-type-variable","30":"has-default-attributes"},"acf":[],"_links":{"self":[{"href":"https:\/\/www.kalani-home.com\/fr\/wp-json\/wp\/v2\/product\/275069","targetHints":{"allow":["GET"]}}],"collection":[{"href":"https:\/\/www.kalani-home.com\/fr\/wp-json\/wp\/v2\/product"}],"about":[{"href":"https:\/\/www.kalani-home.com\/fr\/wp-json\/wp\/v2\/types\/product"}],"replies":[{"embeddable":true,"href":"https:\/\/www.kalani-home.com\/fr\/wp-json\/wp\/v2\/comments?post=275069"}],"wp:featuredmedia":[{"embeddable":true,"href":"https:\/\/www.kalani-home.com\/fr\/wp-json\/wp\/v2\/media\/287370"}],"wp:attachment":[{"href":"https:\/\/www.kalani-home.com\/fr\/wp-json\/wp\/v2\/media?parent=275069"}],"wp:term":[{"taxonomy":"product_brand","embeddable":true,"href":"https:\/\/www.kalani-home.com\/fr\/wp-json\/wp\/v2\/product_brand?post=275069"},{"taxonomy":"product_cat","embeddable":true,"href":"https:\/\/www.kalani-home.com\/fr\/wp-json\/wp\/v2\/product_cat?post=275069"},{"taxonomy":"product_tag","embeddable":true,"href":"https:\/\/www.kalani-home.com\/fr\/wp-json\/wp\/v2\/product_tag?post=275069"}],"curies":[{"name":"wp","href":"https:\/\/api.w.org\/{rel}","templated":true}]}}