{"id":275061,"date":"2024-08-05T10:01:18","date_gmt":"2024-08-05T08:01:18","guid":{"rendered":"https:\/\/www.kalani-home.com\/?post_type=product&#038;p=275061"},"modified":"2026-04-11T11:28:13","modified_gmt":"2026-04-11T09:28:13","slug":"drap-plat-en-gaze-de-coton","status":"publish","type":"product","link":"https:\/\/www.kalani-home.com\/fr\/boutique\/drap-plat-en-gaze-de-coton\/","title":{"rendered":"Drap plat en Gaze de coton"},"content":{"rendered":"<p><strong>Mati\u00e8re :<\/strong> 100% Gaze de coton, double couche, bio cerifi\u00e9 GOTS, tiss\u00e9e \u00e0 partir de fibres de coton peign\u00e9 Premium.<\/p>\n<p><strong>D\u00e9tails :<\/strong><\/p>\n<ul>\n<li>Large ourlet \u00e0 la t\u00eate du lit avec surpiq\u00fbre.<\/li>\n<li>Drap id\u00e9al pour les nuits chaudes d\u2019\u00e9t\u00e9 ou pour toute l\u2019ann\u00e9e suivant au \u00ab style americain \u00bb en doublant la couette.<\/li>\n<li>Tissu doux en gaze de coton lav\u00e9e de 140 gr\/m2 en double couche.<\/li>\n<li>Le processus de pr\u00e9lavage de la gaze de coton la rend tr\u00e8s douce et souple.<\/li>\n<li>Produit 100% biologique certifi\u00e9 GOTS, fabriqu\u00e9 \u00e0 partir de coton 100% biologique certifi\u00e9, tra\u00e7able, interdit aux OGM, teintures \u00e9cologiques et non toxiques, sain, respectueux de l&rsquo;environnement, prot\u00e9geant la biodiversit\u00e9.<\/li>\n<li>Fabriqu\u00e9 \u00e9thiquement au Portugal dans des usines \u00e9thiques, respectant les ouvriers.<\/li>\n<li>Cr\u00e9\u00e9 avec passion, fait main avec amour pour la satisfaction des clients.<\/li>\n<li>Devient de plus en plus doux \u00e0 l\u2019utilisation et au fur et \u00e0 mesure des lavages.<\/li>\n<li>Pas besoin de repassage.<\/li>\n<\/ul>\n","protected":false},"excerpt":{"rendered":"<p>Imaginez des draps de lit l\u00e9gers, ultra doux, respirants, a\u00e9riens, agr\u00e9ables en toute saison, extr\u00eamement confortables et au look tr\u00e8s convoit\u00e9&#8230;<br \/>\nLa gaze de coton rassemble ces caract\u00e9ristiques ! Elle est un excellent compromis entre le look d\u00e9contract\u00e9 et la thermor\u00e9gulation du lin lav\u00e9, et la douceur et le toucher du coton.<br \/>\nNotre gaze de coton est bio (certifi\u00e9e par GOTS) et locale. Les petits \u00ab plus \u00bb : elle n\u2019est pas trop volumineuse et est donc facile \u00e0 ranger ; vos draps en gaze de coton ne doivent jamais \u00eatre repass\u00e9s !<\/p>\n<p>Produit certifi\u00e9 GOTS, en 100% coton biologique \u00e9thique et \u00e9cologique. Tiss\u00e9 et confectionn\u00e9 dans le berceau textile du Portugal.<\/p>\n","protected":false},"featured_media":275992,"comment_status":"open","ping_status":"closed","template":"","meta":{"_acf_changed":false},"product_brand":[],"product_cat":[1411,1407],"product_tag":[],"class_list":{"0":"post-275061","1":"product","2":"type-product","3":"status-publish","4":"has-post-thumbnail","6":"product_cat-drap-plat","7":"product_cat-linge-de-lit","8":"pa_color-ocean-blue-fr","9":"pa_color-powder-pink-fr","10":"pa_color-sage-fr","11":"pa_color-sand-fr","12":"pa_color-snow-white-fr","13":"pa_color-terracotta-fr","14":"pa_genre-drap-plat","15":"pa_material-gaze-de-coton-fr","16":"pa_origin-portugal-fr","17":"pa_size-250-x-310-cm","18":"pa_size-270-x-310-cm-fr","20":"first","21":"instock","22":"taxable","23":"shipping-taxable","24":"purchasable","25":"product-type-variable","26":"has-default-attributes"},"acf":[],"_links":{"self":[{"href":"https:\/\/www.kalani-home.com\/fr\/wp-json\/wp\/v2\/product\/275061","targetHints":{"allow":["GET"]}}],"collection":[{"href":"https:\/\/www.kalani-home.com\/fr\/wp-json\/wp\/v2\/product"}],"about":[{"href":"https:\/\/www.kalani-home.com\/fr\/wp-json\/wp\/v2\/types\/product"}],"replies":[{"embeddable":true,"href":"https:\/\/www.kalani-home.com\/fr\/wp-json\/wp\/v2\/comments?post=275061"}],"wp:featuredmedia":[{"embeddable":true,"href":"https:\/\/www.kalani-home.com\/fr\/wp-json\/wp\/v2\/media\/275992"}],"wp:attachment":[{"href":"https:\/\/www.kalani-home.com\/fr\/wp-json\/wp\/v2\/media?parent=275061"}],"wp:term":[{"taxonomy":"product_brand","embeddable":true,"href":"https:\/\/www.kalani-home.com\/fr\/wp-json\/wp\/v2\/product_brand?post=275061"},{"taxonomy":"product_cat","embeddable":true,"href":"https:\/\/www.kalani-home.com\/fr\/wp-json\/wp\/v2\/product_cat?post=275061"},{"taxonomy":"product_tag","embeddable":true,"href":"https:\/\/www.kalani-home.com\/fr\/wp-json\/wp\/v2\/product_tag?post=275061"}],"curies":[{"name":"wp","href":"https:\/\/api.w.org\/{rel}","templated":true}]}}