{"id":275056,"date":"2024-08-05T10:52:48","date_gmt":"2024-08-05T08:52:48","guid":{"rendered":"https:\/\/www.kalani-home.com\/?post_type=product&#038;p=275056"},"modified":"2026-03-31T15:58:51","modified_gmt":"2026-03-31T13:58:51","slug":"parure-en-gaze-de-coton","status":"publish","type":"product","link":"https:\/\/www.kalani-home.com\/fr\/boutique\/parure-en-gaze-de-coton\/","title":{"rendered":"Parure en Gaze de coton"},"content":{"rendered":"<p><strong>Mati\u00e8re:<\/strong>  100% Gaze de coton, double couche, bio cerifi\u00e9 GOTS, tiss\u00e9e \u00e0 partir de fibres de coton peign\u00e9 Premium.<\/p>\n<p>D\u00e9tails : Une parure est compos\u00e9e de 1 housse de couette + 1 ou 2 (au choix) taie(s) d\u2019oreiller (identiques) + 1 drap-housse :<\/p>\n<p>Housse de couette :<\/p>\n<ul>\n<li>Ouverture avec des petits boutons en chanvre compress\u00e9.<\/li>\n<li>Pour votre housse de couette, privil\u00e9giez la taille exacte ou l\u00e9g\u00e8rement plus petite pour un effet gonfl\u00e9<\/li>\n<\/ul>\n<p>Oreiller :<\/p>\n<ul>\n<li>Ouverture avec un rabat int\u00e9rieur large de 20 cm pour garder votre oreiller bien en place.<\/li>\n<li>Plusieurs tailles et formes disponibles pour correspondre au mieux aux dimensions de vos oreillers.<\/li>\n<li>Pour vos taies d\u2019oreiller, choisissez la taille exacte de votre oreiller ou l\u00e9g\u00e8rement plus grande si n\u00e9cessaire<\/li>\n<\/ul>\n<p>Drap housse :<\/p>\n<ul>\n<li>Finition exclusive avec \u00e9lastique tout autour pour une meilleure tenue sur les matelas.<\/li>\n<li>Profondeur de 30 cm ou 40 cm convenant aux matelas \u00e9pais.<\/li>\n<li>3 tailles de longueurs disponibles : soit pour les matelas de 2 m, soit pour les matelas plus longs de 2,10 ou 2,20 m.<\/li>\n<\/ul>\n<p>Tous les produits :<\/p>\n<ul>\n<li>Tissu doux en gaze de coton lav\u00e9e de 140 gr\/m2 en double couche.<\/li>\n<li>Le processus de pr\u00e9lavage de la gaze de coton, la rend tr\u00e8s douce et souple.<\/li>\n<li>Produit 100% biologique certifi\u00e9 GOTS, fabriqu\u00e9 \u00e0 partir de coton 100% biologique certifi\u00e9, tra\u00e7able, interdit aux OGM, teintures \u00e9cologiques et non toxiques, sain, respectueux de l&rsquo;environnement, prot\u00e9geant la biodiversit\u00e9.<\/li>\n<li>Fabriqu\u00e9 \u00e9thiquement au Portugal dans des usines \u00e9thiques, respectant les ouvriers.<\/li>\n<li>Cr\u00e9\u00e9 avec passion, fait main avec amour pour la satisfaction des clients.<\/li>\n<li>Devient de plus en plus doux \u00e0 l\u2019utilisation et au fur et \u00e0 mesure des lavages.<\/li>\n<li>Pas besoin de repassage.<\/li>\n<\/ul>\n<p class=\"kalani-green\">Les housses de couette Kalani sont vendues s\u00e9par\u00e9ment, sans taies d\u2019oreiller, pour vous laisser le choix de la couleur, des tailles ainsi que du nombre de taies dont vous avez besoin. Pour vivre la meilleure exp\u00e9rience de lit, nous recommandons de combiner l\u2019achat de cette housse de couette avec des taies et un drap housse du m\u00eame tissu.<\/p>\n","protected":false},"excerpt":{"rendered":"<p>Imaginez des draps de lit l\u00e9gers, ultra doux, respirants, a\u00e9riens, agr\u00e9ables en toute saison, extr\u00eamement confortables et au look tr\u00e8s convoit\u00e9&#8230;<br \/>\nLa gaze de coton rassemble ces caract\u00e9ristiques ! Elle est un excellent compromis entre le look d\u00e9contract\u00e9 et la thermor\u00e9gulation du lin lav\u00e9, et la douceur et le toucher du coton. Notre gaze de coton est bio (certifi\u00e9e par GOTS) et locale.<br \/>\nLes petits \u00ab plus \u00bb : elle n\u2019est pas trop volumineuse et est donc facile \u00e0 ranger ; vos draps en gaze de coton ne doivent jamais \u00eatre repass\u00e9s !<\/p>\n<p>Produit certifi\u00e9 GOTS, en 100% coton biologique \u00e9thique et \u00e9cologique. Tiss\u00e9 et confectionn\u00e9 dans le berceau textile du Portugal.<\/p>\n<p class=\"kalani-green\">Par d\u00e9faut, le syst\u00e8me propose 1 taie d\u2019oreiller pour les personnes qui n\u2019en ont besoin que d\u2019une, si vous souhaitez 2 ou plus de taies d\u2019oreiller dans cette parure, veuillez adapter la quantit\u00e9 manuellement.<\/p>\n","protected":false},"featured_media":275768,"comment_status":"open","ping_status":"closed","template":"","meta":{"_acf_changed":false},"product_brand":[],"product_cat":[3718,3733,3724,1407,3742,3721,2637,3736,3739],"product_tag":[],"class_list":{"0":"post-275056","1":"product","2":"type-product","3":"status-publish","4":"has-post-thumbnail","6":"product_cat-anniversaire-fr","7":"product_cat-fetes-des-meres-fr","8":"product_cat-fetes-des-peres-fr","9":"product_cat-linge-de-lit","10":"product_cat-mariage-fr","11":"product_cat-noel-fr","12":"product_cat-linge-de-lit-parure","13":"product_cat-pour-faire-plaisir-fr","14":"product_cat-saint-valentin-fr","15":"pa_color-ocean-blue-fr","16":"pa_color-powder-pink-fr","17":"pa_color-sage-fr","18":"pa_color-sand-fr","19":"pa_color-snow-white-fr","20":"pa_color-terracotta-fr","21":"pa_material-gaze-de-coton-fr","22":"pa_origin-portugal-fr","23":"pa_size-140-x-190-x-30-cm-fr","24":"pa_size-140-x-200-cm-fr","25":"pa_size-140-x-200-x-30-cm-fr","26":"pa_size-160-x-200-x-30-cm-fr","27":"pa_size-180-x-200-x-30-cm-fr","28":"pa_size-200-x-200-cm-fr","29":"pa_size-200-x-200-x-30-cm-fr","30":"pa_size-200-x-220-cm-fr","31":"pa_size-240-x-220-cm-fr","32":"pa_size-250-x-310-cm","33":"pa_size-260-x-220-cm-fr","34":"pa_size-260-x-240-cm-fr","35":"pa_size-270-x-310-cm-fr","36":"pa_size-30-x-50-cm-fr","37":"pa_size-40-x-60-cm-fr","38":"pa_size-50-x-60-cm-fr","39":"pa_size-50-x-75-cm-fr","40":"pa_size-60-x-70-cm-fr","41":"pa_size-65-x-65-cm-fr","42":"pa_size-90-x-200-x-30-cm-fr","44":"first","45":"instock","46":"taxable","47":"shipping-taxable","48":"purchasable","49":"product-type-yith_bundle"},"acf":[],"_links":{"self":[{"href":"https:\/\/www.kalani-home.com\/fr\/wp-json\/wp\/v2\/product\/275056","targetHints":{"allow":["GET"]}}],"collection":[{"href":"https:\/\/www.kalani-home.com\/fr\/wp-json\/wp\/v2\/product"}],"about":[{"href":"https:\/\/www.kalani-home.com\/fr\/wp-json\/wp\/v2\/types\/product"}],"replies":[{"embeddable":true,"href":"https:\/\/www.kalani-home.com\/fr\/wp-json\/wp\/v2\/comments?post=275056"}],"wp:featuredmedia":[{"embeddable":true,"href":"https:\/\/www.kalani-home.com\/fr\/wp-json\/wp\/v2\/media\/275768"}],"wp:attachment":[{"href":"https:\/\/www.kalani-home.com\/fr\/wp-json\/wp\/v2\/media?parent=275056"}],"wp:term":[{"taxonomy":"product_brand","embeddable":true,"href":"https:\/\/www.kalani-home.com\/fr\/wp-json\/wp\/v2\/product_brand?post=275056"},{"taxonomy":"product_cat","embeddable":true,"href":"https:\/\/www.kalani-home.com\/fr\/wp-json\/wp\/v2\/product_cat?post=275056"},{"taxonomy":"product_tag","embeddable":true,"href":"https:\/\/www.kalani-home.com\/fr\/wp-json\/wp\/v2\/product_tag?post=275056"}],"curies":[{"name":"wp","href":"https:\/\/api.w.org\/{rel}","templated":true}]}}