{"id":215245,"date":"2023-09-13T00:03:03","date_gmt":"2023-09-12T22:03:03","guid":{"rendered":"https:\/\/www.kalani-home.com\/?post_type=product&#038;p=215245"},"modified":"2026-05-13T16:50:00","modified_gmt":"2026-05-13T14:50:00","slug":"oreiller-naturel-ferme","status":"publish","type":"product","link":"https:\/\/www.kalani-home.com\/fr\/boutique\/oreiller-naturel-ferme\/","title":{"rendered":"Oreiller naturel ferme"},"content":{"rendered":"<p><strong>Mati\u00e8re<\/strong> :<\/p>\n<p>Garnissage naturel neuf :<\/p>\n<ul>\n<li>accueil ultra-moelleux et douillet des deux c\u00f4t\u00e9s, compos\u00e9 de 90% de duvet pur \/ 10% de plumettes pures\u00a0<\/li>\n<li>soutien ferme au centre, compos\u00e9 de 90% de plumettes pures\u00a0\/ 10% de duvet pur<\/li>\n<\/ul>\n<p>= 100% canard blanc fran\u00e7ais<\/p>\n<p>Enveloppe tr\u00e8s r\u00e9sistante\u00a0: 100% coton peign\u00e9 bio certifi\u00e9, tissage serr\u00e9 230TC (91fils\/cm<sup>2<\/sup>) pour \u00eatre down proof et emp\u00eacher le passage de acariens.<\/p>\n<p><strong>D\u00e9tails :<\/strong><\/p>\n<ul>\n<li>Id\u00e9al si vous dormez sur le c\u00f4t\u00e9 et et si vous pr\u00e9f\u00e9rez des oreillers plus fermes<\/li>\n<li>Oreiller bio ferme \u00e0 3 chambres, pour une garantie de confort et de soutien<\/li>\n<li>Oreiller qui permet de garder la colonne vert\u00e9brale bien droite, tout en dormant sur le c\u00f4t\u00e9<\/li>\n<li>Finition passepoil blanc pur, invisible \u00e0 travers des draps blanc<\/li>\n<li>Emball\u00e9 dans un magnifique sac marin signature, en coton bio GOTS, pour \u00eatre rang\u00e9 dans une armoire ou transport\u00e9 en vacances (pour ceux que ne savent plus dormir sans).<\/li>\n<li>Duvet de canard blanc fran\u00e7ais haut de gamme<\/li>\n<li>Duvet et plumettes s\u00e9lectionn\u00e9es pour leur haut pouvoir gonflant de 750 CUIN<\/li>\n<li>Enveloppe avec tissage serr\u00e9 down proof, qui emp\u00eache le duvet et les plumettes de s\u2019\u00e9chapper<\/li>\n<li>100% Coton certifi\u00e9 GOTS, tra\u00e7able, OGM interdits, teintures \u00e9cologiques, saines, respectueuses de l\u2019environnement et prot\u00e9geant la biodiversit\u00e9<\/li>\n<li>Produit certifi\u00e9 OEKO-TEX 100<sup>\u00ae<\/sup><\/li>\n<li>Produit certifi\u00e9 DOWNPASS<sup>\u00ae<\/sup><\/li>\n<li>Respect du bien-\u00eatre animal : le duvet et les plumettes ne proviennent pas d\u2019animaux vivants, 100% de la revalorisation des fili\u00e8res alimentaires fran\u00e7aises<\/li>\n<li>Naturellement ANTI-ACARIENS sans traitement chimique<\/li>\n<li>Nettoyage \u00e0 sec ou en machine \u00e0 60\u00b0 Maximum<\/li>\n<li>Cr\u00e9\u00e9 avec passion, fait main avec amour pour la satisfaction des clients<\/li>\n<li>Fabriqu\u00e9 localement en France<\/li>\n<\/ul>\n","protected":false},"excerpt":{"rendered":"<p>Notre oreiller naturel ferme est id\u00e9al pour celles et ceux qui dorment sur le c\u00f4t\u00e9 et qui pr\u00e9f\u00e8rent des oreillers plus fermes. Ses trois chambres de garnissage, deux sections d\u2019accueils ultra moelleuses et douillettes, et un c\u0153ur d\u2019oreiller ferme, vous garantissent un confort et un soutien optimal. \u00c0 vous les nuits r\u00e9paratrices et les r\u00e9veils tout en douceur !<\/p>\n","protected":false},"featured_media":297598,"comment_status":"open","ping_status":"closed","template":"","meta":{"_acf_changed":false},"product_brand":[],"product_cat":[3718,3281,3290],"product_tag":[],"class_list":{"0":"post-215245","1":"product","2":"type-product","3":"status-publish","4":"has-post-thumbnail","6":"product_cat-anniversaire-fr","7":"product_cat-literie","8":"product_cat-oreiller","9":"pa_color-white-fr","10":"pa_genre-oreiller-fr","11":"pa_material-duvet-et-plumes-naturels-fr","12":"pa_origin-france-fr","13":"pa_size-50-x-70-cm-fr","14":"pa_size-60-x-70-cm-fr","15":"pa_size-65-x-65-cm-fr","17":"first","18":"instock","19":"taxable","20":"shipping-taxable","21":"purchasable","22":"product-type-variable","23":"has-default-attributes"},"acf":[],"_links":{"self":[{"href":"https:\/\/www.kalani-home.com\/fr\/wp-json\/wp\/v2\/product\/215245","targetHints":{"allow":["GET"]}}],"collection":[{"href":"https:\/\/www.kalani-home.com\/fr\/wp-json\/wp\/v2\/product"}],"about":[{"href":"https:\/\/www.kalani-home.com\/fr\/wp-json\/wp\/v2\/types\/product"}],"replies":[{"embeddable":true,"href":"https:\/\/www.kalani-home.com\/fr\/wp-json\/wp\/v2\/comments?post=215245"}],"wp:featuredmedia":[{"embeddable":true,"href":"https:\/\/www.kalani-home.com\/fr\/wp-json\/wp\/v2\/media\/297598"}],"wp:attachment":[{"href":"https:\/\/www.kalani-home.com\/fr\/wp-json\/wp\/v2\/media?parent=215245"}],"wp:term":[{"taxonomy":"product_brand","embeddable":true,"href":"https:\/\/www.kalani-home.com\/fr\/wp-json\/wp\/v2\/product_brand?post=215245"},{"taxonomy":"product_cat","embeddable":true,"href":"https:\/\/www.kalani-home.com\/fr\/wp-json\/wp\/v2\/product_cat?post=215245"},{"taxonomy":"product_tag","embeddable":true,"href":"https:\/\/www.kalani-home.com\/fr\/wp-json\/wp\/v2\/product_tag?post=215245"}],"curies":[{"name":"wp","href":"https:\/\/api.w.org\/{rel}","templated":true}]}}