{"id":215080,"date":"2023-09-12T22:48:07","date_gmt":"2023-09-12T20:48:07","guid":{"rendered":"https:\/\/www.kalani-home.com\/?post_type=product&#038;p=215080"},"modified":"2026-05-02T11:40:39","modified_gmt":"2026-05-02T09:40:39","slug":"peignoir-luxe","status":"publish","type":"product","link":"https:\/\/www.kalani-home.com\/fr\/boutique\/peignoir-luxe\/","title":{"rendered":"Peignoir Luxe"},"content":{"rendered":"<p><strong>Mati\u00e8re :<\/strong> Tissu \u00e9ponge qualit\u00e9 Luxe en 100% coton peign\u00e9 biologique, certifi\u00e9 GOTS et vegan.<\/p>\n<p><strong>D\u00e9tails :<\/strong><\/p>\n<ul>\n<li>Incroyablement doux gr\u00e2ce au coton peign\u00e9 \u00e0 longue fibre pour la qualit\u00e9 et \u00e0 la filature Low Twist Technology pour le touch\u00e9 exceptionnel<\/li>\n<li>Ultra moelleux et enveloppant<\/li>\n<li>Grammage du tissu id\u00e9al, ni trop l\u00e9ger, ni trop lourd : 420 gr\/m2<\/li>\n<li>Peignoir col ch\u00e2le<\/li>\n<li>3 doubles tailles disponibles pour s\u2019adapter \u00e0 toutes les morphologies : XS\/S \u2013 M\/L \u2013 XL\/XXL<\/li>\n<li>2 poches<\/li>\n<li>Ceinture amovible et 2 passe ceinture<\/li>\n<li>Cordon suppl\u00e9mentaire un accrochage facilit\u00e9<\/li>\n<li>100% Coton certifi\u00e9 GOTS, tra\u00e7able, sans OGM, teintures \u00e9cologiques, saines, respectueuses de l\u2019environnement et prot\u00e9geant la biodiversit\u00e9<\/li>\n<li>100% Coton peign\u00e9 \u00e0 longues fibres, le meilleur coton bio d\u2019origine de la r\u00e9gion \u00c9g\u00e9enne \u00e0 l\u2019ouest de la Turquie<\/li>\n<li>Coton 100% trac\u00e9 jusqu\u2019\u00e0 l\u2019origine des communaut\u00e9s de fermiers dans un rayon de +\/-180Km autour de l\u2019usine<\/li>\n<li>100% Vegan approuv\u00e9 par PETA<\/li>\n<li>Fabriqu\u00e9 \u00e9thiquement en Turquie dans une usine int\u00e9gr\u00e9e verticalement depuis la filature de coton, avec le tissage, la teinture et la confection, respectant les ouvriers.<\/li>\n<li>Cr\u00e9\u00e9 avec passion<\/li>\n<li>Etiquette de qualit\u00e9 sign\u00e9e Kalani<\/li>\n<li>Longueur parfaite, ni trop court, ni trop long :\n<ul>\n<li>XS\/S : 105 cm<\/li>\n<li>M\/L : 115 cm<\/li>\n<li>XL\/XXL : 125 cm<\/li>\n<\/ul>\n<\/li>\n<\/ul>\n","protected":false},"excerpt":{"rendered":"<p>Imaginez-vous sortir de votre bain ou de votre douche et vous emmitoufler dans un peignoir moelleux et ultra doux, vous y \u00eates ? Vous go\u00fbtez au confort des plus beaux h\u00f4tels et pourtant, vous \u00eates dans votre salle bain ! Parce que le grand luxe des palaces passe aussi par la qualit\u00e9 de leurs peignoirs, nous avons d\u00e9velopp\u00e9 pour vous un peignoir aussi doux que confortable pour compl\u00e9ter notre gamme \u00ab Luxe \u00bb.<\/p>\n<p>Produit en 100% coton biologique certifi\u00e9 GOTS, \u00e9thique, \u00e9cologique et vegan.<\/p>\n<p>Elle mesure 1m76 et porte une taille XS\/S. Il mesure 1m88 et porte une taille M\/L.<\/p>\n","protected":false},"featured_media":220072,"comment_status":"open","ping_status":"closed","template":"","meta":{"_acf_changed":false},"product_brand":[],"product_cat":[3718,3733,3724,1408,3742,3721,1415,3736,3739],"product_tag":[],"class_list":{"0":"post-215080","1":"product","2":"type-product","3":"status-publish","4":"has-post-thumbnail","6":"product_cat-anniversaire-fr","7":"product_cat-fetes-des-meres-fr","8":"product_cat-fetes-des-peres-fr","9":"product_cat-linge-de-bain","10":"product_cat-mariage-fr","11":"product_cat-noel-fr","12":"product_cat-peignoir","13":"product_cat-pour-faire-plaisir-fr","14":"product_cat-saint-valentin-fr","15":"pa_color-anthracite-fr","16":"pa_color-cream-fr","17":"pa_color-forest-fr","18":"pa_color-kalani-blue-fr","19":"pa_color-navy-fr","20":"pa_color-ochre-fr","21":"pa_color-old-pink-fr","22":"pa_color-sand-fr","23":"pa_color-snow-white-fr","24":"pa_color-stone-grey-fr","25":"pa_color-taupe-fr","26":"pa_color-terracotta-fr","27":"pa_genre-peignoir","28":"pa_material-eponge-de-luxe","29":"pa_origin-turquie-fr","30":"pa_size-m-l-fr","31":"pa_size-xl-xxl-fr","32":"pa_size-xs-s-fr","34":"first","35":"instock","36":"featured","37":"taxable","38":"shipping-taxable","39":"purchasable","40":"product-type-variable","41":"has-default-attributes"},"acf":[],"_links":{"self":[{"href":"https:\/\/www.kalani-home.com\/fr\/wp-json\/wp\/v2\/product\/215080","targetHints":{"allow":["GET"]}}],"collection":[{"href":"https:\/\/www.kalani-home.com\/fr\/wp-json\/wp\/v2\/product"}],"about":[{"href":"https:\/\/www.kalani-home.com\/fr\/wp-json\/wp\/v2\/types\/product"}],"replies":[{"embeddable":true,"href":"https:\/\/www.kalani-home.com\/fr\/wp-json\/wp\/v2\/comments?post=215080"}],"wp:featuredmedia":[{"embeddable":true,"href":"https:\/\/www.kalani-home.com\/fr\/wp-json\/wp\/v2\/media\/220072"}],"wp:attachment":[{"href":"https:\/\/www.kalani-home.com\/fr\/wp-json\/wp\/v2\/media?parent=215080"}],"wp:term":[{"taxonomy":"product_brand","embeddable":true,"href":"https:\/\/www.kalani-home.com\/fr\/wp-json\/wp\/v2\/product_brand?post=215080"},{"taxonomy":"product_cat","embeddable":true,"href":"https:\/\/www.kalani-home.com\/fr\/wp-json\/wp\/v2\/product_cat?post=215080"},{"taxonomy":"product_tag","embeddable":true,"href":"https:\/\/www.kalani-home.com\/fr\/wp-json\/wp\/v2\/product_tag?post=215080"}],"curies":[{"name":"wp","href":"https:\/\/api.w.org\/{rel}","templated":true}]}}