{"id":201360,"date":"2023-07-07T23:27:55","date_gmt":"2023-07-07T21:27:55","guid":{"rendered":"https:\/\/www.kalani-home.com\/?post_type=product&#038;p=201360"},"modified":"2026-03-31T15:18:55","modified_gmt":"2026-03-31T13:18:55","slug":"taie-d-oreiller-en-lin-lave","status":"publish","type":"product","link":"https:\/\/www.kalani-home.com\/fr\/boutique\/taie-d-oreiller-en-lin-lave\/","title":{"rendered":"Taie d&rsquo;oreiller en lin lav\u00e9"},"content":{"rendered":"<p><strong>Mati\u00e8re :<\/strong> 100% lin europ\u00e9en local (m\u00e9lange de fibres naturelles de lin de Belgique, de France et de Hollande), certifi\u00e9 European Flax\u00ae par notre fabricant et Oeko-tex 100, \u00e9thique et \u00e9cologique.<\/p>\n<p><strong>D\u00e9tails :<\/strong><\/p>\n<ul>\n<li style=\"list-style-type: none;\">\n<ul>\n<li>Ouverture avec rabat int\u00e9rieur large, de 20cm, pour garder votre oreiller bien en place<\/li>\n<li>Plusieurs tailles et formes disponibles pour correspondre au mieux aux dimensions de vos oreillers<\/li>\n<li>Astuce dimensions: pour vos taies d\u2019oreiller, choisissez la taille exacte de votre oreiller ou l\u00e9g\u00e8rement plus grande si n\u00e9cessaire<\/li>\n<li>Tissu doux en lin lav\u00e9 de 165g\/m<sup>2<\/sup><\/li>\n<li>Le processus de pr\u00e9lavage du Lin avec des pierres, le rend tr\u00e8s doux et souple.<\/li>\n<li>Fibres de lin naturelles locales (BE\/FR\/NL)<\/li>\n<li>Naturellement respectueux de l&rsquo;environnement, historiquement cultiv\u00e9 de fa\u00e7on \u00e9cologique, sans intrants chimiques (pas d&rsquo;engrais, pas de pesticides, pas de d\u00e9foliants) et sans besoin d\u2019irrigation artificielle.<\/li>\n<li>Fabrication certifi\u00e9e European Flax\u00ae &amp; Oeko-tex 100 Class 2<\/li>\n<li>Fabriqu\u00e9 \u00e9thiquement au Portugal dans des usines \u00e9thiques, respectant les ouvriers<\/li>\n<li>Cr\u00e9\u00e9 avec passion, fait main avec amour pour la satisfaction des clients<\/li>\n<li>Devient de plus en plus doux \u00e0 l\u2019utilisation et au fur et \u00e0 mesure des lavages<\/li>\n<li>Pas besoin de repassage<\/li>\n<\/ul>\n<\/li>\n<\/ul>\n<p>&nbsp;<\/p>\n<ul>\n<li style=\"list-style-type: none;\"><\/li>\n<\/ul>\n","protected":false},"excerpt":{"rendered":"<p>Notre linge de lit en lin lav\u00e9 est un choix id\u00e9al pour sa douceur, son look, sa respirabilit\u00e9, son excellente thermor\u00e9gulation et sa durabilit\u00e9. Il offre un confort exceptionnel et apporte une touche d&rsquo;\u00e9l\u00e9gance \u00e0 votre chambre \u00e0 coucher. Que ce soit dans un style d\u00e9contract\u00e9 ou plus sophistiqu\u00e9, le lin lav\u00e9 est un excellent choix pour cr\u00e9er un environnement agr\u00e9able et luxueux et vous offrir un sommeil r\u00e9parateur, et ce, \u00e9t\u00e9 comme hiver.<\/p>\n<p>L&rsquo;avantage du lin lav\u00e9 est qu&rsquo;il ne n\u00e9cessite aucun repassage. Le tissu conserve son aspect naturel de lin au fil des lavages.<\/p>\n<p>100% lin naturel, d\u2019origine belge, fran\u00e7aise et des Pays-Bas, fil\u00e9 en Italie et fabriqu\u00e9 dans le berceau textile du Portugal.<\/p>\n","protected":false},"featured_media":287024,"comment_status":"open","ping_status":"closed","template":"","meta":{"_acf_changed":false},"product_brand":[],"product_cat":[3718,3733,3724,1407,3721,1410],"product_tag":[],"class_list":{"0":"post-201360","1":"product","2":"type-product","3":"status-publish","4":"has-post-thumbnail","6":"product_cat-anniversaire-fr","7":"product_cat-fetes-des-meres-fr","8":"product_cat-fetes-des-peres-fr","9":"product_cat-linge-de-lit","10":"product_cat-noel-fr","11":"product_cat-taie-doreiller","12":"pa_color-anthracite-fr","13":"pa_color-natural-fr","14":"pa_color-ocean-blue-fr","15":"pa_color-ocean-small-stripes-fr","16":"pa_color-powder-pink-fr","17":"pa_color-sage-fr","18":"pa_color-snow-white-fr","19":"pa_color-terracotta-fr","20":"pa_genre-taie-doreiller","21":"pa_material-lin-lave-fr","22":"pa_origin-portugal-fr","23":"pa_size-30-x-50-cm-fr","24":"pa_size-40-x-60-cm-fr","25":"pa_size-50-x-60-cm-fr","26":"pa_size-50-x-75-cm-fr","27":"pa_size-60-x-70-cm-fr","28":"pa_size-65-x-65-cm-fr","30":"first","31":"instock","32":"taxable","33":"shipping-taxable","34":"purchasable","35":"product-type-variable","36":"has-default-attributes"},"acf":[],"_links":{"self":[{"href":"https:\/\/www.kalani-home.com\/fr\/wp-json\/wp\/v2\/product\/201360","targetHints":{"allow":["GET"]}}],"collection":[{"href":"https:\/\/www.kalani-home.com\/fr\/wp-json\/wp\/v2\/product"}],"about":[{"href":"https:\/\/www.kalani-home.com\/fr\/wp-json\/wp\/v2\/types\/product"}],"replies":[{"embeddable":true,"href":"https:\/\/www.kalani-home.com\/fr\/wp-json\/wp\/v2\/comments?post=201360"}],"wp:featuredmedia":[{"embeddable":true,"href":"https:\/\/www.kalani-home.com\/fr\/wp-json\/wp\/v2\/media\/287024"}],"wp:attachment":[{"href":"https:\/\/www.kalani-home.com\/fr\/wp-json\/wp\/v2\/media?parent=201360"}],"wp:term":[{"taxonomy":"product_brand","embeddable":true,"href":"https:\/\/www.kalani-home.com\/fr\/wp-json\/wp\/v2\/product_brand?post=201360"},{"taxonomy":"product_cat","embeddable":true,"href":"https:\/\/www.kalani-home.com\/fr\/wp-json\/wp\/v2\/product_cat?post=201360"},{"taxonomy":"product_tag","embeddable":true,"href":"https:\/\/www.kalani-home.com\/fr\/wp-json\/wp\/v2\/product_tag?post=201360"}],"curies":[{"name":"wp","href":"https:\/\/api.w.org\/{rel}","templated":true}]}}