{"id":201350,"date":"2023-07-07T23:10:56","date_gmt":"2023-07-07T21:10:56","guid":{"rendered":"https:\/\/www.kalani-home.com\/?post_type=product&#038;p=201350"},"modified":"2026-05-04T15:44:21","modified_gmt":"2026-05-04T13:44:21","slug":"ensemble-de-table-ajoure-en-lin-lave","status":"publish","type":"product","link":"https:\/\/www.kalani-home.com\/fr\/boutique\/ensemble-de-table-ajoure-en-lin-lave\/","title":{"rendered":"Ensemble de table ajour\u00e9 en lin lav\u00e9"},"content":{"rendered":"<p><strong>Mati\u00e8re :<\/strong> 100% lin europ\u00e9en local (m\u00e9lange de fibres naturelles de lin de Belgique, de France et de Hollande<span lang=\"FR\">), certifi\u00e9 European Flax\u00ae par notre fabricant et Oeko-tex 100, \u00e9thique et \u00e9cologique.<\/p>\n<p><strong>D\u00e9tails :\u00a0<\/strong> un ensemble est compos\u00e9e de 1 nappe + minimum 6 serviettes :<\/p>\n<ul>\n<li>Finition avec un ourlet de 3cm ajour\u00e9 pour une look \u00e9l\u00e9gant et moderne<\/li>\n<li>Tissu doux en lin lav\u00e9 de 165g\/m<sup>2<\/sup><\/li>\n<li>Le processus de pr\u00e9lavage du Lin avec des pierres, le rend tr\u00e8s doux et souple<\/li>\n<li>Fibres de lin naturelles locales (BE\/FR\/NL)<\/li>\n<li>Naturellement respectueux de l&rsquo;environnement, historiquement cultiv\u00e9 de fa\u00e7on \u00e9cologique, sans intrants chimiques (pas d&rsquo;engrais, pas de pesticides, pas de d\u00e9foliants) et sans besoin d\u2019irrigation artificielle<\/li>\n<li>Fabrication certifi\u00e9e European Flax\u00ae &amp; Oeko-tex 100 Class 2<\/li>\n<li>Fabriqu\u00e9 \u00e9thiquement au Portugal dans des usines \u00e9thiques, respectant les ouvriers<\/li>\n<li>Cr\u00e9\u00e9 avec passion, fait main avec amour pour la satisfaction des clients<\/li>\n<li>Devient de plus en plus doux \u00e0 l\u2019utilisation et au fur et \u00e0 mesure des lavages<\/li>\n<li>Pas besoin de repassage<\/li>\n<\/ul>\n","protected":false},"excerpt":{"rendered":"<p>R\u00e9unissez vos amis, votre famille, et tous vos convives autour d\u2019une table qui invite \u00e0 passer des moments uniques ensemble. Notre linge de table en lin lav\u00e9 s\u2019adapte \u00e0 toutes les occasions. M\u00ealant douceur, \u00e9l\u00e9gance, \u00e0 un look boh\u00e8me-sophistiqu\u00e9, son drap\u00e9 parfait habillera vos plus belles tables de f\u00eates, comme celles du quotidien.<\/p>\n<p>L&rsquo;avantage du lin lav\u00e9 est qu&rsquo;il ne n\u00e9cessite aucun repassage. Le tissu conserve son aspect naturel de lin au fil des lavages.<\/p>\n<p>100% lin naturel, d\u2019origine belge, fran\u00e7aise et des Pays-Bas, fil\u00e9 en Italie et fabriqu\u00e9 dans le berceau textile du Portugal<\/p>\n","protected":false},"featured_media":297157,"comment_status":"open","ping_status":"closed","template":"","meta":{"_acf_changed":false},"product_brand":[],"product_cat":[3718,3733,3449,3742,3455,3721,3739,3456],"product_tag":[],"class_list":{"0":"post-201350","1":"product","2":"type-product","3":"status-publish","4":"has-post-thumbnail","6":"product_cat-anniversaire-fr","7":"product_cat-fetes-des-meres-fr","8":"product_cat-linge-de-table","9":"product_cat-mariage-fr","10":"product_cat-nappe","11":"product_cat-noel-fr","12":"product_cat-saint-valentin-fr","13":"product_cat-serviettes-de-table","14":"pa_color-anthracite-fr","15":"pa_color-natural-fr","16":"pa_color-ocean-blue-fr","17":"pa_color-ocean-small-stripes-fr","18":"pa_color-powder-pink-fr","19":"pa_color-sage-fr","20":"pa_color-snow-white-fr","21":"pa_color-terracotta-fr","22":"pa_material-lin-lave-fr","23":"pa_origin-portugal-fr","24":"pa_size-150-x-200-cm-fr","25":"pa_size-150-x-250-cm-fr","26":"pa_size-150-x-300-cm-fr","27":"pa_size-150-x-350-cm-fr","28":"pa_size-170-x-170-cm-fr","29":"pa_size-49-x-49-cm-fr","31":"first","32":"instock","33":"taxable","34":"shipping-taxable","35":"purchasable","36":"product-type-yith_bundle"},"acf":[],"_links":{"self":[{"href":"https:\/\/www.kalani-home.com\/fr\/wp-json\/wp\/v2\/product\/201350","targetHints":{"allow":["GET"]}}],"collection":[{"href":"https:\/\/www.kalani-home.com\/fr\/wp-json\/wp\/v2\/product"}],"about":[{"href":"https:\/\/www.kalani-home.com\/fr\/wp-json\/wp\/v2\/types\/product"}],"replies":[{"embeddable":true,"href":"https:\/\/www.kalani-home.com\/fr\/wp-json\/wp\/v2\/comments?post=201350"}],"wp:featuredmedia":[{"embeddable":true,"href":"https:\/\/www.kalani-home.com\/fr\/wp-json\/wp\/v2\/media\/297157"}],"wp:attachment":[{"href":"https:\/\/www.kalani-home.com\/fr\/wp-json\/wp\/v2\/media?parent=201350"}],"wp:term":[{"taxonomy":"product_brand","embeddable":true,"href":"https:\/\/www.kalani-home.com\/fr\/wp-json\/wp\/v2\/product_brand?post=201350"},{"taxonomy":"product_cat","embeddable":true,"href":"https:\/\/www.kalani-home.com\/fr\/wp-json\/wp\/v2\/product_cat?post=201350"},{"taxonomy":"product_tag","embeddable":true,"href":"https:\/\/www.kalani-home.com\/fr\/wp-json\/wp\/v2\/product_tag?post=201350"}],"curies":[{"name":"wp","href":"https:\/\/api.w.org\/{rel}","templated":true}]}}