{"id":201181,"date":"2023-07-14T12:35:19","date_gmt":"2023-07-14T10:35:19","guid":{"rendered":"https:\/\/www.kalani-home.com\/?post_type=product&#038;p=201181"},"modified":"2026-03-28T21:24:15","modified_gmt":"2026-03-28T20:24:15","slug":"serviette-de-table-ajouree-en-lin-lave","status":"publish","type":"product","link":"https:\/\/www.kalani-home.com\/fr\/boutique\/serviette-de-table-ajouree-en-lin-lave\/","title":{"rendered":"Serviette de table ajour\u00e9e en lin lav\u00e9"},"content":{"rendered":"<div>\n<p><b>Mati\u00e8re<\/b>: 100% <span lang=\"FR\">lin <\/span>europ\u00e9en<span lang=\"FR-BE\"> local <\/span>(m\u00e9lange de fibres naturelles de lin de Belgique, de France et de Hollande<span lang=\"FR\">)<\/span>, certifi\u00e9<span lang=\"FR\"> European Flax\u00ae par notre fabricant et Oeko-tex 100<\/span>, \u00e9thique et \u00e9cologique.<\/p>\n<p><strong>D\u00e9tails :<\/strong><\/p>\n<\/div>\n<ul>\n<li>Finition avec un ourlet de 3cm ajour\u00e9 pour une look \u00e9l\u00e9gant et moderne.<\/li>\n<li>Tissu doux en lin lav\u00e9 de 165g\/m<sup>2<\/sup>.<\/li>\n<li>Le processus de pr\u00e9lavage du Lin avec des pierres, le rend tr\u00e8s doux et souple.<\/li>\n<li>Fibres de lin naturelles locales (BE\/FR\/NL).<\/li>\n<li>Naturellement respectueux de l&rsquo;environnement, historiquement cultiv\u00e9 de fa\u00e7on \u00e9cologique, sans intrants chimiques (pas d&rsquo;engrais, pas de pesticides, pas de d\u00e9foliants) et sans besoin d\u2019irrigation artificielle.<\/li>\n<li>Fabrication certifi\u00e9e European Flax\u00ae &amp; Oeko-tex 100 Class 2.<\/li>\n<li>Fabriqu\u00e9 \u00e9thiquement au Portugal dans des usines \u00e9thiques, respectant les ouvriers.<\/li>\n<li>Cr\u00e9\u00e9 avec passion, fait main avec amour pour la satisfaction des clients.<\/li>\n<li>Devient de plus en plus doux \u00e0 l\u2019utilisation et au fur et \u00e0 mesure des lavages.<\/li>\n<li>Pas besoin de repassage.<\/li>\n<\/ul>\n","protected":false},"excerpt":{"rendered":"<div><span lang=\"FR-BE\">R\u00e9unissez vos amis, votre famille, et tous vos convives autour d\u2019une table qui invite \u00e0 passer des moments uniques ensemble. <\/span><span lang=\"FR-BE\">Notre linge de table en lin lav\u00e9 s\u2019adapte \u00e0 toutes les occasions. <\/span>M\u00ealant douceur, \u00e9l\u00e9gance, \u00e0 un look boh\u00e8me-sophistiqu\u00e9, son drap\u00e9 parfait habillera vos plus belles tables de f\u00eates, comme celles du quotidien.<\/p>\n<p>L&rsquo;avantage du lin lav\u00e9 est qu&rsquo;il ne n\u00e9cessite aucun repassage. Le tissu conserve son aspect naturel de lin au fil des lavages.<\/p>\n<p>100% <span lang=\"FR\">lin naturel,<\/span> <span lang=\"FR-BE\">d\u2019origine belge, fran\u00e7aise et des Pays-Bas, fil\u00e9 en Italie et fabriqu\u00e9 dans le berceau textile du Portugal<\/span><\/p>\n<\/div>\n","protected":false},"featured_media":205104,"comment_status":"open","ping_status":"closed","template":"","meta":{"_acf_changed":false},"product_brand":[],"product_cat":[3718,3733,3449,3721,3730,3739,3456],"product_tag":[],"class_list":{"0":"post-201181","1":"product","2":"type-product","3":"status-publish","4":"has-post-thumbnail","6":"product_cat-anniversaire-fr","7":"product_cat-fetes-des-meres-fr","8":"product_cat-linge-de-table","9":"product_cat-noel-fr","10":"product_cat-petit-prix-fr","11":"product_cat-saint-valentin-fr","12":"product_cat-serviettes-de-table","13":"pa_color-anthracite-fr","14":"pa_color-natural-fr","15":"pa_color-ocean-blue-fr","16":"pa_color-ocean-small-stripes-fr","17":"pa_color-powder-pink-fr","18":"pa_color-sage-fr","19":"pa_color-snow-white-fr","20":"pa_color-terracotta-fr","21":"pa_genre-serviettes-de-table-fr","22":"pa_material-lin-lave-fr","23":"pa_origin-portugal-fr","24":"pa_size-49-x-49-cm-fr","26":"first","27":"instock","28":"taxable","29":"shipping-taxable","30":"purchasable","31":"product-type-variable","32":"has-default-attributes"},"acf":[],"_links":{"self":[{"href":"https:\/\/www.kalani-home.com\/fr\/wp-json\/wp\/v2\/product\/201181","targetHints":{"allow":["GET"]}}],"collection":[{"href":"https:\/\/www.kalani-home.com\/fr\/wp-json\/wp\/v2\/product"}],"about":[{"href":"https:\/\/www.kalani-home.com\/fr\/wp-json\/wp\/v2\/types\/product"}],"replies":[{"embeddable":true,"href":"https:\/\/www.kalani-home.com\/fr\/wp-json\/wp\/v2\/comments?post=201181"}],"wp:featuredmedia":[{"embeddable":true,"href":"https:\/\/www.kalani-home.com\/fr\/wp-json\/wp\/v2\/media\/205104"}],"wp:attachment":[{"href":"https:\/\/www.kalani-home.com\/fr\/wp-json\/wp\/v2\/media?parent=201181"}],"wp:term":[{"taxonomy":"product_brand","embeddable":true,"href":"https:\/\/www.kalani-home.com\/fr\/wp-json\/wp\/v2\/product_brand?post=201181"},{"taxonomy":"product_cat","embeddable":true,"href":"https:\/\/www.kalani-home.com\/fr\/wp-json\/wp\/v2\/product_cat?post=201181"},{"taxonomy":"product_tag","embeddable":true,"href":"https:\/\/www.kalani-home.com\/fr\/wp-json\/wp\/v2\/product_tag?post=201181"}],"curies":[{"name":"wp","href":"https:\/\/api.w.org\/{rel}","templated":true}]}}