{"id":130343,"date":"2022-11-18T10:55:14","date_gmt":"2022-11-18T09:55:14","guid":{"rendered":"https:\/\/www.kalani-home.com\/?post_type=product&#038;p=130343"},"modified":"2026-03-13T16:43:37","modified_gmt":"2026-03-13T15:43:37","slug":"parure-de-literie-hiver","status":"publish","type":"product","link":"https:\/\/www.kalani-home.com\/fr\/boutique\/parure-de-literie-hiver\/","title":{"rendered":"Parure de literie hiver"},"content":{"rendered":"<p><strong>Mati\u00e8re<\/strong>\u00a0:<\/p>\n<p>Couette : Garnissage naturel neuf : 90% duvet pur \/ 10% plumettes pures\u00a0= 100% canard blanc fran\u00e7ais<\/p>\n<p>Oreillers\u00a0: Garnissage naturel neuf :<\/p>\n<ul>\n<li>accueil ultra-moelleux et douillet des deux c\u00f4t\u00e9s, compos\u00e9 de 90% de duvet pur \/ 10% de plumettes pures\u00a0<\/li>\n<li>soutien ferme au centre, compos\u00e9 de 10% de plumettes pures\u00a0\/ 90% de duvet pur<\/li>\n<\/ul>\n<p>= 100% canard blanc fran\u00e7ais<\/p>\n<p>Enveloppe tr\u00e8s r\u00e9sistante\u00a0: 100% coton peign\u00e9 bio certifi\u00e9, tissage serr\u00e9 230TC (91fils\/cm<sup>2<\/sup>) pour \u00eatre down proof et emp\u00eacher le passage de acariens.<\/p>\n<p><strong>D\u00e9tails :\u00a0<\/strong><span lang=\"FR\">cette parure\u00a0<\/span>est compose de 1 (ou 2) Couette + 1 (ou 2 o<span lang=\"FR\">u\u00a0<\/span>3 o<span lang=\"FR\">u\u00a0<\/span>4)\u00a0<span lang=\"FR\">oreiller(s)\u00a0<\/span><span lang=\"FR\">de votre choix\u00a0<\/span>:<\/p>\n<p>Couette naturelle temp\u00e9r\u00e9e chaude :<\/p>\n<ul>\n<li>Grammage de 200gr\/m2<\/li>\n<li>Piquage \u00e0 grands carreaux (35x35cm) pour une r\u00e9partition homog\u00e8ne du duvet<\/li>\n<li>Emball\u00e9e dans un magnifique sac marin signature, en coton bio GOTS, pour \u00eatre rang\u00e9e dans une armoire ou transport\u00e9e en vacances (pour ceux que ne savent plus dormir sans elle).<\/li>\n<\/ul>\n<p>Oreiller naturel souple :<\/p>\n<ul>\n<li>Id\u00e9al si vous dormez sur le c\u00f4t\u00e9 et\/ou sur le dos<\/li>\n<li>Oreiller bio souple et moelleux \u00e0 3 chambres, pour une garantie de confort et de soutien<\/li>\n<li>Oreiller qui permet de garder la colonne vert\u00e9brale bien droite, tout en dormant sur le c\u00f4t\u00e9 ou sur le dos<\/li>\n<li>Emball\u00e9 dans un magnifique sac marin signature, en coton bio GOTS, pour \u00eatre rang\u00e9 dans une armoire ou transport\u00e9 en vacances (pour ceux que ne savent plus dormir sans).<\/li>\n<\/ul>\n<p>Oreiller naturel mi-ferme\u00a0:<\/p>\n<ul>\n<li>Id\u00e9al si vous dormez sur le c\u00f4t\u00e9<\/li>\n<li>Oreiller bio mi-ferme \u00e0 3 chambres, pour une garantie de confort et de soutien<\/li>\n<li>Oreiller qui permet de garder la colonne vert\u00e9brale bien droite, tout en dormant sur le c\u00f4t\u00e9<\/li>\n<li>Emball\u00e9 dans un magnifique sac marin signature, en coton bio GOTS, pour \u00eatre rang\u00e9 dans une armoire ou transport\u00e9 en vacances (pour ceux que ne savent plus dormir sans).<\/li>\n<\/ul>\n<p>Oreiller naturel plat mi-ferme\u00a0:<\/p>\n<ul>\n<li>Id\u00e9al si vous dormez sur le ventre<\/li>\n<li>Oreiller plat de taille standard : 40\u00d760<\/li>\n<li>Oreiller bio plat mi-ferme \u00e0 3 chambres, pour une garantie de confort et de soutien<\/li>\n<li>Oreiller qui permet de garder la colonne vert\u00e9brale bien droite, tout en dormant sur le ventre. Cet oreiller bcp plus confortable qu\u2019un oreiller en mousse dure.<\/li>\n<li>Emball\u00e9 dans un magnifique sac marin signature, en coton bio GOTS, pour rang\u00e9 dans une armoire ou transport\u00e9 en vacances (pour ceux que ne savent plus dormir sans).<\/li>\n<\/ul>\n<p>Tous les produits\u00a0:<\/p>\n<ul>\n<li>Finition passepoil blanc pur, invisible \u00e0 travers des draps blanc<\/li>\n<li>Duvet de canard blanc fran\u00e7ais haut de gamme<\/li>\n<li>Duvet et plumettes s\u00e9lectionn\u00e9es pour leur haut pouvoir gonflant de 750 CUIN<\/li>\n<li>Finition passepoil blanc pur, invisible \u00e0 travers des draps blanc<\/li>\n<li>Enveloppe down proof, qui emp\u00eache le duvet et les plumettes de s\u2019\u00e9chapper<\/li>\n<li>Enveloppe en 100% Coton certifi\u00e9 GOTS, tra\u00e7able, OGM interdits, teintures \u00e9cologiques, saines, respectueuses de l\u2019environnement et prot\u00e9geant la biodiversit\u00e9<\/li>\n<li>Produit certifi\u00e9 OEKO-TEX 100<sup>\u00ae<\/sup><\/li>\n<li>Produit certifi\u00e9 DOWNPASS<sup>\u00ae<\/sup><\/li>\n<li>Respect du bien-\u00eatre animal : le duvet et les plumettes ne proviennent pas d\u2019animaux vivants, 100% de la revalorisation des fili\u00e8res alimentaires fran\u00e7aises<\/li>\n<li>Naturellement ANTI-ACARIENS sans traitement chimique<\/li>\n<li>Nettoyage \u00e0 sec ou en machine \u00e0 60\u00b0 Maximum<\/li>\n<li>Cr\u00e9\u00e9 avec passion, fait main avec amour pour la satisfaction des clients<\/li>\n<li>Fabriqu\u00e9 localement en France\n<ul>\n<li style=\"list-style-type: none;\">\u00a0<\/li>\n<\/ul>\n<\/li>\n<\/ul>\n","protected":false},"excerpt":{"rendered":"<p>Cette parure vous tiendra chaud toute l&rsquo;ann\u00e9e, tout en vous garantissant une tr\u00e8s bonne thermor\u00e9gulation. Chaude et l\u00e9g\u00e8re \u00e0 la fois, elle r\u00e9pond aux besoins de plus de 95% des m\u00e9nages, m\u00eame sans chauffage. D\u00e9couvrez la sensation de dormir dans un nuage !<\/p>\n","protected":false},"featured_media":129728,"comment_status":"open","ping_status":"closed","template":"","meta":{"_acf_changed":false},"product_brand":[],"product_cat":[3281,3332],"product_tag":[],"class_list":{"0":"post-130343","1":"product","2":"type-product","3":"status-publish","4":"has-post-thumbnail","6":"product_cat-literie","7":"product_cat-literie-parure","8":"pa_color-white-fr","9":"pa_material-duvet-et-plumes-naturels-fr","10":"pa_size-140-x-200-cm-fr","11":"pa_size-140-x-220-cm-fr","12":"pa_size-155-x-220-cm-fr","13":"pa_size-200-x-200-cm-fr","14":"pa_size-240-x-220-cm-fr","15":"pa_size-260-x-220-cm-fr","16":"pa_size-260-x-240-cm-fr","17":"pa_size-40-x-60-cm-fr","18":"pa_size-50-x-70-cm-fr","19":"pa_size-60-x-70-cm-fr","20":"pa_size-65-x-65-cm-fr","22":"first","23":"instock","24":"virtual","25":"taxable","26":"purchasable","27":"product-type-yith_bundle"},"acf":[],"_links":{"self":[{"href":"https:\/\/www.kalani-home.com\/fr\/wp-json\/wp\/v2\/product\/130343","targetHints":{"allow":["GET"]}}],"collection":[{"href":"https:\/\/www.kalani-home.com\/fr\/wp-json\/wp\/v2\/product"}],"about":[{"href":"https:\/\/www.kalani-home.com\/fr\/wp-json\/wp\/v2\/types\/product"}],"replies":[{"embeddable":true,"href":"https:\/\/www.kalani-home.com\/fr\/wp-json\/wp\/v2\/comments?post=130343"}],"wp:featuredmedia":[{"embeddable":true,"href":"https:\/\/www.kalani-home.com\/fr\/wp-json\/wp\/v2\/media\/129728"}],"wp:attachment":[{"href":"https:\/\/www.kalani-home.com\/fr\/wp-json\/wp\/v2\/media?parent=130343"}],"wp:term":[{"taxonomy":"product_brand","embeddable":true,"href":"https:\/\/www.kalani-home.com\/fr\/wp-json\/wp\/v2\/product_brand?post=130343"},{"taxonomy":"product_cat","embeddable":true,"href":"https:\/\/www.kalani-home.com\/fr\/wp-json\/wp\/v2\/product_cat?post=130343"},{"taxonomy":"product_tag","embeddable":true,"href":"https:\/\/www.kalani-home.com\/fr\/wp-json\/wp\/v2\/product_tag?post=130343"}],"curies":[{"name":"wp","href":"https:\/\/api.w.org\/{rel}","templated":true}]}}