{"id":129243,"date":"2022-11-06T23:32:25","date_gmt":"2022-11-06T22:32:25","guid":{"rendered":"https:\/\/www.kalani-home.com\/?post_type=product&#038;p=129243"},"modified":"2026-04-18T18:05:50","modified_gmt":"2026-04-18T16:05:50","slug":"couette-ete-naturelle","status":"publish","type":"product","link":"https:\/\/www.kalani-home.com\/fr\/boutique\/couette-ete-naturelle\/","title":{"rendered":"Couette \u00e9t\u00e9 naturelle"},"content":{"rendered":"<p><strong>Mati\u00e8re<\/strong> :<\/p>\n<p>Garnissage naturel neuf : 90% duvet pur \/ 10% plumettes pures\u00a0= 100% canard blanc fran\u00e7ais<\/p>\n<p>Enveloppe tr\u00e8s r\u00e9sistante\u00a0: 100% coton peign\u00e9 bio certifi\u00e9, tissage serr\u00e9 230TC (91fils\/cm<sup>2<\/sup>) pour \u00eatre down proof et emp\u00eacher le passage d&rsquo;acariens.<\/p>\n<p><strong>D\u00e9tails :<\/strong><\/p>\n<ul>\n<li>Grammage de 100gr\/m2<\/li>\n<li>Finition passepoil blanc pur, invisible \u00e0 travers des draps blanc<\/li>\n<li>Piquage \u00e0 petits carreaux (20x20cm), pour une r\u00e9partition homog\u00e8ne du duvet<\/li>\n<li>Emball\u00e9e dans un magnifique sac marin signature, en coton bio GOTS, pour \u00eatre rang\u00e9e dans une armoire ou transport\u00e9e en vacances (pour ceux que ne savent plus dormir sans elle).<\/li>\n<li>Duvet de canard blanc fran\u00e7ais haut de gamme<\/li>\n<li>Duvet et plumettes s\u00e9lectionn\u00e9es pour leur haut pouvoir gonflant de 750 CUIN<\/li>\n<li>Enveloppe avec tissage serr\u00e9 down proof, qui emp\u00eache le duvet et les plumettes de s\u2019\u00e9chapper<\/li>\n<li>100% Coton certifi\u00e9 GOTS, tra\u00e7able, OGM interdits, teintures \u00e9cologiques, saines, respectueuses de l\u2019environnement et prot\u00e9geant la biodiversit\u00e9<\/li>\n<li>Produit certifi\u00e9 OEKO-TEX 100<sup>\u00ae<\/sup><\/li>\n<li>Produit certifi\u00e9 DOWNPASS<sup>\u00ae<\/sup><\/li>\n<li>Respect du bien-\u00eatre animal : le duvet et les plumettes ne proviennent pas d\u2019animaux vivants, 100% de la revalorisation des fili\u00e8res alimentaires fran\u00e7aises<\/li>\n<li>Naturellement ANTI-ACARIENS sans traitement chimique<\/li>\n<li>Nettoyage \u00e0 sec ou en machine \u00e0 60\u00b0 Maximum<\/li>\n<li>Cr\u00e9\u00e9 avec passion, fait main avec amour pour la satisfaction des clients<\/li>\n<li>Fabriqu\u00e9 localement en France<\/li>\n<\/ul>\n","protected":false},"excerpt":{"rendered":"<p>L\u00e9g\u00e8ret\u00e9 et confort se rencontrent pour vos nuits d\u2019\u00e9t\u00e9. Si vous \u00eates de celleux qui aiment se couvrir m\u00eame en \u00e9t\u00e9, cette couette est faite pour vous\u00a0! Notre couette en duvet ultra l\u00e9g\u00e8re, en 100gr\/m<sup>2<\/sup>, est id\u00e9ale pour les nuits les plus chaudes. Vous y dormirez comme dans un nuage.<\/p>\n<p>Et si vous \u00eates de celleux qui ont tendance \u00e0 avoir chaud toutes les nuits, elle sera parfaite tout au long de l\u2019ann\u00e9e !<\/p>\n","protected":false},"featured_media":129927,"comment_status":"open","ping_status":"closed","template":"","meta":{"_acf_changed":false},"product_brand":[],"product_cat":[3284,3281,3742],"product_tag":[],"class_list":{"0":"post-129243","1":"product","2":"type-product","3":"status-publish","4":"has-post-thumbnail","6":"product_cat-couette","7":"product_cat-literie","8":"product_cat-mariage-fr","9":"pa_color-white-fr","10":"pa_genre-couette-fr","11":"pa_material-duvet-et-plumes-naturels-fr","12":"pa_origin-france-fr","13":"pa_size-140-x-200-cm-fr","14":"pa_size-140-x-220-cm-fr","15":"pa_size-155-x-220-cm-fr","16":"pa_size-200-x-200-cm-fr","17":"pa_size-240-x-220-cm-fr","18":"pa_size-260-x-220-cm-fr","19":"pa_size-260-x-240-cm-fr","21":"first","22":"instock","23":"taxable","24":"shipping-taxable","25":"purchasable","26":"product-type-variable","27":"has-default-attributes"},"acf":[],"_links":{"self":[{"href":"https:\/\/www.kalani-home.com\/fr\/wp-json\/wp\/v2\/product\/129243","targetHints":{"allow":["GET"]}}],"collection":[{"href":"https:\/\/www.kalani-home.com\/fr\/wp-json\/wp\/v2\/product"}],"about":[{"href":"https:\/\/www.kalani-home.com\/fr\/wp-json\/wp\/v2\/types\/product"}],"replies":[{"embeddable":true,"href":"https:\/\/www.kalani-home.com\/fr\/wp-json\/wp\/v2\/comments?post=129243"}],"wp:featuredmedia":[{"embeddable":true,"href":"https:\/\/www.kalani-home.com\/fr\/wp-json\/wp\/v2\/media\/129927"}],"wp:attachment":[{"href":"https:\/\/www.kalani-home.com\/fr\/wp-json\/wp\/v2\/media?parent=129243"}],"wp:term":[{"taxonomy":"product_brand","embeddable":true,"href":"https:\/\/www.kalani-home.com\/fr\/wp-json\/wp\/v2\/product_brand?post=129243"},{"taxonomy":"product_cat","embeddable":true,"href":"https:\/\/www.kalani-home.com\/fr\/wp-json\/wp\/v2\/product_cat?post=129243"},{"taxonomy":"product_tag","embeddable":true,"href":"https:\/\/www.kalani-home.com\/fr\/wp-json\/wp\/v2\/product_tag?post=129243"}],"curies":[{"name":"wp","href":"https:\/\/api.w.org\/{rel}","templated":true}]}}