{"id":128456,"date":"2022-10-26T19:06:36","date_gmt":"2022-10-26T17:06:36","guid":{"rendered":"https:\/\/www.kalani-home.com\/?post_type=product&#038;p=128456"},"modified":"2026-02-19T07:11:56","modified_gmt":"2026-02-19T06:11:56","slug":"surmatelas-naturel","status":"publish","type":"product","link":"https:\/\/www.kalani-home.com\/fr\/boutique\/surmatelas-naturel\/","title":{"rendered":"Surmatelas naturel"},"content":{"rendered":"<p><strong>Mati\u00e8re<\/strong> :<\/p>\n<p>Garnissage naturel neuf :<\/p>\n<ul>\n<li>accueil ultra-moelleux au-dessus en 90% duvet pur \/ 10% plumettes pures\u00a0<\/li>\n<li>soutien mi-ferme en dessous en 10% plumettes pures\u00a0\/ 90% duvet pur<\/li>\n<\/ul>\n<p>= 100% canard blanc fran\u00e7ais<\/p>\n<p>Enveloppe tr\u00e8s r\u00e9sistante\u00a0: 100% coton peign\u00e9 bio certifi\u00e9, tissage serr\u00e9 230TC (91fils\/cm<sup>2<\/sup>) pour \u00eatre down proof et emp\u00eacher le passage de acariens.<\/p>\n<p><strong>D\u00e9tails :<\/strong><\/p>\n<ul>\n<li>Surmatelas bio ultra moelleux \u00e0 2 chambres, pour une garantie de confort et de soutien<\/li>\n<li>Surmatelas l\u00e9ger de 2,5cm, pour ne pas devoir remplacer tous les drap housse de matelas. Son pouvoir gonflant maximum donne l\u2019impressions de dormir sur un nuage, tellement moelleux<\/li>\n<li>4 \u00e9lastiques tr\u00e8s larges aux 4 coins pour un maintien parfait sur votre matelas<\/li>\n<li>Piquage \u00e0 grands carreaux pour une r\u00e9partition homog\u00e8ne du duvet<\/li>\n<li>Finition passepoil blanc pur, invisible \u00e0 travers des draps blanc<\/li>\n<li>Emball\u00e9 dans un magnifique sac valise signature, en coton bio GOTS, pour \u00eatre rang\u00e9 dans une armoire ou transport\u00e9 en vacances (pour ceux que ne savent plus dormir sans). Taille du sac valise\u00a0: 75x55x35cm<\/li>\n<li>Duvet de canard blanc fran\u00e7ais haut de gamme<\/li>\n<li>Duvet et plumettes s\u00e9lectionn\u00e9es pour leur haut pouvoir gonflant de 750 CUIN<\/li>\n<li>Enveloppe down proof, qui emp\u00eache le duvet et les plumettes de s\u2019\u00e9chapper<\/li>\n<li>Enveloppe en 100% Coton certifi\u00e9 GOTS, tra\u00e7able, OGM interdits, teintures \u00e9cologiques, saines, respectueuses de l\u2019environnement et prot\u00e9geant la biodiversit\u00e9<\/li>\n<li>Produit certifi\u00e9 OEKO-TEX 100<sup>\u00ae<\/sup><\/li>\n<li>Produit certifi\u00e9 DOWNPASS<sup>\u00ae<\/sup><\/li>\n<li>Respect du bien-\u00eatre animal : le duvet et les plumettes ne proviennent pas d\u2019animaux vivants, 100% de la revalorisation des fili\u00e8res alimentaires fran\u00e7aises<\/li>\n<li>Naturellement ANTI-ACARIENS sans traitement chimique<\/li>\n<li>Nettoyage \u00e0 sec ou en machine \u00e0 60\u00b0 Maximum<\/li>\n<li>Cr\u00e9\u00e9 avec passion, fait main avec amour pour la satisfaction des clients<\/li>\n<li>Fabriqu\u00e9 localement en France<\/li>\n<\/ul>\n","protected":false},"excerpt":{"rendered":"<p>Passez dans une autre dimension du confort\u00a0! D\u00e9couvrez le summum du luxe et du bien-\u00eatre au lit avec notre surmatelas a\u00e9rien, doux et ultra-moelleux. Avec son garnissage ultra-moelleux et douillet au-dessus, et son soutien mi-ferme en dessous, votre lit sera digne des plus grands Palaces. Associ\u00e9 avec notre couette et nos oreillers, vous dormirez comme si vous \u00e9tiez dans un nuage.<\/p>\n","protected":false},"featured_media":130090,"comment_status":"open","ping_status":"closed","template":"","meta":{"_acf_changed":false},"product_brand":[],"product_cat":[3281,3742,3287],"product_tag":[],"class_list":{"0":"post-128456","1":"product","2":"type-product","3":"status-publish","4":"has-post-thumbnail","6":"product_cat-literie","7":"product_cat-mariage-fr","8":"product_cat-surmatelas","9":"pa_color-white-fr","10":"pa_genre-surmatelas-fr","11":"pa_material-duvet-et-plumes-naturels-fr","12":"pa_origin-france-fr","13":"pa_size-140-x-190-cm-fr","14":"pa_size-140-x-200-cm-fr-fr","15":"pa_size-160-x-200-cm-fr","16":"pa_size-180-x-200-cm-fr","17":"pa_size-200-x-200-cm-fr-fr","18":"pa_size-90-x-200-cm-fr","20":"first","21":"instock","22":"taxable","23":"shipping-taxable","24":"purchasable","25":"product-type-variable","26":"has-default-attributes"},"acf":[],"_links":{"self":[{"href":"https:\/\/www.kalani-home.com\/fr\/wp-json\/wp\/v2\/product\/128456","targetHints":{"allow":["GET"]}}],"collection":[{"href":"https:\/\/www.kalani-home.com\/fr\/wp-json\/wp\/v2\/product"}],"about":[{"href":"https:\/\/www.kalani-home.com\/fr\/wp-json\/wp\/v2\/types\/product"}],"replies":[{"embeddable":true,"href":"https:\/\/www.kalani-home.com\/fr\/wp-json\/wp\/v2\/comments?post=128456"}],"wp:featuredmedia":[{"embeddable":true,"href":"https:\/\/www.kalani-home.com\/fr\/wp-json\/wp\/v2\/media\/130090"}],"wp:attachment":[{"href":"https:\/\/www.kalani-home.com\/fr\/wp-json\/wp\/v2\/media?parent=128456"}],"wp:term":[{"taxonomy":"product_brand","embeddable":true,"href":"https:\/\/www.kalani-home.com\/fr\/wp-json\/wp\/v2\/product_brand?post=128456"},{"taxonomy":"product_cat","embeddable":true,"href":"https:\/\/www.kalani-home.com\/fr\/wp-json\/wp\/v2\/product_cat?post=128456"},{"taxonomy":"product_tag","embeddable":true,"href":"https:\/\/www.kalani-home.com\/fr\/wp-json\/wp\/v2\/product_tag?post=128456"}],"curies":[{"name":"wp","href":"https:\/\/api.w.org\/{rel}","templated":true}]}}