{"id":127937,"date":"2022-10-21T16:51:29","date_gmt":"2022-10-21T14:51:29","guid":{"rendered":"https:\/\/www.kalani-home.com\/?post_type=product&#038;p=127937"},"modified":"2026-03-13T16:44:57","modified_gmt":"2026-03-13T15:44:57","slug":"masque-de-nuit-en-jersey-de-coton-premium","status":"publish","type":"product","link":"https:\/\/www.kalani-home.com\/fr\/boutique\/masque-de-nuit-en-jersey-de-coton-premium\/","title":{"rendered":"Masque de nuit en Jersey de coton Premium"},"content":{"rendered":"<p><strong>Mati\u00e8re<\/strong> :\u00a0<span lang=\"FR-BE\">100% Jersey Premium en coton tricot\u00e9 \u00e0 partir de longues fibres de coton peign\u00e9, certifi\u00e9 biologique et Fairtrade<\/span><\/p>\n<p><strong>D\u00e9tails :<\/strong><\/p>\n<ul>\n<li>Masque de nuit adulte, pour une t\u00eate d\u2019une circonf\u00e9rence allant de x cm \u00e0 y cm au niveau des yeux.<\/li>\n<li>\u00c9lastique de qualit\u00e9 \u00e0 taille unique<\/li>\n<li>Forme ergonomique \u00e0 taille unique de 19,5cm de large sur 9,5cm de haut<\/li>\n<li>Fabriqu\u00e9 avec les chutes de d\u00e9coupes de nos draps revaloris\u00e9es (upcycling), pour ne rien gaspiller\u00a0!<\/li>\n<li>Emball\u00e9 dans un magnifique pochon en Jersey de coton pour \u00eatre transport\u00e9 en vacances ou rang\u00e9 en toute hygi\u00e8ne et s\u00e9curit\u00e9<\/li>\n<li>100% Coton certifi\u00e9 GOTS, tra\u00e7able, OGM interdits, teintures \u00e9cologiques, saines, respectueuses de l\u2019environnement et prot\u00e9geant la biodiversit\u00e9<\/li>\n<li>100% Coton certifi\u00e9 Fairtrade, respectant les communaut\u00e9s de fermiers<\/li>\n<li>Fabriqu\u00e9 \u00e9thiquement en Inde dans des usines \u00e9quitables, respectant les ouvriers<\/li>\n<li>Cr\u00e9\u00e9 avec passion, fait main avec amour, pour la satisfaction des clients<\/li>\n<li>Simple Jersey Premium tricot\u00e9 avec une excellente \u00e9lasticit\u00e9 m\u00e9caniqueOuverture<\/li>\n<\/ul>\n","protected":false},"excerpt":{"rendered":"<p>Un masque de nuit en jersey de coton d\u2019une douceur absolue pour accompagner vos nuits. Si vous \u00eates un.e adepte des voyages de nuit, si vous dormez mieux dans l\u2019obscurit\u00e9 totale, ou encore si vous aimez le look total dodo en coton bio, ce masque est fait pour vous. Aussi doux que notre linge de lit, car issu de nos chutes de tissus, ce masque c\u2019est du z\u00e9ro gaspillage et du 100% confort.<\/p>\n<p>Produit en 100% coton biologique &amp; certifi\u00e9 Fairtrade, \u00e9thique et \u00e9cologique.<\/p>\n","protected":false},"featured_media":128837,"comment_status":"open","ping_status":"closed","template":"","meta":{"_acf_changed":false},"product_brand":[3691],"product_cat":[3048,3718,3733,3724,3294,3721,3730,3736,3739],"product_tag":[],"class_list":{"0":"post-127937","1":"product","2":"type-product","3":"status-publish","4":"has-post-thumbnail","6":"product_brand-kalani","7":"product_cat-accessoires-fr","8":"product_cat-anniversaire-fr","9":"product_cat-fetes-des-meres-fr","10":"product_cat-fetes-des-peres-fr","11":"product_cat-masque-de-nuit","12":"product_cat-noel-fr","13":"product_cat-petit-prix-fr","14":"product_cat-pour-faire-plaisir-fr","15":"product_cat-saint-valentin-fr","16":"pa_color-light-grey-melange-fr","17":"pa_genre-masque-de-nuit-fr","18":"pa_material-jersey-de-coton-premium","19":"pa_origin-inde","20":"pa_size-195-x-95-cm-fr","22":"first","23":"outofstock","24":"taxable","25":"shipping-taxable","26":"purchasable","27":"product-type-variable","28":"has-default-attributes"},"acf":[],"_links":{"self":[{"href":"https:\/\/www.kalani-home.com\/fr\/wp-json\/wp\/v2\/product\/127937","targetHints":{"allow":["GET"]}}],"collection":[{"href":"https:\/\/www.kalani-home.com\/fr\/wp-json\/wp\/v2\/product"}],"about":[{"href":"https:\/\/www.kalani-home.com\/fr\/wp-json\/wp\/v2\/types\/product"}],"replies":[{"embeddable":true,"href":"https:\/\/www.kalani-home.com\/fr\/wp-json\/wp\/v2\/comments?post=127937"}],"wp:featuredmedia":[{"embeddable":true,"href":"https:\/\/www.kalani-home.com\/fr\/wp-json\/wp\/v2\/media\/128837"}],"wp:attachment":[{"href":"https:\/\/www.kalani-home.com\/fr\/wp-json\/wp\/v2\/media?parent=127937"}],"wp:term":[{"taxonomy":"product_brand","embeddable":true,"href":"https:\/\/www.kalani-home.com\/fr\/wp-json\/wp\/v2\/product_brand?post=127937"},{"taxonomy":"product_cat","embeddable":true,"href":"https:\/\/www.kalani-home.com\/fr\/wp-json\/wp\/v2\/product_cat?post=127937"},{"taxonomy":"product_tag","embeddable":true,"href":"https:\/\/www.kalani-home.com\/fr\/wp-json\/wp\/v2\/product_tag?post=127937"}],"curies":[{"name":"wp","href":"https:\/\/api.w.org\/{rel}","templated":true}]}}