{"id":112030,"date":"2022-02-18T17:26:08","date_gmt":"2022-02-18T16:26:08","guid":{"rendered":"https:\/\/www.kalani-home.com\/shop\/echantillon\/"},"modified":"2026-05-05T15:34:43","modified_gmt":"2026-05-05T13:34:43","slug":"echantillon","status":"publish","type":"product","link":"https:\/\/www.kalani-home.com\/fr\/boutique\/echantillon\/","title":{"rendered":"\u00c9chantillon"},"content":{"rendered":"<p><strong>Mati\u00e8re :<\/strong> 100% longues fibres de coton peign\u00e9, certifi\u00e9 biologique et Fairtrade<\/p>\n<p><strong>D\u00e9tails :<\/strong><\/p>\n<ul>\n<li>Dimensions : 9,5 x 9,5 cm<\/li>\n<li>100% Coton certifi\u00e9 GOTS, tra\u00e7able, OGM interdits, teintures \u00e9cologiques, saines, respectueuses de l\u2019environnement et prot\u00e9geant la biodiversit\u00e9<\/li>\n<li>100% Coton certifi\u00e9 Fairtrade, respectant les communaut\u00e9s de fermiers<\/li>\n<li>Fabriqu\u00e9 \u00e9thiquement en Inde dans des usines \u00e9quitables, respectant les ouvriers<\/li>\n<li>Cr\u00e9\u00e9 avec passion, fait main avec amour pour la satisfaction des clients<\/li>\n<\/ul>\n","protected":false},"excerpt":{"rendered":"<p>Vous h\u00e9sitez encore sur la couleur, ou la mati\u00e8re ?<br \/>\nNous avons pens\u00e9 \u00e0 tout !<\/p>\n<p>Commandez les \u00e9chantillons de votre choix en fonction de la couleur et la mati\u00e8re souhait\u00e9e, et choisissez en toute conscience.<\/p>\n<p>Les \u00e9chantillons sont au prix co\u00fbtant pour \u00e9viter le gaspillage, mais si vous pr\u00e9voyez de commander des draps par la suite, ces \u00e9chantillons seront gratuits.<br \/>\nLorsque vous commandez des \u00e9chantillons (seulement des \u00e9chantillons dans la commande), la livraison sera gratuite et nous vous enverrons un coupon (valable 1 an) par e-mail avec le montant de votre commande d\u2019\u00e9chantillons \u00e0 d\u00e9duire lors de votre commande.<br \/>\nLorsque vous serez pr\u00eat \u00e0 commander vos draps, utilisez ce coupon pour d\u00e9duire la valeur de la commande d\u2019\u00e9chantillons du total de votre commande de produits.<\/p>\n<p>Produit en 100% coton biologique &amp; Fairtrade certifi\u00e9, \u00e9thique et \u00e9cologique.<\/p>\n","protected":false},"featured_media":297403,"comment_status":"open","ping_status":"closed","template":"","meta":{"_acf_changed":false},"product_brand":[],"product_cat":[3048,3145],"product_tag":[],"class_list":{"0":"post-112030","1":"product","2":"type-product","3":"status-publish","4":"has-post-thumbnail","6":"product_cat-accessoires-fr","7":"product_cat-echantillon-fr","8":"pa_color-air-blue-fr","9":"pa_color-anthracite-fr","10":"pa_color-forest-fr","11":"pa_color-ivory-fr","12":"pa_color-kalani-blue-fr","13":"pa_color-lava-grey-fr","14":"pa_color-light-grey-melange-fr","15":"pa_color-lilac-fr","16":"pa_color-midnight-blue-fr","17":"pa_color-natural-fr","18":"pa_color-ocean-blue-fr","19":"pa_color-ocean-small-stripes-fr","20":"pa_color-powder-pink-fr","21":"pa_color-sage-fr","22":"pa_color-sand-fr","23":"pa_color-small-grey-dots-fr","24":"pa_color-snow-white-fr","25":"pa_color-soft-pink-fr","26":"pa_color-stone-grey-fr","27":"pa_color-taupe-fr","28":"pa_color-terracotta-fr","29":"pa_material-gaze-de-coton-fr","30":"pa_material-jersey-de-coton-premium","31":"pa_material-lin-lave-fr","32":"pa_material-percale-de-coton","33":"pa_material-satin-de-coton","35":"first","36":"instock","37":"taxable","38":"shipping-taxable","39":"purchasable","40":"product-type-variable","41":"has-default-attributes"},"acf":[],"_links":{"self":[{"href":"https:\/\/www.kalani-home.com\/fr\/wp-json\/wp\/v2\/product\/112030","targetHints":{"allow":["GET"]}}],"collection":[{"href":"https:\/\/www.kalani-home.com\/fr\/wp-json\/wp\/v2\/product"}],"about":[{"href":"https:\/\/www.kalani-home.com\/fr\/wp-json\/wp\/v2\/types\/product"}],"replies":[{"embeddable":true,"href":"https:\/\/www.kalani-home.com\/fr\/wp-json\/wp\/v2\/comments?post=112030"}],"wp:featuredmedia":[{"embeddable":true,"href":"https:\/\/www.kalani-home.com\/fr\/wp-json\/wp\/v2\/media\/297403"}],"wp:attachment":[{"href":"https:\/\/www.kalani-home.com\/fr\/wp-json\/wp\/v2\/media?parent=112030"}],"wp:term":[{"taxonomy":"product_brand","embeddable":true,"href":"https:\/\/www.kalani-home.com\/fr\/wp-json\/wp\/v2\/product_brand?post=112030"},{"taxonomy":"product_cat","embeddable":true,"href":"https:\/\/www.kalani-home.com\/fr\/wp-json\/wp\/v2\/product_cat?post=112030"},{"taxonomy":"product_tag","embeddable":true,"href":"https:\/\/www.kalani-home.com\/fr\/wp-json\/wp\/v2\/product_tag?post=112030"}],"curies":[{"name":"wp","href":"https:\/\/api.w.org\/{rel}","templated":true}]}}