{"id":105684,"date":"2021-12-03T11:23:19","date_gmt":"2021-12-03T10:23:19","guid":{"rendered":"https:\/\/www.kalani-home.com\/?post_type=product&#038;p=105684"},"modified":"2026-04-12T11:45:20","modified_gmt":"2026-04-12T09:45:20","slug":"tapis-de-bain-luxe","status":"publish","type":"product","link":"https:\/\/www.kalani-home.com\/fr\/boutique\/tapis-de-bain-luxe\/","title":{"rendered":"Tapis de bain Luxe"},"content":{"rendered":"<p class=\"warning_inline\"><strong>Mati\u00e8re<\/strong> : Tissu \u00e9ponge qualit\u00e9 Luxe fabriqu\u00e9 en Belgique en 100% coton peign\u00e9 biologique et vegan<\/p>\n<p><strong>D\u00e9tails :<\/strong><\/p>\n<ul>\n<li>Dimension standart : 50 x 80 cm<\/li>\n<li>Incroyablement doux gr\u00e2ce au coton peign\u00e9 \u00e0 longue fibre pour la qualit\u00e9.<\/li>\n<li>Epais en 1000g\/m\u00b2, mais pas trop lourd.<\/li>\n<li>Super absorbant.<\/li>\n<li>100% Coton certifi\u00e9 GOTS, tra\u00e7able, sans OGM, teintures \u00e9cologiques, saines, respectueuses de l\u2019environnement et prot\u00e9geant la biodiversit\u00e9<\/li>\n<li>100% Vegan approuv\u00e9 par PETA<\/li>\n<li>Fabriqu\u00e9 localement en BELGIQUE dans des usines qui produisent les plus grandes marques du monde<\/li>\n<li>Cr\u00e9\u00e9 avec passion<\/li>\n<li>Etiquette de qualit\u00e9 Kalani<\/li>\n<\/ul>\n","protected":false},"excerpt":{"rendered":"<p>On fait rimer confort et s\u00e9curit\u00e9, le tout dans un design intemporel qui r\u00e9chauffera et s\u00e9chera les pieds des plus petits au plus grands. Super absorbant, l\u2019incontournable des salles de bains ne vous fera plus jamais marcher sur l\u2019eau&#8230;<\/p>\n<p>Ce linge de bain qualit\u00e9 Luxe est maintenant disponible pour votre salle de bain.<\/p>\n<p>Produit en Belgique en 100% coton biologique certifi\u00e9 GOTS, \u00e9thique et \u00e9cologique.<\/p>\n","protected":false},"featured_media":107979,"comment_status":"open","ping_status":"closed","template":"","meta":{"_acf_changed":false},"product_brand":[],"product_cat":[3718,3733,3724,1408,3721,3736,3739,1414],"product_tag":[],"class_list":{"0":"post-105684","1":"product","2":"type-product","3":"status-publish","4":"has-post-thumbnail","6":"product_cat-anniversaire-fr","7":"product_cat-fetes-des-meres-fr","8":"product_cat-fetes-des-peres-fr","9":"product_cat-linge-de-bain","10":"product_cat-noel-fr","11":"product_cat-pour-faire-plaisir-fr","12":"product_cat-saint-valentin-fr","13":"product_cat-tapis-de-bain","14":"pa_color-anthracite-fr","15":"pa_color-kalani-blue-fr","16":"pa_color-sand-fr","17":"pa_color-stone-grey-fr","18":"pa_genre-tapis-de-bain","19":"pa_material-eponge-de-luxe","20":"pa_origin-belgique","21":"pa_size-50-x-80-cm-fr","23":"first","24":"instock","25":"taxable","26":"shipping-taxable","27":"purchasable","28":"product-type-variable","29":"has-default-attributes"},"acf":[],"_links":{"self":[{"href":"https:\/\/www.kalani-home.com\/fr\/wp-json\/wp\/v2\/product\/105684","targetHints":{"allow":["GET"]}}],"collection":[{"href":"https:\/\/www.kalani-home.com\/fr\/wp-json\/wp\/v2\/product"}],"about":[{"href":"https:\/\/www.kalani-home.com\/fr\/wp-json\/wp\/v2\/types\/product"}],"replies":[{"embeddable":true,"href":"https:\/\/www.kalani-home.com\/fr\/wp-json\/wp\/v2\/comments?post=105684"}],"wp:featuredmedia":[{"embeddable":true,"href":"https:\/\/www.kalani-home.com\/fr\/wp-json\/wp\/v2\/media\/107979"}],"wp:attachment":[{"href":"https:\/\/www.kalani-home.com\/fr\/wp-json\/wp\/v2\/media?parent=105684"}],"wp:term":[{"taxonomy":"product_brand","embeddable":true,"href":"https:\/\/www.kalani-home.com\/fr\/wp-json\/wp\/v2\/product_brand?post=105684"},{"taxonomy":"product_cat","embeddable":true,"href":"https:\/\/www.kalani-home.com\/fr\/wp-json\/wp\/v2\/product_cat?post=105684"},{"taxonomy":"product_tag","embeddable":true,"href":"https:\/\/www.kalani-home.com\/fr\/wp-json\/wp\/v2\/product_tag?post=105684"}],"curies":[{"name":"wp","href":"https:\/\/api.w.org\/{rel}","templated":true}]}}