{"id":101551,"date":"2021-08-18T16:11:00","date_gmt":"2021-08-18T14:11:00","guid":{"rendered":"https:\/\/www.kalani-home.com\/shop\/emballage-cadeau-furoshiki-en-satin-de-coton\/"},"modified":"2026-04-24T13:46:39","modified_gmt":"2026-04-24T11:46:39","slug":"emballage-cadeau-furoshiki-en-satin-de-coton","status":"publish","type":"product","link":"https:\/\/www.kalani-home.com\/fr\/boutique\/emballage-cadeau-furoshiki-en-satin-de-coton\/","title":{"rendered":"Emballage cadeau Furoshiki en satin de coton"},"content":{"rendered":"<p><strong>Mati\u00e8re\u00a0:<\/strong> 100% Satin de coton tiss\u00e9 \u00e0 partir de fines et longues fibres de coton peign\u00e9, certifi\u00e9 biologique GOTS, Fairtrade et Vegan.<\/p>\n<p><strong>D\u00e9tails :<\/strong><\/p>\n<ul>\n<li>Taille : 100x100cm (id\u00e9al pour emballer des cadeaux de toutes dimenssion juste que maximum LxWxH )<\/li>\n<li>100% Coton certifi\u00e9 GOTS, tra\u00e7able, OGM interdits, teintures \u00e9cologiques, saines, respectueuses de l\u2019environnement et prot\u00e9geant la biodiversit\u00e9<\/li>\n<li>100% Coton certifi\u00e9 Fairtrade, respectant les communaut\u00e9s de fermiers<\/li>\n<li>Fabriqu\u00e9 \u00e9thiquement en Inde dans des usines \u00e9quitables, respectant les ouvriers<\/li>\n<li>Cr\u00e9\u00e9 avec passion, fait main avec amour pour la satisfaction des clients<\/li>\n<li>Satin de coton supr\u00eame, r\u00e9alis\u00e9 avec 300TC (118-120fils\/cm\u00b2) simple pli<\/li>\n<li>\u00e9clat lumineux subtil<\/li>\n<li>Devient de plus en plus doux \u00e0 l\u2019utilisation et au fur et \u00e0 mesure des lavages<\/li>\n<li>Pas besoin de repassage ou faible repassage<\/li>\n<\/ul>\n","protected":false},"excerpt":{"rendered":"<p>Originalit\u00e9 et douceur se rencontrent pour emballer vos plus beaux cadeaux de fa\u00e7on \u00e9cologique et \u00e9thique.<\/p>\n<p>Z\u00e9ro d\u00e9chet et r\u00e9utilisable \u00e0 l&rsquo;infini, le Furoshiki est une m\u00e9thode japonaise traditionnelle qui permet d\u2019emballer vos cadeaux et de profiter des f\u00eates, tout en gardant votre conscience \u00e9cologique intacte.<\/p>\n<p>Personnalisez-le \u00e0 souhait en y ajoutant une petite branche de sapin, d&rsquo;eucalyptus ou une jolie fleur s\u00e9ch\u00e9e et accompagnez-le d&rsquo;un petit mot doux et d&rsquo;un joli morceau de ficelle de r\u00e9cup.<\/p>\n<p>Et le tour est jou\u00e9 !<\/p>\n<p>Produit en 100% coton biologique &amp; certifi\u00e9 Fairtrade, \u00e9thique et \u00e9cologique.<\/p>\n","protected":false},"featured_media":104370,"comment_status":"open","ping_status":"closed","template":"","meta":{"_acf_changed":false},"product_brand":[],"product_cat":[3048,1412,1413,1411,3118,1409,1407,2637,1410],"product_tag":[],"class_list":{"0":"post-101551","1":"product","2":"type-product","3":"status-publish","4":"has-post-thumbnail","6":"product_cat-accessoires-fr","7":"product_cat-drap-housse","8":"product_cat-drap-housse-bebe","9":"product_cat-drap-plat","10":"product_cat-furoshiki-fr","11":"product_cat-housse-de-couette","12":"product_cat-linge-de-lit","13":"product_cat-linge-de-lit-parure","14":"product_cat-taie-doreiller","15":"pa_color-natural-fr","16":"pa_origin-inde","17":"pa_size-100-x-100-cm-fr","19":"first","20":"instock","21":"taxable","22":"shipping-taxable","23":"purchasable","24":"product-type-variable","25":"has-default-attributes"},"acf":[],"_links":{"self":[{"href":"https:\/\/www.kalani-home.com\/fr\/wp-json\/wp\/v2\/product\/101551","targetHints":{"allow":["GET"]}}],"collection":[{"href":"https:\/\/www.kalani-home.com\/fr\/wp-json\/wp\/v2\/product"}],"about":[{"href":"https:\/\/www.kalani-home.com\/fr\/wp-json\/wp\/v2\/types\/product"}],"replies":[{"embeddable":true,"href":"https:\/\/www.kalani-home.com\/fr\/wp-json\/wp\/v2\/comments?post=101551"}],"wp:featuredmedia":[{"embeddable":true,"href":"https:\/\/www.kalani-home.com\/fr\/wp-json\/wp\/v2\/media\/104370"}],"wp:attachment":[{"href":"https:\/\/www.kalani-home.com\/fr\/wp-json\/wp\/v2\/media?parent=101551"}],"wp:term":[{"taxonomy":"product_brand","embeddable":true,"href":"https:\/\/www.kalani-home.com\/fr\/wp-json\/wp\/v2\/product_brand?post=101551"},{"taxonomy":"product_cat","embeddable":true,"href":"https:\/\/www.kalani-home.com\/fr\/wp-json\/wp\/v2\/product_cat?post=101551"},{"taxonomy":"product_tag","embeddable":true,"href":"https:\/\/www.kalani-home.com\/fr\/wp-json\/wp\/v2\/product_tag?post=101551"}],"curies":[{"name":"wp","href":"https:\/\/api.w.org\/{rel}","templated":true}]}}