{"id":101485,"date":"2021-10-05T13:36:43","date_gmt":"2021-10-05T11:36:43","guid":{"rendered":"https:\/\/www.kalani-home.com\/?post_type=product&#038;p=101485"},"modified":"2026-04-02T16:19:21","modified_gmt":"2026-04-02T14:19:21","slug":"protege-matelas-en-coton","status":"publish","type":"product","link":"https:\/\/www.kalani-home.com\/fr\/boutique\/protege-matelas-en-coton\/","title":{"rendered":"Prot\u00e8ge matelas en coton"},"content":{"rendered":"<p><strong>Mati\u00e8re<\/strong> : 100%\u00a0<span lang=\"FR-BE\">Molleton en\u00a0<\/span>coton tiss\u00e9 \u00e0 partir de fines et longues fibres de coton peign\u00e9, certifi\u00e9 biologique\u00a0<span lang=\"FR-BE\">GOTS<\/span>, Fairtrade et Vegan<span lang=\"FR-BE\">.<\/span><\/p>\n<p><strong>D\u00e9tails :<\/strong><\/p>\n<ul>\n<li>Fini les taches sur le matelas avec ce prot\u00e8ge matelas ultra absorbant et respirant (non-imperm\u00e9able donc sans doublure synth\u00e9tique et sans appr\u00eat\u00a0en PVC\u00a0malsain)<\/li>\n<li>Finition exclusive avec \u00e9lastique tout autour pour une meilleure tenue sur les matelas<\/li>\n<li>Profondeur de 30cm ou 40cm convenant aux matelas \u00e9pais<\/li>\n<li>3 tailles de longueurs disponibles ; soit pour les matelas de 2m, soit pour les matelas plus longs jusqu\u2019\u00e0 2,1 et 2,2m<\/li>\n<li>Astuce dimensions : Pour votre prot\u00e8ge-matelas, optez pour la m\u00eame taille exacte de votre matelas.<!-- notionvc: ce85ee77-ae50-4d62-9fc9-9a9d47fc2efa --><\/li>\n<li>100% Coton certifi\u00e9 GOTS, tra\u00e7able, OGM interdits, teintures \u00e9cologiques, saines, respectueuses de l\u2019environnement et prot\u00e9geant la biodiversit\u00e9<\/li>\n<li>100% Coton certifi\u00e9 Fairtrade, respectant les communaut\u00e9s de fermiers<\/li>\n<li>Fabriqu\u00e9 \u00e9thiquement en Inde dans des usines \u00e9quitables, respectant les ouvriers<\/li>\n<li>Cr\u00e9\u00e9 avec passion, fait main avec amour pour la satisfaction des clients<\/li>\n<li>Molleton en coton supr\u00eame, haute densit\u00e9 (190 gr\/m2), respirant et bross\u00e9 pour le confort<\/li>\n<li>Pas besoin de repassage<\/li>\n<\/ul>\n","protected":false},"excerpt":{"rendered":"<p>Allongez la dur\u00e9e de vie de votre matelas, avec ce prot\u00e8ge-matelas 100% certifi\u00e9 bio GOTS, en molleton respirant, super doux, tr\u00e8s confortable et ultra absorbant. Il s\u2019adapte parfaitement \u00e0 votre matelas et vous assure des nuits agr\u00e9ables et a\u00e9r\u00e9es en toute tranquillit\u00e9.<\/p>\n<p>Produit en 100% coton biologique &amp; certifi\u00e9 Fairtrade, \u00e9thique et \u00e9cologique.<\/p>\n","protected":false},"featured_media":130395,"comment_status":"open","ping_status":"closed","template":"","meta":{"_acf_changed":false},"product_brand":[],"product_cat":[1407,3281,3136,3121,3287],"product_tag":[],"class_list":{"0":"post-101485","1":"product","2":"type-product","3":"status-publish","4":"has-post-thumbnail","6":"product_cat-linge-de-lit","7":"product_cat-literie","8":"product_cat-protection-fr","9":"product_cat-protege-matelas","10":"product_cat-surmatelas","11":"pa_color-snow-white-fr","12":"pa_genre-protege-matelas","13":"pa_material-molleton-de-coton","14":"pa_origin-inde","15":"pa_size-140-x-190-x-30-cm-fr","16":"pa_size-140-x-200-x-30-cm-fr","17":"pa_size-160-x-200-x-30-cm-fr","18":"pa_size-180-x-200-x-30-cm-fr","19":"pa_size-180-x-200-x-40-cm-fr","20":"pa_size-180-x-210-x-30-cm-fr","21":"pa_size-180-x-220-x-30-cm-fr","22":"pa_size-200-x-200-x-30-cm-fr","23":"pa_size-200-x-210-x-30-cm-fr","24":"pa_size-200-x-220-x-30-cm-fr","25":"pa_size-80-x-200-x-30-cm-fr","26":"pa_size-90-x-200-x-30-cm-fr","28":"first","29":"instock","30":"taxable","31":"shipping-taxable","32":"purchasable","33":"product-type-variable","34":"has-default-attributes"},"acf":[],"_links":{"self":[{"href":"https:\/\/www.kalani-home.com\/fr\/wp-json\/wp\/v2\/product\/101485","targetHints":{"allow":["GET"]}}],"collection":[{"href":"https:\/\/www.kalani-home.com\/fr\/wp-json\/wp\/v2\/product"}],"about":[{"href":"https:\/\/www.kalani-home.com\/fr\/wp-json\/wp\/v2\/types\/product"}],"replies":[{"embeddable":true,"href":"https:\/\/www.kalani-home.com\/fr\/wp-json\/wp\/v2\/comments?post=101485"}],"wp:featuredmedia":[{"embeddable":true,"href":"https:\/\/www.kalani-home.com\/fr\/wp-json\/wp\/v2\/media\/130395"}],"wp:attachment":[{"href":"https:\/\/www.kalani-home.com\/fr\/wp-json\/wp\/v2\/media?parent=101485"}],"wp:term":[{"taxonomy":"product_brand","embeddable":true,"href":"https:\/\/www.kalani-home.com\/fr\/wp-json\/wp\/v2\/product_brand?post=101485"},{"taxonomy":"product_cat","embeddable":true,"href":"https:\/\/www.kalani-home.com\/fr\/wp-json\/wp\/v2\/product_cat?post=101485"},{"taxonomy":"product_tag","embeddable":true,"href":"https:\/\/www.kalani-home.com\/fr\/wp-json\/wp\/v2\/product_tag?post=101485"}],"curies":[{"name":"wp","href":"https:\/\/api.w.org\/{rel}","templated":true}]}}